{"id":3866,"date":"2025-11-04T18:41:51","date_gmt":"2025-11-04T21:41:51","guid":{"rendered":"https:\/\/www.repam.net\/pt\/?page_id=3866"},"modified":"2025-11-05T18:05:27","modified_gmt":"2025-11-05T21:05:27","slug":"modulo-3-memoria-historica-e-cosmovisao","status":"publish","type":"page","link":"https:\/\/www.repam.net\/pt\/kukama-tikuna-maguta\/modulo-3-memoria-historica-e-cosmovisao\/","title":{"rendered":"M\u00f3dulo 3: Mem\u00f3ria hist\u00f3rica e cosmovis\u00e3o"},"content":{"rendered":"\n<p>A ancestralidade que caracteriza cada uma das popula\u00e7\u00f5es origin\u00e1rias da Pan-Amaz\u00f4nia \u00e9 algo que chama a aten\u00e7\u00e3o e se destaca aos olhos do planeta. O que muitos n\u00e3o sabem \u00e9 que cada uma das partes que comp\u00f5em a mem\u00f3ria hist\u00f3rica dos povos da nossa imensa floresta tem uma forte influ\u00eancia sobre os modelos de socializa\u00e7\u00e3o. Ao longo deste manual de capacita\u00e7\u00e3o, mencionamos os detalhes que relacionam a cosmovis\u00e3o ind\u00edgena com a harmonia e o respeito pelo territ\u00f3rio. Referimo-nos \u00e0 mem\u00f3ria e \u00e0 cosmovis\u00e3o que nossas comunidades preservam como mecanismos de prote\u00e7\u00e3o ambiental e garantias para a preserva\u00e7\u00e3o da vida.<\/p>\n\n\n\n<p>Mas qual \u00e9 a situa\u00e7\u00e3o atual da mem\u00f3ria hist\u00f3rica e da identidade cultural dentro dos povos e comunidades amaz\u00f4nicas? A cosmovis\u00e3o tem a mesma for\u00e7a entre os habitantes da Pan-Amaz\u00f4nia como h\u00e1 algumas d\u00e9cadas? Responder a essas perguntas nos coloca diante de um cen\u00e1rio pouco alentador: a apropria\u00e7\u00e3o de modelos de vida ocidentais dentro da Amaz\u00f4nia gerou um contexto de esquecimento do que \u00e9 pr\u00f3prio e de modifica\u00e7\u00e3o total das pr\u00e1ticas ancestrais. No entanto, n\u00e3o podemos deixar de reconhecer que existem casos em que a resist\u00eancia a novas pr\u00e1ticas tem permitido conservar o car\u00e1ter ancestral. O papel da comunica\u00e7\u00e3o, criada a partir das pr\u00f3prias comunidades amaz\u00f4nicas, deve estar voltado para a reivindica\u00e7\u00e3o da cosmovis\u00e3o e da identidade cultural dos povos que habitam nossa imensa floresta; assim, constru\u00edmos um caminho que nos leve a resgatar parte importante da ancestralidade e a desenvolver alternativas que nos permitam salvaguardar os meios de vida da Pan-Amaz\u00f4nia.<\/p>\n\n\n\n<figure class=\"wp-block-gallery has-nested-images columns-default is-cropped wp-block-gallery-1 is-layout-flex wp-block-gallery-is-layout-flex\">\n<figure class=\"wp-block-image size-large\"><img loading=\"lazy\" decoding=\"async\" width=\"1024\" height=\"682\" data-id=\"3837\" src=\"https:\/\/www.repam.net\/pt\/wp-content\/uploads\/2025\/10\/Territorio-8-1024x682.jpg\" alt=\"\" class=\"wp-image-3837\" srcset=\"https:\/\/www.repam.net\/pt\/wp-content\/uploads\/2025\/10\/Territorio-8-1024x682.jpg 1024w, https:\/\/www.repam.net\/pt\/wp-content\/uploads\/2025\/10\/Territorio-8-300x200.jpg 300w, https:\/\/www.repam.net\/pt\/wp-content\/uploads\/2025\/10\/Territorio-8-768x512.jpg 768w, https:\/\/www.repam.net\/pt\/wp-content\/uploads\/2025\/10\/Territorio-8.jpg 1280w\" sizes=\"auto, (max-width: 1024px) 100vw, 1024px\" \/><\/figure>\n\n\n\n<figure class=\"wp-block-image size-large\"><img loading=\"lazy\" decoding=\"async\" width=\"1024\" height=\"576\" data-id=\"3780\" src=\"https:\/\/www.repam.net\/pt\/wp-content\/uploads\/2025\/10\/Nazareth-edited-1024x576.jpg\" alt=\"\" class=\"wp-image-3780\" srcset=\"https:\/\/www.repam.net\/pt\/wp-content\/uploads\/2025\/10\/Nazareth-edited-1024x576.jpg 1024w, https:\/\/www.repam.net\/pt\/wp-content\/uploads\/2025\/10\/Nazareth-edited-300x169.jpg 300w, https:\/\/www.repam.net\/pt\/wp-content\/uploads\/2025\/10\/Nazareth-edited-768x432.jpg 768w, https:\/\/www.repam.net\/pt\/wp-content\/uploads\/2025\/10\/Nazareth-edited.jpg 1280w\" sizes=\"auto, (max-width: 1024px) 100vw, 1024px\" \/><\/figure>\n\n\n\n<figure class=\"wp-block-image size-large\"><img loading=\"lazy\" decoding=\"async\" width=\"960\" height=\"960\" data-id=\"3808\" src=\"https:\/\/www.repam.net\/pt\/wp-content\/uploads\/2025\/10\/Radio-Eware-8-edited.jpg\" alt=\"\" class=\"wp-image-3808\" srcset=\"https:\/\/www.repam.net\/pt\/wp-content\/uploads\/2025\/10\/Radio-Eware-8-edited.jpg 960w, https:\/\/www.repam.net\/pt\/wp-content\/uploads\/2025\/10\/Radio-Eware-8-edited-300x300.jpg 300w, https:\/\/www.repam.net\/pt\/wp-content\/uploads\/2025\/10\/Radio-Eware-8-edited-150x150.jpg 150w, https:\/\/www.repam.net\/pt\/wp-content\/uploads\/2025\/10\/Radio-Eware-8-edited-768x768.jpg 768w\" sizes=\"auto, (max-width: 960px) 100vw, 960px\" \/><\/figure>\n\n\n\n<figure class=\"wp-block-image size-large\"><img loading=\"lazy\" decoding=\"async\" width=\"1024\" height=\"682\" data-id=\"3792\" src=\"https:\/\/www.repam.net\/pt\/wp-content\/uploads\/2025\/10\/Radio-Ucamara-4-1024x682.jpg\" alt=\"\" class=\"wp-image-3792\" srcset=\"https:\/\/www.repam.net\/pt\/wp-content\/uploads\/2025\/10\/Radio-Ucamara-4-1024x682.jpg 1024w, https:\/\/www.repam.net\/pt\/wp-content\/uploads\/2025\/10\/Radio-Ucamara-4-300x200.jpg 300w, https:\/\/www.repam.net\/pt\/wp-content\/uploads\/2025\/10\/Radio-Ucamara-4-768x512.jpg 768w, https:\/\/www.repam.net\/pt\/wp-content\/uploads\/2025\/10\/Radio-Ucamara-4.jpg 1280w\" sizes=\"auto, (max-width: 1024px) 100vw, 1024px\" \/><\/figure>\n\n\n\n<figure class=\"wp-block-image size-large\"><img loading=\"lazy\" decoding=\"async\" width=\"1024\" height=\"682\" data-id=\"3841\" src=\"https:\/\/www.repam.net\/pt\/wp-content\/uploads\/2025\/10\/Territorio-12-1024x682.jpg\" alt=\"\" class=\"wp-image-3841\" srcset=\"https:\/\/www.repam.net\/pt\/wp-content\/uploads\/2025\/10\/Territorio-12-1024x682.jpg 1024w, https:\/\/www.repam.net\/pt\/wp-content\/uploads\/2025\/10\/Territorio-12-300x200.jpg 300w, https:\/\/www.repam.net\/pt\/wp-content\/uploads\/2025\/10\/Territorio-12-768x512.jpg 768w, https:\/\/www.repam.net\/pt\/wp-content\/uploads\/2025\/10\/Territorio-12.jpg 1280w\" sizes=\"auto, (max-width: 1024px) 100vw, 1024px\" \/><\/figure>\n\n\n\n<figure class=\"wp-block-image size-large\"><img loading=\"lazy\" decoding=\"async\" width=\"1024\" height=\"682\" data-id=\"3869\" src=\"https:\/\/www.repam.net\/pt\/wp-content\/uploads\/2025\/11\/Territorio-17-1024x682.jpg\" alt=\"\" class=\"wp-image-3869\" srcset=\"https:\/\/www.repam.net\/pt\/wp-content\/uploads\/2025\/11\/Territorio-17-1024x682.jpg 1024w, https:\/\/www.repam.net\/pt\/wp-content\/uploads\/2025\/11\/Territorio-17-300x200.jpg 300w, https:\/\/www.repam.net\/pt\/wp-content\/uploads\/2025\/11\/Territorio-17-768x512.jpg 768w, https:\/\/www.repam.net\/pt\/wp-content\/uploads\/2025\/11\/Territorio-17.jpg 1280w\" sizes=\"auto, (max-width: 1024px) 100vw, 1024px\" \/><\/figure>\n<\/figure>\n\n\n\n<figure class=\"wp-block-image size-full is-resized\"><a href=\"https:\/\/www.repam.net\/pt\/kukama-tikuna-maguta\/\"><img loading=\"lazy\" decoding=\"async\" width=\"500\" height=\"500\" src=\"https:\/\/www.repam.net\/pt\/wp-content\/uploads\/2025\/11\/pngwing.com_.png\" alt=\"\" class=\"wp-image-3954\" style=\"width:80px\" srcset=\"https:\/\/www.repam.net\/pt\/wp-content\/uploads\/2025\/11\/pngwing.com_.png 500w, https:\/\/www.repam.net\/pt\/wp-content\/uploads\/2025\/11\/pngwing.com_-300x300.png 300w, https:\/\/www.repam.net\/pt\/wp-content\/uploads\/2025\/11\/pngwing.com_-150x150.png 150w\" sizes=\"auto, (max-width: 500px) 100vw, 500px\" \/><\/a><\/figure>\n","protected":false},"excerpt":{"rendered":"<p>A ancestralidade que caracteriza cada uma das popula\u00e7\u00f5es origin\u00e1rias da Pan-Amaz\u00f4nia \u00e9 algo que chama a aten\u00e7\u00e3o e se destaca aos olhos do planeta. O que muitos n\u00e3o sabem \u00e9 que cada uma das partes que comp\u00f5em a mem\u00f3ria hist\u00f3rica dos povos da nossa imensa floresta tem uma forte influ\u00eancia sobre os modelos de socializa\u00e7\u00e3o. [&hellip;]<\/p>\n","protected":false},"author":1,"featured_media":0,"parent":3658,"menu_order":0,"comment_status":"closed","ping_status":"closed","template":"page-multipla.php","meta":{"_acf_changed":false,"_uf_show_specific_survey":0,"_uf_disable_surveys":false,"footnotes":""},"class_list":["post-3866","page","type-page","status-publish","hentry"],"acf":[],"aioseo_notices":[],"yoast_head":"<!-- This site is optimized with the Yoast SEO plugin v24.2 - https:\/\/yoast.com\/wordpress\/plugins\/seo\/ -->\n<title>M\u00f3dulo 3: Mem\u00f3ria hist\u00f3rica e cosmovis\u00e3o - Repam<\/title>\n<meta name=\"robots\" content=\"index, follow, max-snippet:-1, max-image-preview:large, max-video-preview:-1\" \/>\n<link rel=\"canonical\" href=\"https:\/\/www.repam.net\/pt\/kukama-tikuna-maguta\/modulo-3-memoria-historica-e-cosmovisao\/\" \/>\n<meta property=\"og:locale\" content=\"pt_BR\" \/>\n<meta property=\"og:type\" content=\"article\" \/>\n<meta property=\"og:title\" content=\"M\u00f3dulo 3: Mem\u00f3ria hist\u00f3rica e cosmovis\u00e3o - Repam\" \/>\n<meta property=\"og:description\" content=\"A ancestralidade que caracteriza cada uma das popula\u00e7\u00f5es origin\u00e1rias da Pan-Amaz\u00f4nia \u00e9 algo que chama a aten\u00e7\u00e3o e se destaca aos olhos do planeta. O que muitos n\u00e3o sabem \u00e9 que cada uma das partes que comp\u00f5em a mem\u00f3ria hist\u00f3rica dos povos da nossa imensa floresta tem uma forte influ\u00eancia sobre os modelos de socializa\u00e7\u00e3o. [&hellip;]\" \/>\n<meta property=\"og:url\" content=\"https:\/\/www.repam.net\/pt\/kukama-tikuna-maguta\/modulo-3-memoria-historica-e-cosmovisao\/\" \/>\n<meta property=\"og:site_name\" content=\"Repam\" \/>\n<meta property=\"article:modified_time\" content=\"2025-11-05T21:05:27+00:00\" \/>\n<meta property=\"og:image\" content=\"https:\/\/www.repam.net\/pt\/wp-content\/uploads\/2025\/10\/Territorio-8.jpg\" \/>\n\t<meta property=\"og:image:width\" content=\"1280\" \/>\n\t<meta property=\"og:image:height\" content=\"853\" \/>\n\t<meta property=\"og:image:type\" content=\"image\/jpeg\" \/>\n<meta name=\"twitter:card\" content=\"summary_large_image\" \/>\n<meta name=\"twitter:label1\" content=\"Est. tempo de leitura\" \/>\n\t<meta name=\"twitter:data1\" content=\"3 minutos\" \/>\n<script type=\"application\/ld+json\" class=\"yoast-schema-graph\">{\"@context\":\"https:\/\/schema.org\",\"@graph\":[{\"@type\":\"WebPage\",\"@id\":\"https:\/\/www.repam.net\/pt\/kukama-tikuna-maguta\/modulo-3-memoria-historica-e-cosmovisao\/\",\"url\":\"https:\/\/www.repam.net\/pt\/kukama-tikuna-maguta\/modulo-3-memoria-historica-e-cosmovisao\/\",\"name\":\"M\u00f3dulo 3: Mem\u00f3ria hist\u00f3rica e cosmovis\u00e3o - Repam\",\"isPartOf\":{\"@id\":\"https:\/\/www.repam.net\/pt\/#website\"},\"primaryImageOfPage\":{\"@id\":\"https:\/\/www.repam.net\/pt\/kukama-tikuna-maguta\/modulo-3-memoria-historica-e-cosmovisao\/#primaryimage\"},\"image\":{\"@id\":\"https:\/\/www.repam.net\/pt\/kukama-tikuna-maguta\/modulo-3-memoria-historica-e-cosmovisao\/#primaryimage\"},\"thumbnailUrl\":\"https:\/\/www.repam.net\/pt\/wp-content\/uploads\/2025\/10\/Territorio-8-1024x682.jpg\",\"datePublished\":\"2025-11-04T21:41:51+00:00\",\"dateModified\":\"2025-11-05T21:05:27+00:00\",\"breadcrumb\":{\"@id\":\"https:\/\/www.repam.net\/pt\/kukama-tikuna-maguta\/modulo-3-memoria-historica-e-cosmovisao\/#breadcrumb\"},\"inLanguage\":\"pt-BR\",\"potentialAction\":[{\"@type\":\"ReadAction\",\"target\":[\"https:\/\/www.repam.net\/pt\/kukama-tikuna-maguta\/modulo-3-memoria-historica-e-cosmovisao\/\"]}]},{\"@type\":\"ImageObject\",\"inLanguage\":\"pt-BR\",\"@id\":\"https:\/\/www.repam.net\/pt\/kukama-tikuna-maguta\/modulo-3-memoria-historica-e-cosmovisao\/#primaryimage\",\"url\":\"https:\/\/www.repam.net\/pt\/wp-content\/uploads\/2025\/10\/Territorio-8.jpg\",\"contentUrl\":\"https:\/\/www.repam.net\/pt\/wp-content\/uploads\/2025\/10\/Territorio-8.jpg\",\"width\":1280,\"height\":853},{\"@type\":\"BreadcrumbList\",\"@id\":\"https:\/\/www.repam.net\/pt\/kukama-tikuna-maguta\/modulo-3-memoria-historica-e-cosmovisao\/#breadcrumb\",\"itemListElement\":[{\"@type\":\"ListItem\",\"position\":1,\"name\":\"In\u00edcio\",\"item\":\"https:\/\/www.repam.net\/pt\/\"},{\"@type\":\"ListItem\",\"position\":2,\"name\":\"Kukama-Tikuna-Mag\u00fcta\",\"item\":\"https:\/\/www.repam.net\/pt\/kukama-tikuna-maguta\/\"},{\"@type\":\"ListItem\",\"position\":3,\"name\":\"M\u00f3dulo 3: Mem\u00f3ria hist\u00f3rica e cosmovis\u00e3o\"}]},{\"@type\":\"WebSite\",\"@id\":\"https:\/\/www.repam.net\/pt\/#website\",\"url\":\"https:\/\/www.repam.net\/pt\/\",\"name\":\"Repam\",\"description\":\"Rede Eclesial Pan-amaz\u00f4nica\",\"publisher\":{\"@id\":\"https:\/\/www.repam.net\/pt\/#organization\"},\"potentialAction\":[{\"@type\":\"SearchAction\",\"target\":{\"@type\":\"EntryPoint\",\"urlTemplate\":\"https:\/\/www.repam.net\/pt\/?s={search_term_string}\"},\"query-input\":{\"@type\":\"PropertyValueSpecification\",\"valueRequired\":true,\"valueName\":\"search_term_string\"}}],\"inLanguage\":\"pt-BR\"},{\"@type\":\"Organization\",\"@id\":\"https:\/\/www.repam.net\/pt\/#organization\",\"name\":\"Repam\",\"url\":\"https:\/\/www.repam.net\/pt\/\",\"logo\":{\"@type\":\"ImageObject\",\"inLanguage\":\"pt-BR\",\"@id\":\"https:\/\/www.repam.net\/pt\/#\/schema\/logo\/image\/\",\"url\":\"https:\/\/www.repam.net\/pt\/wp-content\/uploads\/2022\/02\/15.-REPAM-BRASIL.jpg\",\"contentUrl\":\"https:\/\/www.repam.net\/pt\/wp-content\/uploads\/2022\/02\/15.-REPAM-BRASIL.jpg\",\"width\":231,\"height\":230,\"caption\":\"Repam\"},\"image\":{\"@id\":\"https:\/\/www.repam.net\/pt\/#\/schema\/logo\/image\/\"}}]}<\/script>\n<!-- \/ Yoast SEO plugin. -->","yoast_head_json":{"title":"M\u00f3dulo 3: Mem\u00f3ria hist\u00f3rica e cosmovis\u00e3o - Repam","robots":{"index":"index","follow":"follow","max-snippet":"max-snippet:-1","max-image-preview":"max-image-preview:large","max-video-preview":"max-video-preview:-1"},"canonical":"https:\/\/www.repam.net\/pt\/kukama-tikuna-maguta\/modulo-3-memoria-historica-e-cosmovisao\/","og_locale":"pt_BR","og_type":"article","og_title":"M\u00f3dulo 3: Mem\u00f3ria hist\u00f3rica e cosmovis\u00e3o - Repam","og_description":"A ancestralidade que caracteriza cada uma das popula\u00e7\u00f5es origin\u00e1rias da Pan-Amaz\u00f4nia \u00e9 algo que chama a aten\u00e7\u00e3o e se destaca aos olhos do planeta. O que muitos n\u00e3o sabem \u00e9 que cada uma das partes que comp\u00f5em a mem\u00f3ria hist\u00f3rica dos povos da nossa imensa floresta tem uma forte influ\u00eancia sobre os modelos de socializa\u00e7\u00e3o. [&hellip;]","og_url":"https:\/\/www.repam.net\/pt\/kukama-tikuna-maguta\/modulo-3-memoria-historica-e-cosmovisao\/","og_site_name":"Repam","article_modified_time":"2025-11-05T21:05:27+00:00","og_image":[{"width":1280,"height":853,"url":"https:\/\/www.repam.net\/pt\/wp-content\/uploads\/2025\/10\/Territorio-8.jpg","type":"image\/jpeg"}],"twitter_card":"summary_large_image","twitter_misc":{"Est. tempo de leitura":"3 minutos"},"schema":{"@context":"https:\/\/schema.org","@graph":[{"@type":"WebPage","@id":"https:\/\/www.repam.net\/pt\/kukama-tikuna-maguta\/modulo-3-memoria-historica-e-cosmovisao\/","url":"https:\/\/www.repam.net\/pt\/kukama-tikuna-maguta\/modulo-3-memoria-historica-e-cosmovisao\/","name":"M\u00f3dulo 3: Mem\u00f3ria hist\u00f3rica e cosmovis\u00e3o - Repam","isPartOf":{"@id":"https:\/\/www.repam.net\/pt\/#website"},"primaryImageOfPage":{"@id":"https:\/\/www.repam.net\/pt\/kukama-tikuna-maguta\/modulo-3-memoria-historica-e-cosmovisao\/#primaryimage"},"image":{"@id":"https:\/\/www.repam.net\/pt\/kukama-tikuna-maguta\/modulo-3-memoria-historica-e-cosmovisao\/#primaryimage"},"thumbnailUrl":"https:\/\/www.repam.net\/pt\/wp-content\/uploads\/2025\/10\/Territorio-8-1024x682.jpg","datePublished":"2025-11-04T21:41:51+00:00","dateModified":"2025-11-05T21:05:27+00:00","breadcrumb":{"@id":"https:\/\/www.repam.net\/pt\/kukama-tikuna-maguta\/modulo-3-memoria-historica-e-cosmovisao\/#breadcrumb"},"inLanguage":"pt-BR","potentialAction":[{"@type":"ReadAction","target":["https:\/\/www.repam.net\/pt\/kukama-tikuna-maguta\/modulo-3-memoria-historica-e-cosmovisao\/"]}]},{"@type":"ImageObject","inLanguage":"pt-BR","@id":"https:\/\/www.repam.net\/pt\/kukama-tikuna-maguta\/modulo-3-memoria-historica-e-cosmovisao\/#primaryimage","url":"https:\/\/www.repam.net\/pt\/wp-content\/uploads\/2025\/10\/Territorio-8.jpg","contentUrl":"https:\/\/www.repam.net\/pt\/wp-content\/uploads\/2025\/10\/Territorio-8.jpg","width":1280,"height":853},{"@type":"BreadcrumbList","@id":"https:\/\/www.repam.net\/pt\/kukama-tikuna-maguta\/modulo-3-memoria-historica-e-cosmovisao\/#breadcrumb","itemListElement":[{"@type":"ListItem","position":1,"name":"In\u00edcio","item":"https:\/\/www.repam.net\/pt\/"},{"@type":"ListItem","position":2,"name":"Kukama-Tikuna-Mag\u00fcta","item":"https:\/\/www.repam.net\/pt\/kukama-tikuna-maguta\/"},{"@type":"ListItem","position":3,"name":"M\u00f3dulo 3: Mem\u00f3ria hist\u00f3rica e cosmovis\u00e3o"}]},{"@type":"WebSite","@id":"https:\/\/www.repam.net\/pt\/#website","url":"https:\/\/www.repam.net\/pt\/","name":"Repam","description":"Rede Eclesial Pan-amaz\u00f4nica","publisher":{"@id":"https:\/\/www.repam.net\/pt\/#organization"},"potentialAction":[{"@type":"SearchAction","target":{"@type":"EntryPoint","urlTemplate":"https:\/\/www.repam.net\/pt\/?s={search_term_string}"},"query-input":{"@type":"PropertyValueSpecification","valueRequired":true,"valueName":"search_term_string"}}],"inLanguage":"pt-BR"},{"@type":"Organization","@id":"https:\/\/www.repam.net\/pt\/#organization","name":"Repam","url":"https:\/\/www.repam.net\/pt\/","logo":{"@type":"ImageObject","inLanguage":"pt-BR","@id":"https:\/\/www.repam.net\/pt\/#\/schema\/logo\/image\/","url":"https:\/\/www.repam.net\/pt\/wp-content\/uploads\/2022\/02\/15.-REPAM-BRASIL.jpg","contentUrl":"https:\/\/www.repam.net\/pt\/wp-content\/uploads\/2022\/02\/15.-REPAM-BRASIL.jpg","width":231,"height":230,"caption":"Repam"},"image":{"@id":"https:\/\/www.repam.net\/pt\/#\/schema\/logo\/image\/"}}]}},"_links":{"self":[{"href":"https:\/\/www.repam.net\/pt\/wp-json\/wp\/v2\/pages\/3866","targetHints":{"allow":["GET"]}}],"collection":[{"href":"https:\/\/www.repam.net\/pt\/wp-json\/wp\/v2\/pages"}],"about":[{"href":"https:\/\/www.repam.net\/pt\/wp-json\/wp\/v2\/types\/page"}],"author":[{"embeddable":true,"href":"https:\/\/www.repam.net\/pt\/wp-json\/wp\/v2\/users\/1"}],"replies":[{"embeddable":true,"href":"https:\/\/www.repam.net\/pt\/wp-json\/wp\/v2\/comments?post=3866"}],"version-history":[{"count":3,"href":"https:\/\/www.repam.net\/pt\/wp-json\/wp\/v2\/pages\/3866\/revisions"}],"predecessor-version":[{"id":3959,"href":"https:\/\/www.repam.net\/pt\/wp-json\/wp\/v2\/pages\/3866\/revisions\/3959"}],"up":[{"embeddable":true,"href":"https:\/\/www.repam.net\/pt\/wp-json\/wp\/v2\/pages\/3658"}],"wp:attachment":[{"href":"https:\/\/www.repam.net\/pt\/wp-json\/wp\/v2\/media?parent=3866"}],"curies":[{"name":"wp","href":"https:\/\/api.w.org\/{rel}","templated":true}]}}