{"id":3871,"date":"2025-11-04T18:52:45","date_gmt":"2025-11-04T21:52:45","guid":{"rendered":"https:\/\/www.repam.net\/pt\/?page_id=3871"},"modified":"2025-11-05T18:06:28","modified_gmt":"2025-11-05T21:06:28","slug":"modulo-4-comunicacao-digital-e-uso-de-plataformas","status":"publish","type":"page","link":"https:\/\/www.repam.net\/pt\/kukama-tikuna-maguta\/modulo-4-comunicacao-digital-e-uso-de-plataformas\/","title":{"rendered":"M\u00f3dulo 4: Comunica\u00e7\u00e3o digital e uso de plataformas"},"content":{"rendered":"\n<p>A chamada globaliza\u00e7\u00e3o do mundo nos deixou uma s\u00e9rie de conhecimentos sobre a realidade que vivemos em nosso tempo. Falamos de um mundo globalizado na medida em que existe uma conex\u00e3o em diversos cen\u00e1rios. Por exemplo, se nos referirmos ao tema da comunica\u00e7\u00e3o, podemos perceber que existe uma constante rede global que permite \u00e0s pessoas estabelecer um di\u00e1logo independentemente das dist\u00e2ncias. Os avan\u00e7os na telefonia, o desenvolvimento tecnol\u00f3gico di\u00e1rio, as melhorias em servi\u00e7os como a internet e o chamado boom das redes digitais influenciam hoje o dia a dia da humanidade.<\/p>\n\n\n\n<p>Para muitos, esse cen\u00e1rio gera diversos inconvenientes para o desenvolvimento social e cultural da humanidade. \u00c9 certo que grande parte das experi\u00eancias realizadas no contexto da globaliza\u00e7\u00e3o e do auge das redes digitais n\u00e3o promovem um desenvolvimento generalizado nem uma constru\u00e7\u00e3o positiva da sociedade; no entanto, as ferramentas que um mundo globalizado nos oferece podem muito bem servir para ressaltar o valor de nossas comunidades, construir processos de reivindica\u00e7\u00e3o do territ\u00f3rio e promover alternativas para os problemas que nele se apresentam.<\/p>\n\n\n\n<figure class=\"wp-block-gallery has-nested-images columns-default is-cropped wp-block-gallery-1 is-layout-flex wp-block-gallery-is-layout-flex\">\n<figure class=\"wp-block-image size-large\"><img loading=\"lazy\" decoding=\"async\" width=\"1024\" height=\"682\" data-id=\"3830\" src=\"https:\/\/www.repam.net\/pt\/wp-content\/uploads\/2025\/10\/Territorio-1-1024x682.jpg\" alt=\"\" class=\"wp-image-3830\" srcset=\"https:\/\/www.repam.net\/pt\/wp-content\/uploads\/2025\/10\/Territorio-1-1024x682.jpg 1024w, https:\/\/www.repam.net\/pt\/wp-content\/uploads\/2025\/10\/Territorio-1-300x200.jpg 300w, https:\/\/www.repam.net\/pt\/wp-content\/uploads\/2025\/10\/Territorio-1-768x512.jpg 768w, https:\/\/www.repam.net\/pt\/wp-content\/uploads\/2025\/10\/Territorio-1.jpg 1280w\" sizes=\"auto, (max-width: 1024px) 100vw, 1024px\" \/><\/figure>\n\n\n\n<figure class=\"wp-block-image size-large\"><img loading=\"lazy\" decoding=\"async\" width=\"1024\" height=\"682\" data-id=\"3790\" src=\"https:\/\/www.repam.net\/pt\/wp-content\/uploads\/2025\/10\/Radio-Ucamara-3-1024x682.jpg\" alt=\"\" class=\"wp-image-3790\" srcset=\"https:\/\/www.repam.net\/pt\/wp-content\/uploads\/2025\/10\/Radio-Ucamara-3-1024x682.jpg 1024w, https:\/\/www.repam.net\/pt\/wp-content\/uploads\/2025\/10\/Radio-Ucamara-3-300x200.jpg 300w, https:\/\/www.repam.net\/pt\/wp-content\/uploads\/2025\/10\/Radio-Ucamara-3-768x512.jpg 768w, https:\/\/www.repam.net\/pt\/wp-content\/uploads\/2025\/10\/Radio-Ucamara-3.jpg 1280w\" sizes=\"auto, (max-width: 1024px) 100vw, 1024px\" \/><\/figure>\n\n\n\n<figure class=\"wp-block-image size-large\"><img loading=\"lazy\" decoding=\"async\" width=\"1024\" height=\"682\" data-id=\"3798\" src=\"https:\/\/www.repam.net\/pt\/wp-content\/uploads\/2025\/10\/Radio-Eware-1-1024x682.jpg\" alt=\"\" class=\"wp-image-3798\" srcset=\"https:\/\/www.repam.net\/pt\/wp-content\/uploads\/2025\/10\/Radio-Eware-1-1024x682.jpg 1024w, https:\/\/www.repam.net\/pt\/wp-content\/uploads\/2025\/10\/Radio-Eware-1-300x200.jpg 300w, https:\/\/www.repam.net\/pt\/wp-content\/uploads\/2025\/10\/Radio-Eware-1-768x512.jpg 768w, https:\/\/www.repam.net\/pt\/wp-content\/uploads\/2025\/10\/Radio-Eware-1.jpg 1280w\" sizes=\"auto, (max-width: 1024px) 100vw, 1024px\" \/><\/figure>\n\n\n\n<figure class=\"wp-block-image size-large\"><img loading=\"lazy\" decoding=\"async\" width=\"1024\" height=\"770\" data-id=\"3801\" src=\"https:\/\/www.repam.net\/pt\/wp-content\/uploads\/2025\/10\/Radio-Eware-6-1024x770.jpg\" alt=\"\" class=\"wp-image-3801\" srcset=\"https:\/\/www.repam.net\/pt\/wp-content\/uploads\/2025\/10\/Radio-Eware-6-1024x770.jpg 1024w, https:\/\/www.repam.net\/pt\/wp-content\/uploads\/2025\/10\/Radio-Eware-6-300x226.jpg 300w, https:\/\/www.repam.net\/pt\/wp-content\/uploads\/2025\/10\/Radio-Eware-6-768x578.jpg 768w, https:\/\/www.repam.net\/pt\/wp-content\/uploads\/2025\/10\/Radio-Eware-6.jpg 1280w\" sizes=\"auto, (max-width: 1024px) 100vw, 1024px\" \/><\/figure>\n\n\n\n<figure class=\"wp-block-image size-large\"><img loading=\"lazy\" decoding=\"async\" width=\"1024\" height=\"576\" data-id=\"3784\" src=\"https:\/\/www.repam.net\/pt\/wp-content\/uploads\/2025\/10\/Sapotal-edited-1024x576.jpg\" alt=\"\" class=\"wp-image-3784\" srcset=\"https:\/\/www.repam.net\/pt\/wp-content\/uploads\/2025\/10\/Sapotal-edited-1024x576.jpg 1024w, https:\/\/www.repam.net\/pt\/wp-content\/uploads\/2025\/10\/Sapotal-edited-300x169.jpg 300w, https:\/\/www.repam.net\/pt\/wp-content\/uploads\/2025\/10\/Sapotal-edited-768x432.jpg 768w, https:\/\/www.repam.net\/pt\/wp-content\/uploads\/2025\/10\/Sapotal-edited.jpg 1280w\" sizes=\"auto, (max-width: 1024px) 100vw, 1024px\" \/><\/figure>\n\n\n\n<figure class=\"wp-block-image size-large\"><img loading=\"lazy\" decoding=\"async\" width=\"1024\" height=\"682\" data-id=\"3777\" src=\"https:\/\/www.repam.net\/pt\/wp-content\/uploads\/2025\/10\/Nauta-1024x682.jpg\" alt=\"\" class=\"wp-image-3777\" srcset=\"https:\/\/www.repam.net\/pt\/wp-content\/uploads\/2025\/10\/Nauta-1024x682.jpg 1024w, https:\/\/www.repam.net\/pt\/wp-content\/uploads\/2025\/10\/Nauta-300x200.jpg 300w, https:\/\/www.repam.net\/pt\/wp-content\/uploads\/2025\/10\/Nauta-768x512.jpg 768w, https:\/\/www.repam.net\/pt\/wp-content\/uploads\/2025\/10\/Nauta.jpg 1280w\" sizes=\"auto, (max-width: 1024px) 100vw, 1024px\" \/><\/figure>\n<\/figure>\n\n\n\n<figure class=\"wp-block-image size-full is-resized\"><a href=\"https:\/\/www.repam.net\/pt\/kukama-tikuna-maguta\/\"><img loading=\"lazy\" decoding=\"async\" width=\"500\" height=\"500\" src=\"https:\/\/www.repam.net\/pt\/wp-content\/uploads\/2025\/11\/pngwing.com_.png\" alt=\"\" class=\"wp-image-3954\" style=\"width:80px\" srcset=\"https:\/\/www.repam.net\/pt\/wp-content\/uploads\/2025\/11\/pngwing.com_.png 500w, https:\/\/www.repam.net\/pt\/wp-content\/uploads\/2025\/11\/pngwing.com_-300x300.png 300w, https:\/\/www.repam.net\/pt\/wp-content\/uploads\/2025\/11\/pngwing.com_-150x150.png 150w\" sizes=\"auto, (max-width: 500px) 100vw, 500px\" \/><\/a><\/figure>\n","protected":false},"excerpt":{"rendered":"<p>A chamada globaliza\u00e7\u00e3o do mundo nos deixou uma s\u00e9rie de conhecimentos sobre a realidade que vivemos em nosso tempo. Falamos de um mundo globalizado na medida em que existe uma conex\u00e3o em diversos cen\u00e1rios. Por exemplo, se nos referirmos ao tema da comunica\u00e7\u00e3o, podemos perceber que existe uma constante rede global que permite \u00e0s pessoas [&hellip;]<\/p>\n","protected":false},"author":1,"featured_media":0,"parent":3658,"menu_order":0,"comment_status":"closed","ping_status":"closed","template":"page-multipla.php","meta":{"_acf_changed":false,"_uf_show_specific_survey":0,"_uf_disable_surveys":false,"footnotes":""},"class_list":["post-3871","page","type-page","status-publish","hentry"],"acf":[],"aioseo_notices":[],"yoast_head":"<!-- This site is optimized with the Yoast SEO plugin v24.2 - https:\/\/yoast.com\/wordpress\/plugins\/seo\/ -->\n<title>M\u00f3dulo 4: Comunica\u00e7\u00e3o digital e uso de plataformas - Repam<\/title>\n<meta name=\"robots\" content=\"index, follow, max-snippet:-1, max-image-preview:large, max-video-preview:-1\" \/>\n<link rel=\"canonical\" href=\"https:\/\/www.repam.net\/pt\/kukama-tikuna-maguta\/modulo-4-comunicacao-digital-e-uso-de-plataformas\/\" \/>\n<meta property=\"og:locale\" content=\"pt_BR\" \/>\n<meta property=\"og:type\" content=\"article\" \/>\n<meta property=\"og:title\" content=\"M\u00f3dulo 4: Comunica\u00e7\u00e3o digital e uso de plataformas - Repam\" \/>\n<meta property=\"og:description\" content=\"A chamada globaliza\u00e7\u00e3o do mundo nos deixou uma s\u00e9rie de conhecimentos sobre a realidade que vivemos em nosso tempo. Falamos de um mundo globalizado na medida em que existe uma conex\u00e3o em diversos cen\u00e1rios. Por exemplo, se nos referirmos ao tema da comunica\u00e7\u00e3o, podemos perceber que existe uma constante rede global que permite \u00e0s pessoas [&hellip;]\" \/>\n<meta property=\"og:url\" content=\"https:\/\/www.repam.net\/pt\/kukama-tikuna-maguta\/modulo-4-comunicacao-digital-e-uso-de-plataformas\/\" \/>\n<meta property=\"og:site_name\" content=\"Repam\" \/>\n<meta property=\"article:modified_time\" content=\"2025-11-05T21:06:28+00:00\" \/>\n<meta property=\"og:image\" content=\"https:\/\/www.repam.net\/pt\/wp-content\/uploads\/2025\/10\/Territorio-1.jpg\" \/>\n\t<meta property=\"og:image:width\" content=\"1280\" \/>\n\t<meta property=\"og:image:height\" content=\"853\" \/>\n\t<meta property=\"og:image:type\" content=\"image\/jpeg\" \/>\n<meta name=\"twitter:card\" content=\"summary_large_image\" \/>\n<meta name=\"twitter:label1\" content=\"Est. tempo de leitura\" \/>\n\t<meta name=\"twitter:data1\" content=\"3 minutos\" \/>\n<script type=\"application\/ld+json\" class=\"yoast-schema-graph\">{\"@context\":\"https:\/\/schema.org\",\"@graph\":[{\"@type\":\"WebPage\",\"@id\":\"https:\/\/www.repam.net\/pt\/kukama-tikuna-maguta\/modulo-4-comunicacao-digital-e-uso-de-plataformas\/\",\"url\":\"https:\/\/www.repam.net\/pt\/kukama-tikuna-maguta\/modulo-4-comunicacao-digital-e-uso-de-plataformas\/\",\"name\":\"M\u00f3dulo 4: Comunica\u00e7\u00e3o digital e uso de plataformas - Repam\",\"isPartOf\":{\"@id\":\"https:\/\/www.repam.net\/pt\/#website\"},\"primaryImageOfPage\":{\"@id\":\"https:\/\/www.repam.net\/pt\/kukama-tikuna-maguta\/modulo-4-comunicacao-digital-e-uso-de-plataformas\/#primaryimage\"},\"image\":{\"@id\":\"https:\/\/www.repam.net\/pt\/kukama-tikuna-maguta\/modulo-4-comunicacao-digital-e-uso-de-plataformas\/#primaryimage\"},\"thumbnailUrl\":\"https:\/\/www.repam.net\/pt\/wp-content\/uploads\/2025\/10\/Territorio-1-1024x682.jpg\",\"datePublished\":\"2025-11-04T21:52:45+00:00\",\"dateModified\":\"2025-11-05T21:06:28+00:00\",\"breadcrumb\":{\"@id\":\"https:\/\/www.repam.net\/pt\/kukama-tikuna-maguta\/modulo-4-comunicacao-digital-e-uso-de-plataformas\/#breadcrumb\"},\"inLanguage\":\"pt-BR\",\"potentialAction\":[{\"@type\":\"ReadAction\",\"target\":[\"https:\/\/www.repam.net\/pt\/kukama-tikuna-maguta\/modulo-4-comunicacao-digital-e-uso-de-plataformas\/\"]}]},{\"@type\":\"ImageObject\",\"inLanguage\":\"pt-BR\",\"@id\":\"https:\/\/www.repam.net\/pt\/kukama-tikuna-maguta\/modulo-4-comunicacao-digital-e-uso-de-plataformas\/#primaryimage\",\"url\":\"https:\/\/www.repam.net\/pt\/wp-content\/uploads\/2025\/10\/Territorio-1.jpg\",\"contentUrl\":\"https:\/\/www.repam.net\/pt\/wp-content\/uploads\/2025\/10\/Territorio-1.jpg\",\"width\":1280,\"height\":853},{\"@type\":\"BreadcrumbList\",\"@id\":\"https:\/\/www.repam.net\/pt\/kukama-tikuna-maguta\/modulo-4-comunicacao-digital-e-uso-de-plataformas\/#breadcrumb\",\"itemListElement\":[{\"@type\":\"ListItem\",\"position\":1,\"name\":\"In\u00edcio\",\"item\":\"https:\/\/www.repam.net\/pt\/\"},{\"@type\":\"ListItem\",\"position\":2,\"name\":\"Kukama-Tikuna-Mag\u00fcta\",\"item\":\"https:\/\/www.repam.net\/pt\/kukama-tikuna-maguta\/\"},{\"@type\":\"ListItem\",\"position\":3,\"name\":\"M\u00f3dulo 4: Comunica\u00e7\u00e3o digital e uso de plataformas\"}]},{\"@type\":\"WebSite\",\"@id\":\"https:\/\/www.repam.net\/pt\/#website\",\"url\":\"https:\/\/www.repam.net\/pt\/\",\"name\":\"Repam\",\"description\":\"Rede Eclesial Pan-amaz\u00f4nica\",\"publisher\":{\"@id\":\"https:\/\/www.repam.net\/pt\/#organization\"},\"potentialAction\":[{\"@type\":\"SearchAction\",\"target\":{\"@type\":\"EntryPoint\",\"urlTemplate\":\"https:\/\/www.repam.net\/pt\/?s={search_term_string}\"},\"query-input\":{\"@type\":\"PropertyValueSpecification\",\"valueRequired\":true,\"valueName\":\"search_term_string\"}}],\"inLanguage\":\"pt-BR\"},{\"@type\":\"Organization\",\"@id\":\"https:\/\/www.repam.net\/pt\/#organization\",\"name\":\"Repam\",\"url\":\"https:\/\/www.repam.net\/pt\/\",\"logo\":{\"@type\":\"ImageObject\",\"inLanguage\":\"pt-BR\",\"@id\":\"https:\/\/www.repam.net\/pt\/#\/schema\/logo\/image\/\",\"url\":\"https:\/\/www.repam.net\/pt\/wp-content\/uploads\/2022\/02\/15.-REPAM-BRASIL.jpg\",\"contentUrl\":\"https:\/\/www.repam.net\/pt\/wp-content\/uploads\/2022\/02\/15.-REPAM-BRASIL.jpg\",\"width\":231,\"height\":230,\"caption\":\"Repam\"},\"image\":{\"@id\":\"https:\/\/www.repam.net\/pt\/#\/schema\/logo\/image\/\"}}]}<\/script>\n<!-- \/ Yoast SEO plugin. -->","yoast_head_json":{"title":"M\u00f3dulo 4: Comunica\u00e7\u00e3o digital e uso de plataformas - Repam","robots":{"index":"index","follow":"follow","max-snippet":"max-snippet:-1","max-image-preview":"max-image-preview:large","max-video-preview":"max-video-preview:-1"},"canonical":"https:\/\/www.repam.net\/pt\/kukama-tikuna-maguta\/modulo-4-comunicacao-digital-e-uso-de-plataformas\/","og_locale":"pt_BR","og_type":"article","og_title":"M\u00f3dulo 4: Comunica\u00e7\u00e3o digital e uso de plataformas - Repam","og_description":"A chamada globaliza\u00e7\u00e3o do mundo nos deixou uma s\u00e9rie de conhecimentos sobre a realidade que vivemos em nosso tempo. Falamos de um mundo globalizado na medida em que existe uma conex\u00e3o em diversos cen\u00e1rios. Por exemplo, se nos referirmos ao tema da comunica\u00e7\u00e3o, podemos perceber que existe uma constante rede global que permite \u00e0s pessoas [&hellip;]","og_url":"https:\/\/www.repam.net\/pt\/kukama-tikuna-maguta\/modulo-4-comunicacao-digital-e-uso-de-plataformas\/","og_site_name":"Repam","article_modified_time":"2025-11-05T21:06:28+00:00","og_image":[{"width":1280,"height":853,"url":"https:\/\/www.repam.net\/pt\/wp-content\/uploads\/2025\/10\/Territorio-1.jpg","type":"image\/jpeg"}],"twitter_card":"summary_large_image","twitter_misc":{"Est. tempo de leitura":"3 minutos"},"schema":{"@context":"https:\/\/schema.org","@graph":[{"@type":"WebPage","@id":"https:\/\/www.repam.net\/pt\/kukama-tikuna-maguta\/modulo-4-comunicacao-digital-e-uso-de-plataformas\/","url":"https:\/\/www.repam.net\/pt\/kukama-tikuna-maguta\/modulo-4-comunicacao-digital-e-uso-de-plataformas\/","name":"M\u00f3dulo 4: Comunica\u00e7\u00e3o digital e uso de plataformas - Repam","isPartOf":{"@id":"https:\/\/www.repam.net\/pt\/#website"},"primaryImageOfPage":{"@id":"https:\/\/www.repam.net\/pt\/kukama-tikuna-maguta\/modulo-4-comunicacao-digital-e-uso-de-plataformas\/#primaryimage"},"image":{"@id":"https:\/\/www.repam.net\/pt\/kukama-tikuna-maguta\/modulo-4-comunicacao-digital-e-uso-de-plataformas\/#primaryimage"},"thumbnailUrl":"https:\/\/www.repam.net\/pt\/wp-content\/uploads\/2025\/10\/Territorio-1-1024x682.jpg","datePublished":"2025-11-04T21:52:45+00:00","dateModified":"2025-11-05T21:06:28+00:00","breadcrumb":{"@id":"https:\/\/www.repam.net\/pt\/kukama-tikuna-maguta\/modulo-4-comunicacao-digital-e-uso-de-plataformas\/#breadcrumb"},"inLanguage":"pt-BR","potentialAction":[{"@type":"ReadAction","target":["https:\/\/www.repam.net\/pt\/kukama-tikuna-maguta\/modulo-4-comunicacao-digital-e-uso-de-plataformas\/"]}]},{"@type":"ImageObject","inLanguage":"pt-BR","@id":"https:\/\/www.repam.net\/pt\/kukama-tikuna-maguta\/modulo-4-comunicacao-digital-e-uso-de-plataformas\/#primaryimage","url":"https:\/\/www.repam.net\/pt\/wp-content\/uploads\/2025\/10\/Territorio-1.jpg","contentUrl":"https:\/\/www.repam.net\/pt\/wp-content\/uploads\/2025\/10\/Territorio-1.jpg","width":1280,"height":853},{"@type":"BreadcrumbList","@id":"https:\/\/www.repam.net\/pt\/kukama-tikuna-maguta\/modulo-4-comunicacao-digital-e-uso-de-plataformas\/#breadcrumb","itemListElement":[{"@type":"ListItem","position":1,"name":"In\u00edcio","item":"https:\/\/www.repam.net\/pt\/"},{"@type":"ListItem","position":2,"name":"Kukama-Tikuna-Mag\u00fcta","item":"https:\/\/www.repam.net\/pt\/kukama-tikuna-maguta\/"},{"@type":"ListItem","position":3,"name":"M\u00f3dulo 4: Comunica\u00e7\u00e3o digital e uso de plataformas"}]},{"@type":"WebSite","@id":"https:\/\/www.repam.net\/pt\/#website","url":"https:\/\/www.repam.net\/pt\/","name":"Repam","description":"Rede Eclesial Pan-amaz\u00f4nica","publisher":{"@id":"https:\/\/www.repam.net\/pt\/#organization"},"potentialAction":[{"@type":"SearchAction","target":{"@type":"EntryPoint","urlTemplate":"https:\/\/www.repam.net\/pt\/?s={search_term_string}"},"query-input":{"@type":"PropertyValueSpecification","valueRequired":true,"valueName":"search_term_string"}}],"inLanguage":"pt-BR"},{"@type":"Organization","@id":"https:\/\/www.repam.net\/pt\/#organization","name":"Repam","url":"https:\/\/www.repam.net\/pt\/","logo":{"@type":"ImageObject","inLanguage":"pt-BR","@id":"https:\/\/www.repam.net\/pt\/#\/schema\/logo\/image\/","url":"https:\/\/www.repam.net\/pt\/wp-content\/uploads\/2022\/02\/15.-REPAM-BRASIL.jpg","contentUrl":"https:\/\/www.repam.net\/pt\/wp-content\/uploads\/2022\/02\/15.-REPAM-BRASIL.jpg","width":231,"height":230,"caption":"Repam"},"image":{"@id":"https:\/\/www.repam.net\/pt\/#\/schema\/logo\/image\/"}}]}},"_links":{"self":[{"href":"https:\/\/www.repam.net\/pt\/wp-json\/wp\/v2\/pages\/3871","targetHints":{"allow":["GET"]}}],"collection":[{"href":"https:\/\/www.repam.net\/pt\/wp-json\/wp\/v2\/pages"}],"about":[{"href":"https:\/\/www.repam.net\/pt\/wp-json\/wp\/v2\/types\/page"}],"author":[{"embeddable":true,"href":"https:\/\/www.repam.net\/pt\/wp-json\/wp\/v2\/users\/1"}],"replies":[{"embeddable":true,"href":"https:\/\/www.repam.net\/pt\/wp-json\/wp\/v2\/comments?post=3871"}],"version-history":[{"count":3,"href":"https:\/\/www.repam.net\/pt\/wp-json\/wp\/v2\/pages\/3871\/revisions"}],"predecessor-version":[{"id":3960,"href":"https:\/\/www.repam.net\/pt\/wp-json\/wp\/v2\/pages\/3871\/revisions\/3960"}],"up":[{"embeddable":true,"href":"https:\/\/www.repam.net\/pt\/wp-json\/wp\/v2\/pages\/3658"}],"wp:attachment":[{"href":"https:\/\/www.repam.net\/pt\/wp-json\/wp\/v2\/media?parent=3871"}],"curies":[{"name":"wp","href":"https:\/\/api.w.org\/{rel}","templated":true}]}}