{"id":3878,"date":"2025-11-05T15:13:08","date_gmt":"2025-11-05T18:13:08","guid":{"rendered":"https:\/\/www.repam.net\/pt\/?page_id=3878"},"modified":"2025-11-07T12:52:43","modified_gmt":"2025-11-07T15:52:43","slug":"encontro-de-dialogos-identidades-e-narrativas-dos-povos-kukama-e-tikuna","status":"publish","type":"page","link":"https:\/\/www.repam.net\/pt\/kukama-tikuna-maguta\/encontro-de-dialogos-identidades-e-narrativas-dos-povos-kukama-e-tikuna\/","title":{"rendered":"Encontro de di\u00e1logos: &#8220;Identidades e Narrativas dos povos Kukama e Tikuna&#8221;"},"content":{"rendered":"\n<p class=\"has-text-align-center\"><\/p>\n\n\n\n<p>Ap\u00f3s a realiza\u00e7\u00e3o de duas jornadas de acompanhamento (uma com o pessoal das r\u00e1dios e outra com as comunidades), o grupo de facilitadores e a coordena\u00e7\u00e3o do projeto conseguiram identificar 24 representantes ind\u00edgenas que assumir\u00e3o o papel de rep\u00f3rteres Kukamas e Tikunas em suas comunidades. Paralelamente, foram escolhidos 8 representantes das r\u00e1dios (4 de cada uma), que, junto com os rep\u00f3rteres ind\u00edgenas, participaram do encontro &#8220;Mem\u00f3ria e cosmovis\u00e3o dos povos Kukama e Tikuna&#8221;. A esses participantes se somaram 4 convidados especiais que compartilharam experi\u00eancias significativas de jornalismo comunit\u00e1rio na regi\u00e3o da tr\u00edplice fronteira Brasil\u2013Col\u00f4mbia\u2013Peru, os 3 instrutores que acompanharam as jornadas de capacita\u00e7\u00e3o, 2 pessoas de apoio (de Manaus e de Bogot\u00e1) e o coordenador do projeto.<\/p>\n\n\n\n<p>Este encontro abordou os seguintes temas:<\/p>\n\n\n\n<ul class=\"wp-block-list\">\n<li>Narremos a mem\u00f3ria dos nossos povos.<\/li>\n\n\n\n<li>Elementos de mem\u00f3ria e cosmovis\u00e3o.<\/li>\n\n\n\n<li>Metodologias para o trabalho de mem\u00f3ria.<\/li>\n\n\n\n<li>O contexto do jornalismo comunit\u00e1rio na Tr\u00edplice Fronteira Brasil\u2013Col\u00f4mbia\u2013Peru.<\/li>\n\n\n\n<li>As experi\u00eancias significativas como ponto de partida de um processo que defenda a melhoria da realidade socioambiental do territ\u00f3rio da Tr\u00edplice Fronteira Brasil\u2013Col\u00f4mbia\u2013Peru.<\/li>\n\n\n\n<li>Vamos conhecer a R\u00e1dio Ucamara e a R\u00e1dio Eware.<\/li>\n\n\n\n<li>Qual \u00e9 a hist\u00f3ria das nossas comunidades?<\/li>\n\n\n\n<li>Como desenvolver um programa de r\u00e1dio no contexto da Tr\u00edplice Fronteira Brasil\u2013Col\u00f4mbia\u2013Peru?<\/li>\n\n\n\n<li>Forma\u00e7\u00e3o do grupo de rep\u00f3rteres Kukama e Tikuna do trap\u00e9zio amaz\u00f4nico.<\/li>\n<\/ul>\n\n\n\n<div data-wp-interactive=\"core\/file\" class=\"wp-block-file aligncenter\"><object data-wp-bind--hidden=\"!state.hasPdfPreview\" hidden class=\"wp-block-file__embed\" data=\"https:\/\/www.repam.net\/pt\/wp-content\/uploads\/2025\/11\/Encontro-Identidades-e-Narrativas-dos-povos-Kukama-e-Tikuna-2.pdf\" type=\"application\/pdf\" style=\"width:100%;height:600px\" aria-label=\"Incorporado de Encontro Identidades e Narrativas dos povos Kukama e Tikuna (2).\"><\/object><a id=\"wp-block-file--media-8c9b5aa0-7b15-4555-9427-75a90b54ec57\" href=\"https:\/\/www.repam.net\/pt\/wp-content\/uploads\/2025\/11\/Encontro-Identidades-e-Narrativas-dos-povos-Kukama-e-Tikuna-2.pdf\">Encontro Identidades e Narrativas dos povos Kukama e Tikuna (2)<\/a><a href=\"https:\/\/www.repam.net\/pt\/wp-content\/uploads\/2025\/11\/Encontro-Identidades-e-Narrativas-dos-povos-Kukama-e-Tikuna-2.pdf\" class=\"wp-block-file__button wp-element-button\" download aria-describedby=\"wp-block-file--media-8c9b5aa0-7b15-4555-9427-75a90b54ec57\">Baixar<\/a><\/div>\n\n\n\n<p><a href=\"https:\/\/flic.kr\/s\/aHBqjCzUDn\">Encontra aqui o registro fotogr\u00e1fico do nosso encontro.<\/a><\/p>\n\n\n\n<figure class=\"wp-block-image size-full is-resized\"><a href=\"https:\/\/www.repam.net\/pt\/kukama-tikuna-maguta\/\"><img loading=\"lazy\" decoding=\"async\" width=\"500\" height=\"500\" src=\"https:\/\/www.repam.net\/pt\/wp-content\/uploads\/2025\/11\/pngwing.com_.png\" alt=\"\" class=\"wp-image-3954\" style=\"width:80px\" srcset=\"https:\/\/www.repam.net\/pt\/wp-content\/uploads\/2025\/11\/pngwing.com_.png 500w, https:\/\/www.repam.net\/pt\/wp-content\/uploads\/2025\/11\/pngwing.com_-300x300.png 300w, https:\/\/www.repam.net\/pt\/wp-content\/uploads\/2025\/11\/pngwing.com_-150x150.png 150w\" sizes=\"auto, (max-width: 500px) 100vw, 500px\" \/><\/a><\/figure>\n\n\n\n<p><\/p>\n","protected":false},"excerpt":{"rendered":"<p>Ap\u00f3s a realiza\u00e7\u00e3o de duas jornadas de acompanhamento (uma com o pessoal das r\u00e1dios e outra com as comunidades), o grupo de facilitadores e a coordena\u00e7\u00e3o do projeto conseguiram identificar 24 representantes ind\u00edgenas que assumir\u00e3o o papel de rep\u00f3rteres Kukamas e Tikunas em suas comunidades. Paralelamente, foram escolhidos 8 representantes das r\u00e1dios (4 de cada [&hellip;]<\/p>\n","protected":false},"author":1,"featured_media":0,"parent":3658,"menu_order":0,"comment_status":"closed","ping_status":"closed","template":"page-multipla.php","meta":{"_acf_changed":false,"_uf_show_specific_survey":0,"_uf_disable_surveys":false,"footnotes":""},"class_list":["post-3878","page","type-page","status-publish","hentry"],"acf":[],"aioseo_notices":[],"yoast_head":"<!-- This site is optimized with the Yoast SEO plugin v24.2 - https:\/\/yoast.com\/wordpress\/plugins\/seo\/ -->\n<title>Encontro de di\u00e1logos: &quot;Identidades e Narrativas dos povos Kukama e Tikuna&quot; - Repam<\/title>\n<meta name=\"robots\" content=\"index, follow, max-snippet:-1, max-image-preview:large, max-video-preview:-1\" \/>\n<link rel=\"canonical\" href=\"https:\/\/www.repam.net\/pt\/kukama-tikuna-maguta\/encontro-de-dialogos-identidades-e-narrativas-dos-povos-kukama-e-tikuna\/\" \/>\n<meta property=\"og:locale\" content=\"pt_BR\" \/>\n<meta property=\"og:type\" content=\"article\" \/>\n<meta property=\"og:title\" content=\"Encontro de di\u00e1logos: &quot;Identidades e Narrativas dos povos Kukama e Tikuna&quot; - Repam\" \/>\n<meta property=\"og:description\" content=\"Ap\u00f3s a realiza\u00e7\u00e3o de duas jornadas de acompanhamento (uma com o pessoal das r\u00e1dios e outra com as comunidades), o grupo de facilitadores e a coordena\u00e7\u00e3o do projeto conseguiram identificar 24 representantes ind\u00edgenas que assumir\u00e3o o papel de rep\u00f3rteres Kukamas e Tikunas em suas comunidades. Paralelamente, foram escolhidos 8 representantes das r\u00e1dios (4 de cada [&hellip;]\" \/>\n<meta property=\"og:url\" content=\"https:\/\/www.repam.net\/pt\/kukama-tikuna-maguta\/encontro-de-dialogos-identidades-e-narrativas-dos-povos-kukama-e-tikuna\/\" \/>\n<meta property=\"og:site_name\" content=\"Repam\" \/>\n<meta property=\"article:modified_time\" content=\"2025-11-07T15:52:43+00:00\" \/>\n<meta property=\"og:image\" content=\"https:\/\/www.repam.net\/pt\/wp-content\/uploads\/2025\/11\/pngwing.com_.png\" \/>\n<meta name=\"twitter:card\" content=\"summary_large_image\" \/>\n<meta name=\"twitter:label1\" content=\"Est. tempo de leitura\" \/>\n\t<meta name=\"twitter:data1\" content=\"2 minutos\" \/>\n<script type=\"application\/ld+json\" class=\"yoast-schema-graph\">{\"@context\":\"https:\/\/schema.org\",\"@graph\":[{\"@type\":\"WebPage\",\"@id\":\"https:\/\/www.repam.net\/pt\/kukama-tikuna-maguta\/encontro-de-dialogos-identidades-e-narrativas-dos-povos-kukama-e-tikuna\/\",\"url\":\"https:\/\/www.repam.net\/pt\/kukama-tikuna-maguta\/encontro-de-dialogos-identidades-e-narrativas-dos-povos-kukama-e-tikuna\/\",\"name\":\"Encontro de di\u00e1logos: \\\"Identidades e Narrativas dos povos Kukama e Tikuna\\\" - Repam\",\"isPartOf\":{\"@id\":\"https:\/\/www.repam.net\/pt\/#website\"},\"primaryImageOfPage\":{\"@id\":\"https:\/\/www.repam.net\/pt\/kukama-tikuna-maguta\/encontro-de-dialogos-identidades-e-narrativas-dos-povos-kukama-e-tikuna\/#primaryimage\"},\"image\":{\"@id\":\"https:\/\/www.repam.net\/pt\/kukama-tikuna-maguta\/encontro-de-dialogos-identidades-e-narrativas-dos-povos-kukama-e-tikuna\/#primaryimage\"},\"thumbnailUrl\":\"https:\/\/www.repam.net\/pt\/wp-content\/uploads\/2025\/11\/pngwing.com_.png\",\"datePublished\":\"2025-11-05T18:13:08+00:00\",\"dateModified\":\"2025-11-07T15:52:43+00:00\",\"breadcrumb\":{\"@id\":\"https:\/\/www.repam.net\/pt\/kukama-tikuna-maguta\/encontro-de-dialogos-identidades-e-narrativas-dos-povos-kukama-e-tikuna\/#breadcrumb\"},\"inLanguage\":\"pt-BR\",\"potentialAction\":[{\"@type\":\"ReadAction\",\"target\":[\"https:\/\/www.repam.net\/pt\/kukama-tikuna-maguta\/encontro-de-dialogos-identidades-e-narrativas-dos-povos-kukama-e-tikuna\/\"]}]},{\"@type\":\"ImageObject\",\"inLanguage\":\"pt-BR\",\"@id\":\"https:\/\/www.repam.net\/pt\/kukama-tikuna-maguta\/encontro-de-dialogos-identidades-e-narrativas-dos-povos-kukama-e-tikuna\/#primaryimage\",\"url\":\"https:\/\/www.repam.net\/pt\/wp-content\/uploads\/2025\/11\/pngwing.com_.png\",\"contentUrl\":\"https:\/\/www.repam.net\/pt\/wp-content\/uploads\/2025\/11\/pngwing.com_.png\",\"width\":500,\"height\":500},{\"@type\":\"BreadcrumbList\",\"@id\":\"https:\/\/www.repam.net\/pt\/kukama-tikuna-maguta\/encontro-de-dialogos-identidades-e-narrativas-dos-povos-kukama-e-tikuna\/#breadcrumb\",\"itemListElement\":[{\"@type\":\"ListItem\",\"position\":1,\"name\":\"In\u00edcio\",\"item\":\"https:\/\/www.repam.net\/pt\/\"},{\"@type\":\"ListItem\",\"position\":2,\"name\":\"Kukama-Tikuna-Mag\u00fcta\",\"item\":\"https:\/\/www.repam.net\/pt\/kukama-tikuna-maguta\/\"},{\"@type\":\"ListItem\",\"position\":3,\"name\":\"Encontro de di\u00e1logos: &#8220;Identidades e Narrativas dos povos Kukama e Tikuna&#8221;\"}]},{\"@type\":\"WebSite\",\"@id\":\"https:\/\/www.repam.net\/pt\/#website\",\"url\":\"https:\/\/www.repam.net\/pt\/\",\"name\":\"Repam\",\"description\":\"Rede Eclesial Pan-amaz\u00f4nica\",\"publisher\":{\"@id\":\"https:\/\/www.repam.net\/pt\/#organization\"},\"potentialAction\":[{\"@type\":\"SearchAction\",\"target\":{\"@type\":\"EntryPoint\",\"urlTemplate\":\"https:\/\/www.repam.net\/pt\/?s={search_term_string}\"},\"query-input\":{\"@type\":\"PropertyValueSpecification\",\"valueRequired\":true,\"valueName\":\"search_term_string\"}}],\"inLanguage\":\"pt-BR\"},{\"@type\":\"Organization\",\"@id\":\"https:\/\/www.repam.net\/pt\/#organization\",\"name\":\"Repam\",\"url\":\"https:\/\/www.repam.net\/pt\/\",\"logo\":{\"@type\":\"ImageObject\",\"inLanguage\":\"pt-BR\",\"@id\":\"https:\/\/www.repam.net\/pt\/#\/schema\/logo\/image\/\",\"url\":\"https:\/\/www.repam.net\/pt\/wp-content\/uploads\/2022\/02\/15.-REPAM-BRASIL.jpg\",\"contentUrl\":\"https:\/\/www.repam.net\/pt\/wp-content\/uploads\/2022\/02\/15.-REPAM-BRASIL.jpg\",\"width\":231,\"height\":230,\"caption\":\"Repam\"},\"image\":{\"@id\":\"https:\/\/www.repam.net\/pt\/#\/schema\/logo\/image\/\"}}]}<\/script>\n<!-- \/ Yoast SEO plugin. -->","yoast_head_json":{"title":"Encontro de di\u00e1logos: \"Identidades e Narrativas dos povos Kukama e Tikuna\" - Repam","robots":{"index":"index","follow":"follow","max-snippet":"max-snippet:-1","max-image-preview":"max-image-preview:large","max-video-preview":"max-video-preview:-1"},"canonical":"https:\/\/www.repam.net\/pt\/kukama-tikuna-maguta\/encontro-de-dialogos-identidades-e-narrativas-dos-povos-kukama-e-tikuna\/","og_locale":"pt_BR","og_type":"article","og_title":"Encontro de di\u00e1logos: \"Identidades e Narrativas dos povos Kukama e Tikuna\" - Repam","og_description":"Ap\u00f3s a realiza\u00e7\u00e3o de duas jornadas de acompanhamento (uma com o pessoal das r\u00e1dios e outra com as comunidades), o grupo de facilitadores e a coordena\u00e7\u00e3o do projeto conseguiram identificar 24 representantes ind\u00edgenas que assumir\u00e3o o papel de rep\u00f3rteres Kukamas e Tikunas em suas comunidades. Paralelamente, foram escolhidos 8 representantes das r\u00e1dios (4 de cada [&hellip;]","og_url":"https:\/\/www.repam.net\/pt\/kukama-tikuna-maguta\/encontro-de-dialogos-identidades-e-narrativas-dos-povos-kukama-e-tikuna\/","og_site_name":"Repam","article_modified_time":"2025-11-07T15:52:43+00:00","og_image":[{"url":"https:\/\/www.repam.net\/pt\/wp-content\/uploads\/2025\/11\/pngwing.com_.png","type":"","width":"","height":""}],"twitter_card":"summary_large_image","twitter_misc":{"Est. tempo de leitura":"2 minutos"},"schema":{"@context":"https:\/\/schema.org","@graph":[{"@type":"WebPage","@id":"https:\/\/www.repam.net\/pt\/kukama-tikuna-maguta\/encontro-de-dialogos-identidades-e-narrativas-dos-povos-kukama-e-tikuna\/","url":"https:\/\/www.repam.net\/pt\/kukama-tikuna-maguta\/encontro-de-dialogos-identidades-e-narrativas-dos-povos-kukama-e-tikuna\/","name":"Encontro de di\u00e1logos: \"Identidades e Narrativas dos povos Kukama e Tikuna\" - Repam","isPartOf":{"@id":"https:\/\/www.repam.net\/pt\/#website"},"primaryImageOfPage":{"@id":"https:\/\/www.repam.net\/pt\/kukama-tikuna-maguta\/encontro-de-dialogos-identidades-e-narrativas-dos-povos-kukama-e-tikuna\/#primaryimage"},"image":{"@id":"https:\/\/www.repam.net\/pt\/kukama-tikuna-maguta\/encontro-de-dialogos-identidades-e-narrativas-dos-povos-kukama-e-tikuna\/#primaryimage"},"thumbnailUrl":"https:\/\/www.repam.net\/pt\/wp-content\/uploads\/2025\/11\/pngwing.com_.png","datePublished":"2025-11-05T18:13:08+00:00","dateModified":"2025-11-07T15:52:43+00:00","breadcrumb":{"@id":"https:\/\/www.repam.net\/pt\/kukama-tikuna-maguta\/encontro-de-dialogos-identidades-e-narrativas-dos-povos-kukama-e-tikuna\/#breadcrumb"},"inLanguage":"pt-BR","potentialAction":[{"@type":"ReadAction","target":["https:\/\/www.repam.net\/pt\/kukama-tikuna-maguta\/encontro-de-dialogos-identidades-e-narrativas-dos-povos-kukama-e-tikuna\/"]}]},{"@type":"ImageObject","inLanguage":"pt-BR","@id":"https:\/\/www.repam.net\/pt\/kukama-tikuna-maguta\/encontro-de-dialogos-identidades-e-narrativas-dos-povos-kukama-e-tikuna\/#primaryimage","url":"https:\/\/www.repam.net\/pt\/wp-content\/uploads\/2025\/11\/pngwing.com_.png","contentUrl":"https:\/\/www.repam.net\/pt\/wp-content\/uploads\/2025\/11\/pngwing.com_.png","width":500,"height":500},{"@type":"BreadcrumbList","@id":"https:\/\/www.repam.net\/pt\/kukama-tikuna-maguta\/encontro-de-dialogos-identidades-e-narrativas-dos-povos-kukama-e-tikuna\/#breadcrumb","itemListElement":[{"@type":"ListItem","position":1,"name":"In\u00edcio","item":"https:\/\/www.repam.net\/pt\/"},{"@type":"ListItem","position":2,"name":"Kukama-Tikuna-Mag\u00fcta","item":"https:\/\/www.repam.net\/pt\/kukama-tikuna-maguta\/"},{"@type":"ListItem","position":3,"name":"Encontro de di\u00e1logos: &#8220;Identidades e Narrativas dos povos Kukama e Tikuna&#8221;"}]},{"@type":"WebSite","@id":"https:\/\/www.repam.net\/pt\/#website","url":"https:\/\/www.repam.net\/pt\/","name":"Repam","description":"Rede Eclesial Pan-amaz\u00f4nica","publisher":{"@id":"https:\/\/www.repam.net\/pt\/#organization"},"potentialAction":[{"@type":"SearchAction","target":{"@type":"EntryPoint","urlTemplate":"https:\/\/www.repam.net\/pt\/?s={search_term_string}"},"query-input":{"@type":"PropertyValueSpecification","valueRequired":true,"valueName":"search_term_string"}}],"inLanguage":"pt-BR"},{"@type":"Organization","@id":"https:\/\/www.repam.net\/pt\/#organization","name":"Repam","url":"https:\/\/www.repam.net\/pt\/","logo":{"@type":"ImageObject","inLanguage":"pt-BR","@id":"https:\/\/www.repam.net\/pt\/#\/schema\/logo\/image\/","url":"https:\/\/www.repam.net\/pt\/wp-content\/uploads\/2022\/02\/15.-REPAM-BRASIL.jpg","contentUrl":"https:\/\/www.repam.net\/pt\/wp-content\/uploads\/2022\/02\/15.-REPAM-BRASIL.jpg","width":231,"height":230,"caption":"Repam"},"image":{"@id":"https:\/\/www.repam.net\/pt\/#\/schema\/logo\/image\/"}}]}},"_links":{"self":[{"href":"https:\/\/www.repam.net\/pt\/wp-json\/wp\/v2\/pages\/3878","targetHints":{"allow":["GET"]}}],"collection":[{"href":"https:\/\/www.repam.net\/pt\/wp-json\/wp\/v2\/pages"}],"about":[{"href":"https:\/\/www.repam.net\/pt\/wp-json\/wp\/v2\/types\/page"}],"author":[{"embeddable":true,"href":"https:\/\/www.repam.net\/pt\/wp-json\/wp\/v2\/users\/1"}],"replies":[{"embeddable":true,"href":"https:\/\/www.repam.net\/pt\/wp-json\/wp\/v2\/comments?post=3878"}],"version-history":[{"count":11,"href":"https:\/\/www.repam.net\/pt\/wp-json\/wp\/v2\/pages\/3878\/revisions"}],"predecessor-version":[{"id":3964,"href":"https:\/\/www.repam.net\/pt\/wp-json\/wp\/v2\/pages\/3878\/revisions\/3964"}],"up":[{"embeddable":true,"href":"https:\/\/www.repam.net\/pt\/wp-json\/wp\/v2\/pages\/3658"}],"wp:attachment":[{"href":"https:\/\/www.repam.net\/pt\/wp-json\/wp\/v2\/media?parent=3878"}],"curies":[{"name":"wp","href":"https:\/\/api.w.org\/{rel}","templated":true}]}}