{"id":39,"date":"2022-01-21T11:56:18","date_gmt":"2022-01-21T14:56:18","guid":{"rendered":"http:\/\/repam.net\/pt\/?page_id=39"},"modified":"2022-03-18T16:51:35","modified_gmt":"2022-03-18T19:51:35","slug":"nucleos-tematicos","status":"publish","type":"page","link":"https:\/\/www.repam.net\/pt\/nucleos-tematicos\/","title":{"rendered":"N\u00facleos Tem\u00e1ticos"},"content":{"rendered":"\n<p>O trabalho da REPAM prop\u00f5e um processo de articula\u00e7\u00e3o que parte do territ\u00f3rio e permite que ele tenha impacto em n\u00edvel internacional: eclesial, pol\u00edtico e social.&nbsp;<\/p>\n\n\n\n<p>Para facilitar este processo, a Rede \u00e9 articulada atrav\u00e9s de seus eixos e n\u00facleos de trabalho.<\/p>\n","protected":false},"excerpt":{"rendered":"<p>O trabalho da REPAM prop\u00f5e um processo de articula\u00e7\u00e3o que parte do territ\u00f3rio e permite que ele tenha impacto em n\u00edvel internacional: eclesial, pol\u00edtico e social.&nbsp; Para facilitar este processo, a Rede \u00e9 articulada atrav\u00e9s de seus eixos e n\u00facleos de trabalho.<\/p>\n","protected":false},"author":1,"featured_media":0,"parent":0,"menu_order":0,"comment_status":"closed","ping_status":"closed","template":"page-multipla.php","meta":{"_acf_changed":false,"_uf_show_specific_survey":0,"_uf_disable_surveys":false,"footnotes":""},"class_list":["post-39","page","type-page","status-publish","hentry"],"acf":[],"aioseo_notices":[],"yoast_head":"<!-- This site is optimized with the Yoast SEO plugin v24.2 - https:\/\/yoast.com\/wordpress\/plugins\/seo\/ -->\n<title>N\u00facleos Tem\u00e1ticos - Repam<\/title>\n<meta name=\"robots\" content=\"index, follow, max-snippet:-1, max-image-preview:large, max-video-preview:-1\" \/>\n<link rel=\"canonical\" href=\"https:\/\/www.repam.net\/pt\/nucleos-tematicos\/\" \/>\n<meta property=\"og:locale\" content=\"pt_BR\" \/>\n<meta property=\"og:type\" content=\"article\" \/>\n<meta property=\"og:title\" content=\"N\u00facleos Tem\u00e1ticos - Repam\" \/>\n<meta property=\"og:description\" content=\"O trabalho da REPAM prop\u00f5e um processo de articula\u00e7\u00e3o que parte do territ\u00f3rio e permite que ele tenha impacto em n\u00edvel internacional: eclesial, pol\u00edtico e social.&nbsp; Para facilitar este processo, a Rede \u00e9 articulada atrav\u00e9s de seus eixos e n\u00facleos de trabalho.\" \/>\n<meta property=\"og:url\" content=\"https:\/\/www.repam.net\/pt\/nucleos-tematicos\/\" \/>\n<meta property=\"og:site_name\" content=\"Repam\" \/>\n<meta property=\"article:modified_time\" content=\"2022-03-18T19:51:35+00:00\" \/>\n<meta name=\"twitter:card\" content=\"summary_large_image\" \/>\n<script type=\"application\/ld+json\" class=\"yoast-schema-graph\">{\"@context\":\"https:\/\/schema.org\",\"@graph\":[{\"@type\":\"WebPage\",\"@id\":\"https:\/\/www.repam.net\/pt\/nucleos-tematicos\/\",\"url\":\"https:\/\/www.repam.net\/pt\/nucleos-tematicos\/\",\"name\":\"N\u00facleos Tem\u00e1ticos - Repam\",\"isPartOf\":{\"@id\":\"https:\/\/www.repam.net\/pt\/#website\"},\"datePublished\":\"2022-01-21T14:56:18+00:00\",\"dateModified\":\"2022-03-18T19:51:35+00:00\",\"breadcrumb\":{\"@id\":\"https:\/\/www.repam.net\/pt\/nucleos-tematicos\/#breadcrumb\"},\"inLanguage\":\"pt-BR\",\"potentialAction\":[{\"@type\":\"ReadAction\",\"target\":[\"https:\/\/www.repam.net\/pt\/nucleos-tematicos\/\"]}]},{\"@type\":\"BreadcrumbList\",\"@id\":\"https:\/\/www.repam.net\/pt\/nucleos-tematicos\/#breadcrumb\",\"itemListElement\":[{\"@type\":\"ListItem\",\"position\":1,\"name\":\"In\u00edcio\",\"item\":\"https:\/\/www.repam.net\/pt\/\"},{\"@type\":\"ListItem\",\"position\":2,\"name\":\"N\u00facleos Tem\u00e1ticos\"}]},{\"@type\":\"WebSite\",\"@id\":\"https:\/\/www.repam.net\/pt\/#website\",\"url\":\"https:\/\/www.repam.net\/pt\/\",\"name\":\"Repam\",\"description\":\"Rede Eclesial Pan-amaz\u00f4nica\",\"publisher\":{\"@id\":\"https:\/\/www.repam.net\/pt\/#organization\"},\"potentialAction\":[{\"@type\":\"SearchAction\",\"target\":{\"@type\":\"EntryPoint\",\"urlTemplate\":\"https:\/\/www.repam.net\/pt\/?s={search_term_string}\"},\"query-input\":{\"@type\":\"PropertyValueSpecification\",\"valueRequired\":true,\"valueName\":\"search_term_string\"}}],\"inLanguage\":\"pt-BR\"},{\"@type\":\"Organization\",\"@id\":\"https:\/\/www.repam.net\/pt\/#organization\",\"name\":\"Repam\",\"url\":\"https:\/\/www.repam.net\/pt\/\",\"logo\":{\"@type\":\"ImageObject\",\"inLanguage\":\"pt-BR\",\"@id\":\"https:\/\/www.repam.net\/pt\/#\/schema\/logo\/image\/\",\"url\":\"https:\/\/www.repam.net\/pt\/wp-content\/uploads\/2022\/02\/15.-REPAM-BRASIL.jpg\",\"contentUrl\":\"https:\/\/www.repam.net\/pt\/wp-content\/uploads\/2022\/02\/15.-REPAM-BRASIL.jpg\",\"width\":231,\"height\":230,\"caption\":\"Repam\"},\"image\":{\"@id\":\"https:\/\/www.repam.net\/pt\/#\/schema\/logo\/image\/\"}}]}<\/script>\n<!-- \/ Yoast SEO plugin. -->","yoast_head_json":{"title":"N\u00facleos Tem\u00e1ticos - Repam","robots":{"index":"index","follow":"follow","max-snippet":"max-snippet:-1","max-image-preview":"max-image-preview:large","max-video-preview":"max-video-preview:-1"},"canonical":"https:\/\/www.repam.net\/pt\/nucleos-tematicos\/","og_locale":"pt_BR","og_type":"article","og_title":"N\u00facleos Tem\u00e1ticos - Repam","og_description":"O trabalho da REPAM prop\u00f5e um processo de articula\u00e7\u00e3o que parte do territ\u00f3rio e permite que ele tenha impacto em n\u00edvel internacional: eclesial, pol\u00edtico e social.&nbsp; Para facilitar este processo, a Rede \u00e9 articulada atrav\u00e9s de seus eixos e n\u00facleos de trabalho.","og_url":"https:\/\/www.repam.net\/pt\/nucleos-tematicos\/","og_site_name":"Repam","article_modified_time":"2022-03-18T19:51:35+00:00","twitter_card":"summary_large_image","schema":{"@context":"https:\/\/schema.org","@graph":[{"@type":"WebPage","@id":"https:\/\/www.repam.net\/pt\/nucleos-tematicos\/","url":"https:\/\/www.repam.net\/pt\/nucleos-tematicos\/","name":"N\u00facleos Tem\u00e1ticos - Repam","isPartOf":{"@id":"https:\/\/www.repam.net\/pt\/#website"},"datePublished":"2022-01-21T14:56:18+00:00","dateModified":"2022-03-18T19:51:35+00:00","breadcrumb":{"@id":"https:\/\/www.repam.net\/pt\/nucleos-tematicos\/#breadcrumb"},"inLanguage":"pt-BR","potentialAction":[{"@type":"ReadAction","target":["https:\/\/www.repam.net\/pt\/nucleos-tematicos\/"]}]},{"@type":"BreadcrumbList","@id":"https:\/\/www.repam.net\/pt\/nucleos-tematicos\/#breadcrumb","itemListElement":[{"@type":"ListItem","position":1,"name":"In\u00edcio","item":"https:\/\/www.repam.net\/pt\/"},{"@type":"ListItem","position":2,"name":"N\u00facleos Tem\u00e1ticos"}]},{"@type":"WebSite","@id":"https:\/\/www.repam.net\/pt\/#website","url":"https:\/\/www.repam.net\/pt\/","name":"Repam","description":"Rede Eclesial Pan-amaz\u00f4nica","publisher":{"@id":"https:\/\/www.repam.net\/pt\/#organization"},"potentialAction":[{"@type":"SearchAction","target":{"@type":"EntryPoint","urlTemplate":"https:\/\/www.repam.net\/pt\/?s={search_term_string}"},"query-input":{"@type":"PropertyValueSpecification","valueRequired":true,"valueName":"search_term_string"}}],"inLanguage":"pt-BR"},{"@type":"Organization","@id":"https:\/\/www.repam.net\/pt\/#organization","name":"Repam","url":"https:\/\/www.repam.net\/pt\/","logo":{"@type":"ImageObject","inLanguage":"pt-BR","@id":"https:\/\/www.repam.net\/pt\/#\/schema\/logo\/image\/","url":"https:\/\/www.repam.net\/pt\/wp-content\/uploads\/2022\/02\/15.-REPAM-BRASIL.jpg","contentUrl":"https:\/\/www.repam.net\/pt\/wp-content\/uploads\/2022\/02\/15.-REPAM-BRASIL.jpg","width":231,"height":230,"caption":"Repam"},"image":{"@id":"https:\/\/www.repam.net\/pt\/#\/schema\/logo\/image\/"}}]}},"_links":{"self":[{"href":"https:\/\/www.repam.net\/pt\/wp-json\/wp\/v2\/pages\/39","targetHints":{"allow":["GET"]}}],"collection":[{"href":"https:\/\/www.repam.net\/pt\/wp-json\/wp\/v2\/pages"}],"about":[{"href":"https:\/\/www.repam.net\/pt\/wp-json\/wp\/v2\/types\/page"}],"author":[{"embeddable":true,"href":"https:\/\/www.repam.net\/pt\/wp-json\/wp\/v2\/users\/1"}],"replies":[{"embeddable":true,"href":"https:\/\/www.repam.net\/pt\/wp-json\/wp\/v2\/comments?post=39"}],"version-history":[{"count":2,"href":"https:\/\/www.repam.net\/pt\/wp-json\/wp\/v2\/pages\/39\/revisions"}],"predecessor-version":[{"id":861,"href":"https:\/\/www.repam.net\/pt\/wp-json\/wp\/v2\/pages\/39\/revisions\/861"}],"wp:attachment":[{"href":"https:\/\/www.repam.net\/pt\/wp-json\/wp\/v2\/media?parent=39"}],"curies":[{"name":"wp","href":"https:\/\/api.w.org\/{rel}","templated":true}]}}