{"id":3915,"date":"2025-11-05T17:23:37","date_gmt":"2025-11-05T20:23:37","guid":{"rendered":"https:\/\/www.repam.net\/pt\/?page_id=3915"},"modified":"2025-11-05T23:36:24","modified_gmt":"2025-11-06T02:36:24","slug":"jornalismo-comunitario-experiencias-dos-povos-kukama-e-tikuna","status":"publish","type":"page","link":"https:\/\/www.repam.net\/pt\/kukama-tikuna-maguta\/jornalismo-comunitario-experiencias-dos-povos-kukama-e-tikuna\/","title":{"rendered":"Jornalismo comunit\u00e1rio: experi\u00eancias dos povos Kukama e Tikuna"},"content":{"rendered":"\n\n\n\n<p><\/p>\n\n\n\n<p>Como resultado do processo de forma\u00e7\u00e3o, considera-se o desenvolvimento de um workshop conjunto que re\u00fana 24 rep\u00f3rteres ind\u00edgenas (refer\u00eancias) das comunidades destacadas no projeto, 8 representantes das r\u00e1dios Ucamara e Eware, 8 convidados especiais que compartilhem experi\u00eancias significativas de jornalismo comunit\u00e1rio na regi\u00e3o da tr\u00edplice fronteira Brasil\u2013Col\u00f4mbia\u2013Peru, os 3 instrutores que acompanharam as jornadas de capacita\u00e7\u00e3o, 2 pessoas de apoio (de Manaus e de Bogot\u00e1) e o coordenador do projeto.<\/p>\n\n\n\n<p>Nesta oficina foram abordados os seguintes temas:<\/p>\n\n\n\n<ul class=\"wp-block-list\">\n<li>Os desafios do jornalismo comunit\u00e1rio na regi\u00e3o da tr\u00edplice fronteira Brasil\u2013Col\u00f4mbia\u2013Peru.<\/li>\n\n\n\n<li>Alian\u00e7as de meios de comunica\u00e7\u00e3o com car\u00e1ter comunit\u00e1rio na regi\u00e3o amaz\u00f4nica como a\u00e7\u00e3o de incid\u00eancia e mudan\u00e7a.<\/li>\n\n\n\n<li>Proje\u00e7\u00f5es para o futuro do jornalismo comunit\u00e1rio no territ\u00f3rio da tr\u00edplice fronteira Brasil\u2013Col\u00f4mbia\u2013Peru.<\/li>\n\n\n\n<li>R\u00e1dio Ucamara e R\u00e1dio Eware como agentes de incid\u00eancia na realidade socioambiental e no fortalecimento da identidade cultural.<\/li>\n\n\n\n<li>Quais s\u00e3o as capacidades dos rep\u00f3rteres ind\u00edgenas ap\u00f3s a conclus\u00e3o do processo?<\/li>\n\n\n\n<li>Avalia\u00e7\u00e3o do projeto pelos participantes do processo de capacita\u00e7\u00e3o, instrutores e coordena\u00e7\u00e3o.<\/li>\n<\/ul>\n\n\n\n<div data-wp-interactive=\"core\/file\" class=\"wp-block-file aligncenter\"><object data-wp-bind--hidden=\"!state.hasPdfPreview\" hidden class=\"wp-block-file__embed\" data=\"https:\/\/www.repam.net\/pt\/wp-content\/uploads\/2025\/11\/Jornalismo-comunitario-Experiencias-dos-povos-Kukama-e-Tikuna.pdf\" type=\"application\/pdf\" style=\"width:100%;height:600px\" aria-label=\"Incorporado de Jornalismo comunit\u00e1rio-Experi\u00eancias dos povos Kukama e Tikuna.\"><\/object><a id=\"wp-block-file--media-08f4edd4-f9ee-4e8e-824e-006c3323722d\" href=\"https:\/\/www.repam.net\/pt\/wp-content\/uploads\/2025\/11\/Jornalismo-comunitario-Experiencias-dos-povos-Kukama-e-Tikuna.pdf\">Jornalismo comunit\u00e1rio-Experi\u00eancias dos povos Kukama e Tikuna<\/a><a href=\"https:\/\/www.repam.net\/pt\/wp-content\/uploads\/2025\/11\/Jornalismo-comunitario-Experiencias-dos-povos-Kukama-e-Tikuna.pdf\" class=\"wp-block-file__button wp-element-button\" download aria-describedby=\"wp-block-file--media-08f4edd4-f9ee-4e8e-824e-006c3323722d\">Baixar<\/a><\/div>\n\n\n\n<p><a href=\"https:\/\/flic.kr\/s\/aHBqjCeXtk\" target=\"_blank\" rel=\"noreferrer noopener\">Encontre aqui o registro fotogr\u00e1fico do nosso encontro.<\/a><\/p>\n\n\n\n<figure class=\"wp-block-image size-full is-resized\"><a href=\"https:\/\/www.repam.net\/pt\/kukama-tikuna-maguta\/\"><img loading=\"lazy\" decoding=\"async\" width=\"500\" height=\"500\" src=\"https:\/\/www.repam.net\/pt\/wp-content\/uploads\/2025\/11\/pngwing.com_.png\" alt=\"\" class=\"wp-image-3954\" style=\"width:80px\" srcset=\"https:\/\/www.repam.net\/pt\/wp-content\/uploads\/2025\/11\/pngwing.com_.png 500w, https:\/\/www.repam.net\/pt\/wp-content\/uploads\/2025\/11\/pngwing.com_-300x300.png 300w, https:\/\/www.repam.net\/pt\/wp-content\/uploads\/2025\/11\/pngwing.com_-150x150.png 150w\" sizes=\"auto, (max-width: 500px) 100vw, 500px\" \/><\/a><\/figure>\n\n\n\n<p><\/p>\n","protected":false},"excerpt":{"rendered":"<p>Como resultado do processo de forma\u00e7\u00e3o, considera-se o desenvolvimento de um workshop conjunto que re\u00fana 24 rep\u00f3rteres ind\u00edgenas (refer\u00eancias) das comunidades destacadas no projeto, 8 representantes das r\u00e1dios Ucamara e Eware, 8 convidados especiais que compartilhem experi\u00eancias significativas de jornalismo comunit\u00e1rio na regi\u00e3o da tr\u00edplice fronteira Brasil\u2013Col\u00f4mbia\u2013Peru, os 3 instrutores que acompanharam as jornadas de [&hellip;]<\/p>\n","protected":false},"author":1,"featured_media":0,"parent":3658,"menu_order":0,"comment_status":"closed","ping_status":"closed","template":"page-multipla.php","meta":{"_acf_changed":false,"_uf_show_specific_survey":0,"_uf_disable_surveys":false,"footnotes":""},"class_list":["post-3915","page","type-page","status-publish","hentry"],"acf":[],"aioseo_notices":[],"yoast_head":"<!-- This site is optimized with the Yoast SEO plugin v24.2 - https:\/\/yoast.com\/wordpress\/plugins\/seo\/ -->\n<title>Jornalismo comunit\u00e1rio: experi\u00eancias dos povos Kukama e Tikuna - Repam<\/title>\n<meta name=\"robots\" content=\"index, follow, max-snippet:-1, max-image-preview:large, max-video-preview:-1\" \/>\n<link rel=\"canonical\" href=\"https:\/\/www.repam.net\/pt\/kukama-tikuna-maguta\/jornalismo-comunitario-experiencias-dos-povos-kukama-e-tikuna\/\" \/>\n<meta property=\"og:locale\" content=\"pt_BR\" \/>\n<meta property=\"og:type\" content=\"article\" \/>\n<meta property=\"og:title\" content=\"Jornalismo comunit\u00e1rio: experi\u00eancias dos povos Kukama e Tikuna - Repam\" \/>\n<meta property=\"og:description\" content=\"Como resultado do processo de forma\u00e7\u00e3o, considera-se o desenvolvimento de um workshop conjunto que re\u00fana 24 rep\u00f3rteres ind\u00edgenas (refer\u00eancias) das comunidades destacadas no projeto, 8 representantes das r\u00e1dios Ucamara e Eware, 8 convidados especiais que compartilhem experi\u00eancias significativas de jornalismo comunit\u00e1rio na regi\u00e3o da tr\u00edplice fronteira Brasil\u2013Col\u00f4mbia\u2013Peru, os 3 instrutores que acompanharam as jornadas de [&hellip;]\" \/>\n<meta property=\"og:url\" content=\"https:\/\/www.repam.net\/pt\/kukama-tikuna-maguta\/jornalismo-comunitario-experiencias-dos-povos-kukama-e-tikuna\/\" \/>\n<meta property=\"og:site_name\" content=\"Repam\" \/>\n<meta property=\"article:modified_time\" content=\"2025-11-06T02:36:24+00:00\" \/>\n<meta property=\"og:image\" content=\"https:\/\/www.repam.net\/pt\/wp-content\/uploads\/2025\/11\/pngwing.com_.png\" \/>\n<meta name=\"twitter:card\" content=\"summary_large_image\" \/>\n<meta name=\"twitter:label1\" content=\"Est. tempo de leitura\" \/>\n\t<meta name=\"twitter:data1\" content=\"2 minutos\" \/>\n<script type=\"application\/ld+json\" class=\"yoast-schema-graph\">{\"@context\":\"https:\/\/schema.org\",\"@graph\":[{\"@type\":\"WebPage\",\"@id\":\"https:\/\/www.repam.net\/pt\/kukama-tikuna-maguta\/jornalismo-comunitario-experiencias-dos-povos-kukama-e-tikuna\/\",\"url\":\"https:\/\/www.repam.net\/pt\/kukama-tikuna-maguta\/jornalismo-comunitario-experiencias-dos-povos-kukama-e-tikuna\/\",\"name\":\"Jornalismo comunit\u00e1rio: experi\u00eancias dos povos Kukama e Tikuna - Repam\",\"isPartOf\":{\"@id\":\"https:\/\/www.repam.net\/pt\/#website\"},\"primaryImageOfPage\":{\"@id\":\"https:\/\/www.repam.net\/pt\/kukama-tikuna-maguta\/jornalismo-comunitario-experiencias-dos-povos-kukama-e-tikuna\/#primaryimage\"},\"image\":{\"@id\":\"https:\/\/www.repam.net\/pt\/kukama-tikuna-maguta\/jornalismo-comunitario-experiencias-dos-povos-kukama-e-tikuna\/#primaryimage\"},\"thumbnailUrl\":\"https:\/\/www.repam.net\/pt\/wp-content\/uploads\/2025\/11\/pngwing.com_.png\",\"datePublished\":\"2025-11-05T20:23:37+00:00\",\"dateModified\":\"2025-11-06T02:36:24+00:00\",\"breadcrumb\":{\"@id\":\"https:\/\/www.repam.net\/pt\/kukama-tikuna-maguta\/jornalismo-comunitario-experiencias-dos-povos-kukama-e-tikuna\/#breadcrumb\"},\"inLanguage\":\"pt-BR\",\"potentialAction\":[{\"@type\":\"ReadAction\",\"target\":[\"https:\/\/www.repam.net\/pt\/kukama-tikuna-maguta\/jornalismo-comunitario-experiencias-dos-povos-kukama-e-tikuna\/\"]}]},{\"@type\":\"ImageObject\",\"inLanguage\":\"pt-BR\",\"@id\":\"https:\/\/www.repam.net\/pt\/kukama-tikuna-maguta\/jornalismo-comunitario-experiencias-dos-povos-kukama-e-tikuna\/#primaryimage\",\"url\":\"https:\/\/www.repam.net\/pt\/wp-content\/uploads\/2025\/11\/pngwing.com_.png\",\"contentUrl\":\"https:\/\/www.repam.net\/pt\/wp-content\/uploads\/2025\/11\/pngwing.com_.png\",\"width\":500,\"height\":500},{\"@type\":\"BreadcrumbList\",\"@id\":\"https:\/\/www.repam.net\/pt\/kukama-tikuna-maguta\/jornalismo-comunitario-experiencias-dos-povos-kukama-e-tikuna\/#breadcrumb\",\"itemListElement\":[{\"@type\":\"ListItem\",\"position\":1,\"name\":\"In\u00edcio\",\"item\":\"https:\/\/www.repam.net\/pt\/\"},{\"@type\":\"ListItem\",\"position\":2,\"name\":\"Kukama-Tikuna-Mag\u00fcta\",\"item\":\"https:\/\/www.repam.net\/pt\/kukama-tikuna-maguta\/\"},{\"@type\":\"ListItem\",\"position\":3,\"name\":\"Jornalismo comunit\u00e1rio: experi\u00eancias dos povos Kukama e Tikuna\"}]},{\"@type\":\"WebSite\",\"@id\":\"https:\/\/www.repam.net\/pt\/#website\",\"url\":\"https:\/\/www.repam.net\/pt\/\",\"name\":\"Repam\",\"description\":\"Rede Eclesial Pan-amaz\u00f4nica\",\"publisher\":{\"@id\":\"https:\/\/www.repam.net\/pt\/#organization\"},\"potentialAction\":[{\"@type\":\"SearchAction\",\"target\":{\"@type\":\"EntryPoint\",\"urlTemplate\":\"https:\/\/www.repam.net\/pt\/?s={search_term_string}\"},\"query-input\":{\"@type\":\"PropertyValueSpecification\",\"valueRequired\":true,\"valueName\":\"search_term_string\"}}],\"inLanguage\":\"pt-BR\"},{\"@type\":\"Organization\",\"@id\":\"https:\/\/www.repam.net\/pt\/#organization\",\"name\":\"Repam\",\"url\":\"https:\/\/www.repam.net\/pt\/\",\"logo\":{\"@type\":\"ImageObject\",\"inLanguage\":\"pt-BR\",\"@id\":\"https:\/\/www.repam.net\/pt\/#\/schema\/logo\/image\/\",\"url\":\"https:\/\/www.repam.net\/pt\/wp-content\/uploads\/2022\/02\/15.-REPAM-BRASIL.jpg\",\"contentUrl\":\"https:\/\/www.repam.net\/pt\/wp-content\/uploads\/2022\/02\/15.-REPAM-BRASIL.jpg\",\"width\":231,\"height\":230,\"caption\":\"Repam\"},\"image\":{\"@id\":\"https:\/\/www.repam.net\/pt\/#\/schema\/logo\/image\/\"}}]}<\/script>\n<!-- \/ Yoast SEO plugin. -->","yoast_head_json":{"title":"Jornalismo comunit\u00e1rio: experi\u00eancias dos povos Kukama e Tikuna - Repam","robots":{"index":"index","follow":"follow","max-snippet":"max-snippet:-1","max-image-preview":"max-image-preview:large","max-video-preview":"max-video-preview:-1"},"canonical":"https:\/\/www.repam.net\/pt\/kukama-tikuna-maguta\/jornalismo-comunitario-experiencias-dos-povos-kukama-e-tikuna\/","og_locale":"pt_BR","og_type":"article","og_title":"Jornalismo comunit\u00e1rio: experi\u00eancias dos povos Kukama e Tikuna - Repam","og_description":"Como resultado do processo de forma\u00e7\u00e3o, considera-se o desenvolvimento de um workshop conjunto que re\u00fana 24 rep\u00f3rteres ind\u00edgenas (refer\u00eancias) das comunidades destacadas no projeto, 8 representantes das r\u00e1dios Ucamara e Eware, 8 convidados especiais que compartilhem experi\u00eancias significativas de jornalismo comunit\u00e1rio na regi\u00e3o da tr\u00edplice fronteira Brasil\u2013Col\u00f4mbia\u2013Peru, os 3 instrutores que acompanharam as jornadas de [&hellip;]","og_url":"https:\/\/www.repam.net\/pt\/kukama-tikuna-maguta\/jornalismo-comunitario-experiencias-dos-povos-kukama-e-tikuna\/","og_site_name":"Repam","article_modified_time":"2025-11-06T02:36:24+00:00","og_image":[{"url":"https:\/\/www.repam.net\/pt\/wp-content\/uploads\/2025\/11\/pngwing.com_.png","type":"","width":"","height":""}],"twitter_card":"summary_large_image","twitter_misc":{"Est. tempo de leitura":"2 minutos"},"schema":{"@context":"https:\/\/schema.org","@graph":[{"@type":"WebPage","@id":"https:\/\/www.repam.net\/pt\/kukama-tikuna-maguta\/jornalismo-comunitario-experiencias-dos-povos-kukama-e-tikuna\/","url":"https:\/\/www.repam.net\/pt\/kukama-tikuna-maguta\/jornalismo-comunitario-experiencias-dos-povos-kukama-e-tikuna\/","name":"Jornalismo comunit\u00e1rio: experi\u00eancias dos povos Kukama e Tikuna - Repam","isPartOf":{"@id":"https:\/\/www.repam.net\/pt\/#website"},"primaryImageOfPage":{"@id":"https:\/\/www.repam.net\/pt\/kukama-tikuna-maguta\/jornalismo-comunitario-experiencias-dos-povos-kukama-e-tikuna\/#primaryimage"},"image":{"@id":"https:\/\/www.repam.net\/pt\/kukama-tikuna-maguta\/jornalismo-comunitario-experiencias-dos-povos-kukama-e-tikuna\/#primaryimage"},"thumbnailUrl":"https:\/\/www.repam.net\/pt\/wp-content\/uploads\/2025\/11\/pngwing.com_.png","datePublished":"2025-11-05T20:23:37+00:00","dateModified":"2025-11-06T02:36:24+00:00","breadcrumb":{"@id":"https:\/\/www.repam.net\/pt\/kukama-tikuna-maguta\/jornalismo-comunitario-experiencias-dos-povos-kukama-e-tikuna\/#breadcrumb"},"inLanguage":"pt-BR","potentialAction":[{"@type":"ReadAction","target":["https:\/\/www.repam.net\/pt\/kukama-tikuna-maguta\/jornalismo-comunitario-experiencias-dos-povos-kukama-e-tikuna\/"]}]},{"@type":"ImageObject","inLanguage":"pt-BR","@id":"https:\/\/www.repam.net\/pt\/kukama-tikuna-maguta\/jornalismo-comunitario-experiencias-dos-povos-kukama-e-tikuna\/#primaryimage","url":"https:\/\/www.repam.net\/pt\/wp-content\/uploads\/2025\/11\/pngwing.com_.png","contentUrl":"https:\/\/www.repam.net\/pt\/wp-content\/uploads\/2025\/11\/pngwing.com_.png","width":500,"height":500},{"@type":"BreadcrumbList","@id":"https:\/\/www.repam.net\/pt\/kukama-tikuna-maguta\/jornalismo-comunitario-experiencias-dos-povos-kukama-e-tikuna\/#breadcrumb","itemListElement":[{"@type":"ListItem","position":1,"name":"In\u00edcio","item":"https:\/\/www.repam.net\/pt\/"},{"@type":"ListItem","position":2,"name":"Kukama-Tikuna-Mag\u00fcta","item":"https:\/\/www.repam.net\/pt\/kukama-tikuna-maguta\/"},{"@type":"ListItem","position":3,"name":"Jornalismo comunit\u00e1rio: experi\u00eancias dos povos Kukama e Tikuna"}]},{"@type":"WebSite","@id":"https:\/\/www.repam.net\/pt\/#website","url":"https:\/\/www.repam.net\/pt\/","name":"Repam","description":"Rede Eclesial Pan-amaz\u00f4nica","publisher":{"@id":"https:\/\/www.repam.net\/pt\/#organization"},"potentialAction":[{"@type":"SearchAction","target":{"@type":"EntryPoint","urlTemplate":"https:\/\/www.repam.net\/pt\/?s={search_term_string}"},"query-input":{"@type":"PropertyValueSpecification","valueRequired":true,"valueName":"search_term_string"}}],"inLanguage":"pt-BR"},{"@type":"Organization","@id":"https:\/\/www.repam.net\/pt\/#organization","name":"Repam","url":"https:\/\/www.repam.net\/pt\/","logo":{"@type":"ImageObject","inLanguage":"pt-BR","@id":"https:\/\/www.repam.net\/pt\/#\/schema\/logo\/image\/","url":"https:\/\/www.repam.net\/pt\/wp-content\/uploads\/2022\/02\/15.-REPAM-BRASIL.jpg","contentUrl":"https:\/\/www.repam.net\/pt\/wp-content\/uploads\/2022\/02\/15.-REPAM-BRASIL.jpg","width":231,"height":230,"caption":"Repam"},"image":{"@id":"https:\/\/www.repam.net\/pt\/#\/schema\/logo\/image\/"}}]}},"_links":{"self":[{"href":"https:\/\/www.repam.net\/pt\/wp-json\/wp\/v2\/pages\/3915","targetHints":{"allow":["GET"]}}],"collection":[{"href":"https:\/\/www.repam.net\/pt\/wp-json\/wp\/v2\/pages"}],"about":[{"href":"https:\/\/www.repam.net\/pt\/wp-json\/wp\/v2\/types\/page"}],"author":[{"embeddable":true,"href":"https:\/\/www.repam.net\/pt\/wp-json\/wp\/v2\/users\/1"}],"replies":[{"embeddable":true,"href":"https:\/\/www.repam.net\/pt\/wp-json\/wp\/v2\/comments?post=3915"}],"version-history":[{"count":6,"href":"https:\/\/www.repam.net\/pt\/wp-json\/wp\/v2\/pages\/3915\/revisions"}],"predecessor-version":[{"id":3962,"href":"https:\/\/www.repam.net\/pt\/wp-json\/wp\/v2\/pages\/3915\/revisions\/3962"}],"up":[{"embeddable":true,"href":"https:\/\/www.repam.net\/pt\/wp-json\/wp\/v2\/pages\/3658"}],"wp:attachment":[{"href":"https:\/\/www.repam.net\/pt\/wp-json\/wp\/v2\/media?parent=3915"}],"curies":[{"name":"wp","href":"https:\/\/api.w.org\/{rel}","templated":true}]}}