{"id":53,"date":"2022-01-21T12:07:42","date_gmt":"2022-01-21T15:07:42","guid":{"rendered":"http:\/\/repam.net\/pt\/?page_id=53"},"modified":"2022-03-18T17:47:03","modified_gmt":"2022-03-18T20:47:03","slug":"pos-sinodo","status":"publish","type":"page","link":"https:\/\/www.repam.net\/pt\/sinodo-amazonico\/pos-sinodo\/","title":{"rendered":"P\u00f3s-S\u00ednodo"},"content":{"rendered":"\n<p>A etapa mais importante \u00e9 a etapa p\u00f3s-sinodal, onde acontecem as transforma\u00e7\u00f5es reais e o caminho para nossa Igreja com uma face amaz\u00f4nica.<\/p>\n\n\n\n<p>Como gesto concreto, o Papa Francisco escreveu uma Exorta\u00e7\u00e3o p\u00f3s-sinodal intitulada &#8220;Querida Amaz\u00f4nia&#8221;, onde nos convida a implementar as propostas do Documento Final e compartilhar os &#8220;sonhos&#8221; que ele tem para a Amaz\u00f4nia em n\u00edvel social, ecol\u00f3gico, cultural e eclesial. A partir da\u00ed, as orienta\u00e7\u00f5es priorit\u00e1rias est\u00e3o sendo estabelecidas com base em tudo o que foi experimentado no processo sinodal, com a confirma\u00e7\u00e3o do Papa para nossa miss\u00e3o, que j\u00e1 foi cheia de vida no territ\u00f3rio, mas com for\u00e7a renovada e mais clareza.<\/p>\n\n\n\n<p>EXPORTA\u00c7\u00c3O APOST\u00d3LICA &#8220;DEAR AMAZ\u00d4NIA&#8221; &#8211; Papa Francisco<\/p>\n\n\n\n<p>VERS\u00c3O POPULAR DA &#8220;QUERIDA AMAZ\u00d4NIA&#8221; COM AS PROPOSTAS DO DOCUMENTO FINAL DO S\u00cdNODO DA AMAZ\u00d4NIA<\/p>\n\n\n\n<p>GUIA METODOL\u00d3GICO PARA RETORNAR AO TERRIT\u00d3RIO<\/p>\n\n\n\n<p>FUNDA\u00c7\u00c3O DA CONFER\u00caNCIA ECLESIAL DA AMAZ\u00d4NIA &#8211; CEAMA<\/p>\n","protected":false},"excerpt":{"rendered":"<p>A etapa mais importante \u00e9 a etapa p\u00f3s-sinodal, onde acontecem as transforma\u00e7\u00f5es reais e o caminho para nossa Igreja com uma face amaz\u00f4nica. Como gesto concreto, o Papa Francisco escreveu uma Exorta\u00e7\u00e3o p\u00f3s-sinodal intitulada &#8220;Querida Amaz\u00f4nia&#8221;, onde nos convida a implementar as propostas do Documento Final e compartilhar os &#8220;sonhos&#8221; que ele tem para a [&hellip;]<\/p>\n","protected":false},"author":1,"featured_media":0,"parent":46,"menu_order":3,"comment_status":"closed","ping_status":"closed","template":"page-multipla.php","meta":{"_acf_changed":false,"_uf_show_specific_survey":0,"_uf_disable_surveys":false,"footnotes":""},"class_list":["post-53","page","type-page","status-publish","hentry"],"acf":[],"aioseo_notices":[],"yoast_head":"<!-- This site is optimized with the Yoast SEO plugin v24.2 - https:\/\/yoast.com\/wordpress\/plugins\/seo\/ -->\n<title>P\u00f3s-S\u00ednodo - Repam<\/title>\n<meta name=\"robots\" content=\"index, follow, max-snippet:-1, max-image-preview:large, max-video-preview:-1\" \/>\n<link rel=\"canonical\" href=\"https:\/\/www.repam.net\/pt\/sinodo-amazonico\/pos-sinodo\/\" \/>\n<meta property=\"og:locale\" content=\"pt_BR\" \/>\n<meta property=\"og:type\" content=\"article\" \/>\n<meta property=\"og:title\" content=\"P\u00f3s-S\u00ednodo - Repam\" \/>\n<meta property=\"og:description\" content=\"A etapa mais importante \u00e9 a etapa p\u00f3s-sinodal, onde acontecem as transforma\u00e7\u00f5es reais e o caminho para nossa Igreja com uma face amaz\u00f4nica. Como gesto concreto, o Papa Francisco escreveu uma Exorta\u00e7\u00e3o p\u00f3s-sinodal intitulada &#8220;Querida Amaz\u00f4nia&#8221;, onde nos convida a implementar as propostas do Documento Final e compartilhar os &#8220;sonhos&#8221; que ele tem para a [&hellip;]\" \/>\n<meta property=\"og:url\" content=\"https:\/\/www.repam.net\/pt\/sinodo-amazonico\/pos-sinodo\/\" \/>\n<meta property=\"og:site_name\" content=\"Repam\" \/>\n<meta property=\"article:modified_time\" content=\"2022-03-18T20:47:03+00:00\" \/>\n<meta name=\"twitter:card\" content=\"summary_large_image\" \/>\n<meta name=\"twitter:label1\" content=\"Est. tempo de leitura\" \/>\n\t<meta name=\"twitter:data1\" content=\"1 minuto\" \/>\n<script type=\"application\/ld+json\" class=\"yoast-schema-graph\">{\"@context\":\"https:\/\/schema.org\",\"@graph\":[{\"@type\":\"WebPage\",\"@id\":\"https:\/\/www.repam.net\/pt\/sinodo-amazonico\/pos-sinodo\/\",\"url\":\"https:\/\/www.repam.net\/pt\/sinodo-amazonico\/pos-sinodo\/\",\"name\":\"P\u00f3s-S\u00ednodo - Repam\",\"isPartOf\":{\"@id\":\"https:\/\/www.repam.net\/pt\/#website\"},\"datePublished\":\"2022-01-21T15:07:42+00:00\",\"dateModified\":\"2022-03-18T20:47:03+00:00\",\"breadcrumb\":{\"@id\":\"https:\/\/www.repam.net\/pt\/sinodo-amazonico\/pos-sinodo\/#breadcrumb\"},\"inLanguage\":\"pt-BR\",\"potentialAction\":[{\"@type\":\"ReadAction\",\"target\":[\"https:\/\/www.repam.net\/pt\/sinodo-amazonico\/pos-sinodo\/\"]}]},{\"@type\":\"BreadcrumbList\",\"@id\":\"https:\/\/www.repam.net\/pt\/sinodo-amazonico\/pos-sinodo\/#breadcrumb\",\"itemListElement\":[{\"@type\":\"ListItem\",\"position\":1,\"name\":\"In\u00edcio\",\"item\":\"https:\/\/www.repam.net\/pt\/\"},{\"@type\":\"ListItem\",\"position\":2,\"name\":\"S\u00ednodo Amaz\u00f4nico\",\"item\":\"https:\/\/www.repam.net\/pt\/sinodo-amazonico\/\"},{\"@type\":\"ListItem\",\"position\":3,\"name\":\"P\u00f3s-S\u00ednodo\"}]},{\"@type\":\"WebSite\",\"@id\":\"https:\/\/www.repam.net\/pt\/#website\",\"url\":\"https:\/\/www.repam.net\/pt\/\",\"name\":\"Repam\",\"description\":\"Rede Eclesial Pan-amaz\u00f4nica\",\"publisher\":{\"@id\":\"https:\/\/www.repam.net\/pt\/#organization\"},\"potentialAction\":[{\"@type\":\"SearchAction\",\"target\":{\"@type\":\"EntryPoint\",\"urlTemplate\":\"https:\/\/www.repam.net\/pt\/?s={search_term_string}\"},\"query-input\":{\"@type\":\"PropertyValueSpecification\",\"valueRequired\":true,\"valueName\":\"search_term_string\"}}],\"inLanguage\":\"pt-BR\"},{\"@type\":\"Organization\",\"@id\":\"https:\/\/www.repam.net\/pt\/#organization\",\"name\":\"Repam\",\"url\":\"https:\/\/www.repam.net\/pt\/\",\"logo\":{\"@type\":\"ImageObject\",\"inLanguage\":\"pt-BR\",\"@id\":\"https:\/\/www.repam.net\/pt\/#\/schema\/logo\/image\/\",\"url\":\"https:\/\/www.repam.net\/pt\/wp-content\/uploads\/2022\/02\/15.-REPAM-BRASIL.jpg\",\"contentUrl\":\"https:\/\/www.repam.net\/pt\/wp-content\/uploads\/2022\/02\/15.-REPAM-BRASIL.jpg\",\"width\":231,\"height\":230,\"caption\":\"Repam\"},\"image\":{\"@id\":\"https:\/\/www.repam.net\/pt\/#\/schema\/logo\/image\/\"}}]}<\/script>\n<!-- \/ Yoast SEO plugin. -->","yoast_head_json":{"title":"P\u00f3s-S\u00ednodo - Repam","robots":{"index":"index","follow":"follow","max-snippet":"max-snippet:-1","max-image-preview":"max-image-preview:large","max-video-preview":"max-video-preview:-1"},"canonical":"https:\/\/www.repam.net\/pt\/sinodo-amazonico\/pos-sinodo\/","og_locale":"pt_BR","og_type":"article","og_title":"P\u00f3s-S\u00ednodo - Repam","og_description":"A etapa mais importante \u00e9 a etapa p\u00f3s-sinodal, onde acontecem as transforma\u00e7\u00f5es reais e o caminho para nossa Igreja com uma face amaz\u00f4nica. Como gesto concreto, o Papa Francisco escreveu uma Exorta\u00e7\u00e3o p\u00f3s-sinodal intitulada &#8220;Querida Amaz\u00f4nia&#8221;, onde nos convida a implementar as propostas do Documento Final e compartilhar os &#8220;sonhos&#8221; que ele tem para a [&hellip;]","og_url":"https:\/\/www.repam.net\/pt\/sinodo-amazonico\/pos-sinodo\/","og_site_name":"Repam","article_modified_time":"2022-03-18T20:47:03+00:00","twitter_card":"summary_large_image","twitter_misc":{"Est. tempo de leitura":"1 minuto"},"schema":{"@context":"https:\/\/schema.org","@graph":[{"@type":"WebPage","@id":"https:\/\/www.repam.net\/pt\/sinodo-amazonico\/pos-sinodo\/","url":"https:\/\/www.repam.net\/pt\/sinodo-amazonico\/pos-sinodo\/","name":"P\u00f3s-S\u00ednodo - Repam","isPartOf":{"@id":"https:\/\/www.repam.net\/pt\/#website"},"datePublished":"2022-01-21T15:07:42+00:00","dateModified":"2022-03-18T20:47:03+00:00","breadcrumb":{"@id":"https:\/\/www.repam.net\/pt\/sinodo-amazonico\/pos-sinodo\/#breadcrumb"},"inLanguage":"pt-BR","potentialAction":[{"@type":"ReadAction","target":["https:\/\/www.repam.net\/pt\/sinodo-amazonico\/pos-sinodo\/"]}]},{"@type":"BreadcrumbList","@id":"https:\/\/www.repam.net\/pt\/sinodo-amazonico\/pos-sinodo\/#breadcrumb","itemListElement":[{"@type":"ListItem","position":1,"name":"In\u00edcio","item":"https:\/\/www.repam.net\/pt\/"},{"@type":"ListItem","position":2,"name":"S\u00ednodo Amaz\u00f4nico","item":"https:\/\/www.repam.net\/pt\/sinodo-amazonico\/"},{"@type":"ListItem","position":3,"name":"P\u00f3s-S\u00ednodo"}]},{"@type":"WebSite","@id":"https:\/\/www.repam.net\/pt\/#website","url":"https:\/\/www.repam.net\/pt\/","name":"Repam","description":"Rede Eclesial Pan-amaz\u00f4nica","publisher":{"@id":"https:\/\/www.repam.net\/pt\/#organization"},"potentialAction":[{"@type":"SearchAction","target":{"@type":"EntryPoint","urlTemplate":"https:\/\/www.repam.net\/pt\/?s={search_term_string}"},"query-input":{"@type":"PropertyValueSpecification","valueRequired":true,"valueName":"search_term_string"}}],"inLanguage":"pt-BR"},{"@type":"Organization","@id":"https:\/\/www.repam.net\/pt\/#organization","name":"Repam","url":"https:\/\/www.repam.net\/pt\/","logo":{"@type":"ImageObject","inLanguage":"pt-BR","@id":"https:\/\/www.repam.net\/pt\/#\/schema\/logo\/image\/","url":"https:\/\/www.repam.net\/pt\/wp-content\/uploads\/2022\/02\/15.-REPAM-BRASIL.jpg","contentUrl":"https:\/\/www.repam.net\/pt\/wp-content\/uploads\/2022\/02\/15.-REPAM-BRASIL.jpg","width":231,"height":230,"caption":"Repam"},"image":{"@id":"https:\/\/www.repam.net\/pt\/#\/schema\/logo\/image\/"}}]}},"_links":{"self":[{"href":"https:\/\/www.repam.net\/pt\/wp-json\/wp\/v2\/pages\/53","targetHints":{"allow":["GET"]}}],"collection":[{"href":"https:\/\/www.repam.net\/pt\/wp-json\/wp\/v2\/pages"}],"about":[{"href":"https:\/\/www.repam.net\/pt\/wp-json\/wp\/v2\/types\/page"}],"author":[{"embeddable":true,"href":"https:\/\/www.repam.net\/pt\/wp-json\/wp\/v2\/users\/1"}],"replies":[{"embeddable":true,"href":"https:\/\/www.repam.net\/pt\/wp-json\/wp\/v2\/comments?post=53"}],"version-history":[{"count":2,"href":"https:\/\/www.repam.net\/pt\/wp-json\/wp\/v2\/pages\/53\/revisions"}],"predecessor-version":[{"id":912,"href":"https:\/\/www.repam.net\/pt\/wp-json\/wp\/v2\/pages\/53\/revisions\/912"}],"up":[{"embeddable":true,"href":"https:\/\/www.repam.net\/pt\/wp-json\/wp\/v2\/pages\/46"}],"wp:attachment":[{"href":"https:\/\/www.repam.net\/pt\/wp-json\/wp\/v2\/media?parent=53"}],"curies":[{"name":"wp","href":"https:\/\/api.w.org\/{rel}","templated":true}]}}