{"id":71,"date":"2022-01-21T12:32:21","date_gmt":"2022-01-21T15:32:21","guid":{"rendered":"http:\/\/repam.net\/pt\/?page_id=71"},"modified":"2022-01-21T19:47:25","modified_gmt":"2022-01-21T22:47:25","slug":"o-viajante-de-assis","status":"publish","type":"page","link":"https:\/\/www.repam.net\/pt\/publicacoes\/o-viajante-de-assis\/","title":{"rendered":"O Viajante de Assis"},"content":{"rendered":"\n<p>Os 8 cap\u00edtulos da s\u00e9rie \u201cO Viajante de Assis\u201d, misturam formatos animados e document\u00e1rios nos quais S\u00e3o Francisco de Assis visita muitos lugares da Am\u00e9rica Latina e, desde a vida cotidiana, passa pela forma como nos relacionamos com a Casa Comum, com nossos irm\u00e3os e irm\u00e3s, e como vivemos o paradigma de consumo que produz a cultura do descarte.&nbsp;<\/p>\n\n\n\n<p>Ao mesmo tempo, nos apresenta respostas cheias de esperan\u00e7a nas quais muitas comunidades se organizam e trabalham juntas para o futuro e o presente.<\/p>\n\n\n\n<div class=\"wp-block-columns is-layout-flex wp-container-core-columns-is-layout-9d6595d7 wp-block-columns-is-layout-flex\">\n<div class=\"wp-block-column is-layout-flow wp-block-column-is-layout-flow\">\n<figure class=\"wp-block-embed is-type-video is-provider-youtube wp-block-embed-youtube wp-embed-aspect-16-9 wp-has-aspect-ratio\"><div class=\"wp-block-embed__wrapper\">\n<iframe loading=\"lazy\" title=\"O VIAJANTE DE ASSIS - \u201cReciclando o descarte\u201d capitulo 1\" width=\"500\" height=\"281\" src=\"https:\/\/www.youtube.com\/embed\/g0zhUfNbQzs?list=PLzlcvg4GuiUZPiNhEHsHNllqrO_7hp6K5\" frameborder=\"0\" allow=\"accelerometer; autoplay; clipboard-write; encrypted-media; gyroscope; picture-in-picture; web-share\" referrerpolicy=\"strict-origin-when-cross-origin\" allowfullscreen><\/iframe>\n<\/div><figcaption>Reciclando o descarte<\/figcaption><\/figure>\n<\/div>\n\n\n\n<div class=\"wp-block-column is-layout-flow wp-block-column-is-layout-flow\">\n<figure class=\"wp-block-embed is-type-video is-provider-youtube wp-block-embed-youtube wp-embed-aspect-16-9 wp-has-aspect-ratio\"><div class=\"wp-block-embed__wrapper\">\n<iframe loading=\"lazy\" title=\"O VIAJANTE DE ASSIS- \u201cPedalando para a mudan\u00e7a\u201d -\" width=\"500\" height=\"281\" src=\"https:\/\/www.youtube.com\/embed\/g5fFqBoJoxc?list=PLzlcvg4GuiUZPiNhEHsHNllqrO_7hp6K5\" frameborder=\"0\" allow=\"accelerometer; autoplay; clipboard-write; encrypted-media; gyroscope; picture-in-picture; web-share\" referrerpolicy=\"strict-origin-when-cross-origin\" allowfullscreen><\/iframe>\n<\/div><figcaption>Pedalando para a mudan\u00e7a<\/figcaption><\/figure>\n<\/div>\n\n\n\n<div class=\"wp-block-column is-layout-flow wp-block-column-is-layout-flow\">\n<figure class=\"wp-block-embed is-type-video is-provider-youtube wp-block-embed-youtube wp-embed-aspect-16-9 wp-has-aspect-ratio\"><div class=\"wp-block-embed__wrapper\">\n<iframe loading=\"lazy\" title=\"O VIAJANTE DE ASSIS - \u201cFalta de \u00e1gua?\u201d\" width=\"500\" height=\"281\" src=\"https:\/\/www.youtube.com\/embed\/uLGit5UGWkg?list=PLzlcvg4GuiUZPiNhEHsHNllqrO_7hp6K5\" frameborder=\"0\" allow=\"accelerometer; autoplay; clipboard-write; encrypted-media; gyroscope; picture-in-picture; web-share\" referrerpolicy=\"strict-origin-when-cross-origin\" allowfullscreen><\/iframe>\n<\/div><figcaption>Falta de \u00e1gua?<\/figcaption><\/figure>\n<\/div>\n<\/div>\n\n\n\n<div class=\"wp-block-columns is-layout-flex wp-container-core-columns-is-layout-9d6595d7 wp-block-columns-is-layout-flex\">\n<div class=\"wp-block-column is-layout-flow wp-block-column-is-layout-flow\">\n<figure class=\"wp-block-embed is-type-video is-provider-youtube wp-block-embed-youtube wp-embed-aspect-16-9 wp-has-aspect-ratio\"><div class=\"wp-block-embed__wrapper\">\n<iframe loading=\"lazy\" title=\"O VIAJANTE DE ASSIS - Cap\u00edtulo 4 &quot;Semear Esperan\u00e7a&quot;\" width=\"500\" height=\"281\" src=\"https:\/\/www.youtube.com\/embed\/m_Z4z-EafHY?list=PLzlcvg4GuiUZPiNhEHsHNllqrO_7hp6K5\" frameborder=\"0\" allow=\"accelerometer; autoplay; clipboard-write; encrypted-media; gyroscope; picture-in-picture; web-share\" referrerpolicy=\"strict-origin-when-cross-origin\" allowfullscreen><\/iframe>\n<\/div><figcaption>Semear Esperan\u00e7a<\/figcaption><\/figure>\n<\/div>\n\n\n\n<div class=\"wp-block-column is-layout-flow wp-block-column-is-layout-flow\">\n<figure class=\"wp-block-embed is-type-video is-provider-youtube wp-block-embed-youtube wp-embed-aspect-16-9 wp-has-aspect-ratio\"><div class=\"wp-block-embed__wrapper\">\n<iframe loading=\"lazy\" title=\"O VIAJANTE DE ASSIS &quot;O VALOR DO OURO&quot; capitulo 5\" width=\"500\" height=\"281\" src=\"https:\/\/www.youtube.com\/embed\/ZY3zuSYKyXs?list=PLzlcvg4GuiUZPiNhEHsHNllqrO_7hp6K5\" frameborder=\"0\" allow=\"accelerometer; autoplay; clipboard-write; encrypted-media; gyroscope; picture-in-picture; web-share\" referrerpolicy=\"strict-origin-when-cross-origin\" allowfullscreen><\/iframe>\n<\/div><figcaption>O valor do ouro<\/figcaption><\/figure>\n<\/div>\n\n\n\n<div class=\"wp-block-column is-layout-flow wp-block-column-is-layout-flow\">\n<figure class=\"wp-block-embed is-type-video is-provider-youtube wp-block-embed-youtube wp-embed-aspect-16-9 wp-has-aspect-ratio\"><div class=\"wp-block-embed__wrapper\">\n<iframe loading=\"lazy\" title=\"O VIAJANTE DE ASSIS &quot;GUARDI\u00d5ES DA VIDA&quot; Capitulo 6\" width=\"500\" height=\"281\" src=\"https:\/\/www.youtube.com\/embed\/j4TVrKZrcm8?list=PLzlcvg4GuiUZPiNhEHsHNllqrO_7hp6K5\" frameborder=\"0\" allow=\"accelerometer; autoplay; clipboard-write; encrypted-media; gyroscope; picture-in-picture; web-share\" referrerpolicy=\"strict-origin-when-cross-origin\" allowfullscreen><\/iframe>\n<\/div><figcaption>Guardi\u00f5es da vida<\/figcaption><\/figure>\n<\/div>\n<\/div>\n\n\n\n<div class=\"wp-block-columns is-layout-flex wp-container-core-columns-is-layout-9d6595d7 wp-block-columns-is-layout-flex\">\n<div class=\"wp-block-column is-layout-flow wp-block-column-is-layout-flow\">\n<figure class=\"wp-block-embed is-type-video is-provider-youtube wp-block-embed-youtube wp-embed-aspect-16-9 wp-has-aspect-ratio\"><div class=\"wp-block-embed__wrapper\">\n<iframe loading=\"lazy\" title=\"O VIAJANTE DE ASSIS &quot;A conveni\u00eancia da onda contempor\u00e2nea&quot; Capitulo 7\" width=\"500\" height=\"281\" src=\"https:\/\/www.youtube.com\/embed\/EylotjszKjM?list=PLzlcvg4GuiUZPiNhEHsHNllqrO_7hp6K5\" frameborder=\"0\" allow=\"accelerometer; autoplay; clipboard-write; encrypted-media; gyroscope; picture-in-picture; web-share\" referrerpolicy=\"strict-origin-when-cross-origin\" allowfullscreen><\/iframe>\n<\/div><figcaption>A conveni\u00eancia da onda contempor\u00e2nea<\/figcaption><\/figure>\n<\/div>\n\n\n\n<div class=\"wp-block-column is-layout-flow wp-block-column-is-layout-flow\">\n<figure class=\"wp-block-embed is-type-video is-provider-youtube wp-block-embed-youtube wp-embed-aspect-16-9 wp-has-aspect-ratio\"><div class=\"wp-block-embed__wrapper\">\n<iframe loading=\"lazy\" title=\"O VIAJANTE DE ASSIS &quot;S\u00d3 NOS RESTOU IR PARA O NORTE&quot; Capitulo 8\" width=\"500\" height=\"281\" src=\"https:\/\/www.youtube.com\/embed\/YAz4aO6BSxA?list=PLzlcvg4GuiUZPiNhEHsHNllqrO_7hp6K5\" frameborder=\"0\" allow=\"accelerometer; autoplay; clipboard-write; encrypted-media; gyroscope; picture-in-picture; web-share\" referrerpolicy=\"strict-origin-when-cross-origin\" allowfullscreen><\/iframe>\n<\/div><figcaption>S\u00f3 nos restou ir para o Norte<\/figcaption><\/figure>\n<\/div>\n\n\n\n<div class=\"wp-block-column is-layout-flow wp-block-column-is-layout-flow\"><\/div>\n<\/div>\n","protected":false},"excerpt":{"rendered":"<p>Os 8 cap\u00edtulos da s\u00e9rie \u201cO Viajante de Assis\u201d, misturam formatos animados e document\u00e1rios nos quais S\u00e3o Francisco de Assis visita muitos lugares da Am\u00e9rica Latina e, desde a vida cotidiana, passa pela forma como nos relacionamos com a Casa Comum, com nossos irm\u00e3os e irm\u00e3s, e como vivemos o paradigma de consumo que produz [&hellip;]<\/p>\n","protected":false},"author":1,"featured_media":0,"parent":129,"menu_order":60,"comment_status":"closed","ping_status":"closed","template":"","meta":{"_acf_changed":false,"_uf_show_specific_survey":0,"_uf_disable_surveys":false,"footnotes":""},"class_list":["post-71","page","type-page","status-publish","hentry"],"acf":[],"aioseo_notices":[],"yoast_head":"<!-- This site is optimized with the Yoast SEO plugin v24.2 - https:\/\/yoast.com\/wordpress\/plugins\/seo\/ -->\n<title>O Viajante de Assis - Repam<\/title>\n<meta name=\"robots\" content=\"index, follow, max-snippet:-1, max-image-preview:large, max-video-preview:-1\" \/>\n<link rel=\"canonical\" href=\"https:\/\/www.repam.net\/pt\/publicacoes\/o-viajante-de-assis\/\" \/>\n<meta property=\"og:locale\" content=\"pt_BR\" \/>\n<meta property=\"og:type\" content=\"article\" \/>\n<meta property=\"og:title\" content=\"O Viajante de Assis - Repam\" \/>\n<meta property=\"og:description\" content=\"Os 8 cap\u00edtulos da s\u00e9rie \u201cO Viajante de Assis\u201d, misturam formatos animados e document\u00e1rios nos quais S\u00e3o Francisco de Assis visita muitos lugares da Am\u00e9rica Latina e, desde a vida cotidiana, passa pela forma como nos relacionamos com a Casa Comum, com nossos irm\u00e3os e irm\u00e3s, e como vivemos o paradigma de consumo que produz [&hellip;]\" \/>\n<meta property=\"og:url\" content=\"https:\/\/www.repam.net\/pt\/publicacoes\/o-viajante-de-assis\/\" \/>\n<meta property=\"og:site_name\" content=\"Repam\" \/>\n<meta property=\"article:modified_time\" content=\"2022-01-21T22:47:25+00:00\" \/>\n<meta name=\"twitter:card\" content=\"summary_large_image\" \/>\n<meta name=\"twitter:label1\" content=\"Est. tempo de leitura\" \/>\n\t<meta name=\"twitter:data1\" content=\"1 minuto\" \/>\n<script type=\"application\/ld+json\" class=\"yoast-schema-graph\">{\"@context\":\"https:\/\/schema.org\",\"@graph\":[{\"@type\":\"WebPage\",\"@id\":\"https:\/\/www.repam.net\/pt\/publicacoes\/o-viajante-de-assis\/\",\"url\":\"https:\/\/www.repam.net\/pt\/publicacoes\/o-viajante-de-assis\/\",\"name\":\"O Viajante de Assis - Repam\",\"isPartOf\":{\"@id\":\"https:\/\/www.repam.net\/pt\/#website\"},\"datePublished\":\"2022-01-21T15:32:21+00:00\",\"dateModified\":\"2022-01-21T22:47:25+00:00\",\"breadcrumb\":{\"@id\":\"https:\/\/www.repam.net\/pt\/publicacoes\/o-viajante-de-assis\/#breadcrumb\"},\"inLanguage\":\"pt-BR\",\"potentialAction\":[{\"@type\":\"ReadAction\",\"target\":[\"https:\/\/www.repam.net\/pt\/publicacoes\/o-viajante-de-assis\/\"]}]},{\"@type\":\"BreadcrumbList\",\"@id\":\"https:\/\/www.repam.net\/pt\/publicacoes\/o-viajante-de-assis\/#breadcrumb\",\"itemListElement\":[{\"@type\":\"ListItem\",\"position\":1,\"name\":\"In\u00edcio\",\"item\":\"https:\/\/www.repam.net\/pt\/\"},{\"@type\":\"ListItem\",\"position\":2,\"name\":\"Publica\u00e7\u00f5es\",\"item\":\"https:\/\/www.repam.net\/pt\/publicacoes\/\"},{\"@type\":\"ListItem\",\"position\":3,\"name\":\"O Viajante de Assis\"}]},{\"@type\":\"WebSite\",\"@id\":\"https:\/\/www.repam.net\/pt\/#website\",\"url\":\"https:\/\/www.repam.net\/pt\/\",\"name\":\"Repam\",\"description\":\"Rede Eclesial Pan-amaz\u00f4nica\",\"publisher\":{\"@id\":\"https:\/\/www.repam.net\/pt\/#organization\"},\"potentialAction\":[{\"@type\":\"SearchAction\",\"target\":{\"@type\":\"EntryPoint\",\"urlTemplate\":\"https:\/\/www.repam.net\/pt\/?s={search_term_string}\"},\"query-input\":{\"@type\":\"PropertyValueSpecification\",\"valueRequired\":true,\"valueName\":\"search_term_string\"}}],\"inLanguage\":\"pt-BR\"},{\"@type\":\"Organization\",\"@id\":\"https:\/\/www.repam.net\/pt\/#organization\",\"name\":\"Repam\",\"url\":\"https:\/\/www.repam.net\/pt\/\",\"logo\":{\"@type\":\"ImageObject\",\"inLanguage\":\"pt-BR\",\"@id\":\"https:\/\/www.repam.net\/pt\/#\/schema\/logo\/image\/\",\"url\":\"https:\/\/www.repam.net\/pt\/wp-content\/uploads\/2022\/02\/15.-REPAM-BRASIL.jpg\",\"contentUrl\":\"https:\/\/www.repam.net\/pt\/wp-content\/uploads\/2022\/02\/15.-REPAM-BRASIL.jpg\",\"width\":231,\"height\":230,\"caption\":\"Repam\"},\"image\":{\"@id\":\"https:\/\/www.repam.net\/pt\/#\/schema\/logo\/image\/\"}}]}<\/script>\n<!-- \/ Yoast SEO plugin. -->","yoast_head_json":{"title":"O Viajante de Assis - Repam","robots":{"index":"index","follow":"follow","max-snippet":"max-snippet:-1","max-image-preview":"max-image-preview:large","max-video-preview":"max-video-preview:-1"},"canonical":"https:\/\/www.repam.net\/pt\/publicacoes\/o-viajante-de-assis\/","og_locale":"pt_BR","og_type":"article","og_title":"O Viajante de Assis - Repam","og_description":"Os 8 cap\u00edtulos da s\u00e9rie \u201cO Viajante de Assis\u201d, misturam formatos animados e document\u00e1rios nos quais S\u00e3o Francisco de Assis visita muitos lugares da Am\u00e9rica Latina e, desde a vida cotidiana, passa pela forma como nos relacionamos com a Casa Comum, com nossos irm\u00e3os e irm\u00e3s, e como vivemos o paradigma de consumo que produz [&hellip;]","og_url":"https:\/\/www.repam.net\/pt\/publicacoes\/o-viajante-de-assis\/","og_site_name":"Repam","article_modified_time":"2022-01-21T22:47:25+00:00","twitter_card":"summary_large_image","twitter_misc":{"Est. tempo de leitura":"1 minuto"},"schema":{"@context":"https:\/\/schema.org","@graph":[{"@type":"WebPage","@id":"https:\/\/www.repam.net\/pt\/publicacoes\/o-viajante-de-assis\/","url":"https:\/\/www.repam.net\/pt\/publicacoes\/o-viajante-de-assis\/","name":"O Viajante de Assis - Repam","isPartOf":{"@id":"https:\/\/www.repam.net\/pt\/#website"},"datePublished":"2022-01-21T15:32:21+00:00","dateModified":"2022-01-21T22:47:25+00:00","breadcrumb":{"@id":"https:\/\/www.repam.net\/pt\/publicacoes\/o-viajante-de-assis\/#breadcrumb"},"inLanguage":"pt-BR","potentialAction":[{"@type":"ReadAction","target":["https:\/\/www.repam.net\/pt\/publicacoes\/o-viajante-de-assis\/"]}]},{"@type":"BreadcrumbList","@id":"https:\/\/www.repam.net\/pt\/publicacoes\/o-viajante-de-assis\/#breadcrumb","itemListElement":[{"@type":"ListItem","position":1,"name":"In\u00edcio","item":"https:\/\/www.repam.net\/pt\/"},{"@type":"ListItem","position":2,"name":"Publica\u00e7\u00f5es","item":"https:\/\/www.repam.net\/pt\/publicacoes\/"},{"@type":"ListItem","position":3,"name":"O Viajante de Assis"}]},{"@type":"WebSite","@id":"https:\/\/www.repam.net\/pt\/#website","url":"https:\/\/www.repam.net\/pt\/","name":"Repam","description":"Rede Eclesial Pan-amaz\u00f4nica","publisher":{"@id":"https:\/\/www.repam.net\/pt\/#organization"},"potentialAction":[{"@type":"SearchAction","target":{"@type":"EntryPoint","urlTemplate":"https:\/\/www.repam.net\/pt\/?s={search_term_string}"},"query-input":{"@type":"PropertyValueSpecification","valueRequired":true,"valueName":"search_term_string"}}],"inLanguage":"pt-BR"},{"@type":"Organization","@id":"https:\/\/www.repam.net\/pt\/#organization","name":"Repam","url":"https:\/\/www.repam.net\/pt\/","logo":{"@type":"ImageObject","inLanguage":"pt-BR","@id":"https:\/\/www.repam.net\/pt\/#\/schema\/logo\/image\/","url":"https:\/\/www.repam.net\/pt\/wp-content\/uploads\/2022\/02\/15.-REPAM-BRASIL.jpg","contentUrl":"https:\/\/www.repam.net\/pt\/wp-content\/uploads\/2022\/02\/15.-REPAM-BRASIL.jpg","width":231,"height":230,"caption":"Repam"},"image":{"@id":"https:\/\/www.repam.net\/pt\/#\/schema\/logo\/image\/"}}]}},"_links":{"self":[{"href":"https:\/\/www.repam.net\/pt\/wp-json\/wp\/v2\/pages\/71","targetHints":{"allow":["GET"]}}],"collection":[{"href":"https:\/\/www.repam.net\/pt\/wp-json\/wp\/v2\/pages"}],"about":[{"href":"https:\/\/www.repam.net\/pt\/wp-json\/wp\/v2\/types\/page"}],"author":[{"embeddable":true,"href":"https:\/\/www.repam.net\/pt\/wp-json\/wp\/v2\/users\/1"}],"replies":[{"embeddable":true,"href":"https:\/\/www.repam.net\/pt\/wp-json\/wp\/v2\/comments?post=71"}],"version-history":[{"count":3,"href":"https:\/\/www.repam.net\/pt\/wp-json\/wp\/v2\/pages\/71\/revisions"}],"predecessor-version":[{"id":171,"href":"https:\/\/www.repam.net\/pt\/wp-json\/wp\/v2\/pages\/71\/revisions\/171"}],"up":[{"embeddable":true,"href":"https:\/\/www.repam.net\/pt\/wp-json\/wp\/v2\/pages\/129"}],"wp:attachment":[{"href":"https:\/\/www.repam.net\/pt\/wp-json\/wp\/v2\/media?parent=71"}],"curies":[{"name":"wp","href":"https:\/\/api.w.org\/{rel}","templated":true}]}}