{"id":862,"date":"2022-03-18T16:53:12","date_gmt":"2022-03-18T19:53:12","guid":{"rendered":"http:\/\/repam.net\/pt\/?page_id=862"},"modified":"2025-08-26T20:25:52","modified_gmt":"2025-08-26T23:25:52","slug":"igreja-nas-fronteiras","status":"publish","type":"page","link":"https:\/\/www.repam.net\/pt\/nucleos-tematicos\/igreja-nas-fronteiras\/","title":{"rendered":"Igreja nas Fronteiras"},"content":{"rendered":"<div class=\"wp-block-image\">\n<figure class=\"aligncenter size-full\"><img loading=\"lazy\" decoding=\"async\" width=\"1280\" height=\"720\" src=\"https:\/\/www.repam.net\/pt\/wp-content\/uploads\/2025\/08\/Igreja-em-fronteiras-1.jpg\" alt=\"\" class=\"wp-image-3590\" srcset=\"https:\/\/www.repam.net\/pt\/wp-content\/uploads\/2025\/08\/Igreja-em-fronteiras-1.jpg 1280w, https:\/\/www.repam.net\/pt\/wp-content\/uploads\/2025\/08\/Igreja-em-fronteiras-1-300x169.jpg 300w, https:\/\/www.repam.net\/pt\/wp-content\/uploads\/2025\/08\/Igreja-em-fronteiras-1-1024x576.jpg 1024w, https:\/\/www.repam.net\/pt\/wp-content\/uploads\/2025\/08\/Igreja-em-fronteiras-1-768x432.jpg 768w\" sizes=\"auto, (max-width: 1280px) 100vw, 1280px\" \/><\/figure>\n<\/div>\n\n\n<p>Buscar a articula\u00e7\u00e3o e colabora\u00e7\u00e3o entre Igrejas fronteiri\u00e7as de proximidade geogr\u00e1fica com temas, problemas e realidades similares, a fim de construir uma proposta inicial para o trabalho entre fronteiras.<\/p>\n\n\n\n<h2 class=\"wp-block-heading\"><strong>RESULTADOS PROPOSTOS<\/strong><\/h2>\n\n\n\n<p>&#8211; REPAM inst\u00e2ncia de di\u00e1logo e de tornar esta realidade compreens\u00edvel.<\/p>\n\n\n\n<p>&#8211; Pastoral encarnada e articulada, o que cria consenso sobre as fronteiras.<\/p>\n\n\n\n<p>&#8211; Projetos concretos e focalizados, em linha com a promo\u00e7\u00e3o da vida.<\/p>\n","protected":false},"excerpt":{"rendered":"<p>Buscar a articula\u00e7\u00e3o e colabora\u00e7\u00e3o entre Igrejas fronteiri\u00e7as de proximidade geogr\u00e1fica com temas, problemas e realidades similares, a fim de construir uma proposta inicial para o trabalho entre fronteiras. RESULTADOS PROPOSTOS &#8211; REPAM inst\u00e2ncia de di\u00e1logo e de tornar esta realidade compreens\u00edvel. &#8211; Pastoral encarnada e articulada, o que cria consenso sobre as fronteiras. &#8211; [&hellip;]<\/p>\n","protected":false},"author":1,"featured_media":0,"parent":39,"menu_order":1,"comment_status":"closed","ping_status":"closed","template":"page-multipla.php","meta":{"_acf_changed":false,"_uf_show_specific_survey":0,"_uf_disable_surveys":false,"footnotes":""},"class_list":["post-862","page","type-page","status-publish","hentry"],"acf":[],"aioseo_notices":[],"yoast_head":"<!-- This site is optimized with the Yoast SEO plugin v24.2 - https:\/\/yoast.com\/wordpress\/plugins\/seo\/ -->\n<title>Igreja nas Fronteiras - Repam<\/title>\n<meta name=\"robots\" content=\"index, follow, max-snippet:-1, max-image-preview:large, max-video-preview:-1\" \/>\n<link rel=\"canonical\" href=\"https:\/\/www.repam.net\/pt\/nucleos-tematicos\/igreja-nas-fronteiras\/\" \/>\n<meta property=\"og:locale\" content=\"pt_BR\" \/>\n<meta property=\"og:type\" content=\"article\" \/>\n<meta property=\"og:title\" content=\"Igreja nas Fronteiras - Repam\" \/>\n<meta property=\"og:description\" content=\"Buscar a articula\u00e7\u00e3o e colabora\u00e7\u00e3o entre Igrejas fronteiri\u00e7as de proximidade geogr\u00e1fica com temas, problemas e realidades similares, a fim de construir uma proposta inicial para o trabalho entre fronteiras. RESULTADOS PROPOSTOS &#8211; REPAM inst\u00e2ncia de di\u00e1logo e de tornar esta realidade compreens\u00edvel. &#8211; Pastoral encarnada e articulada, o que cria consenso sobre as fronteiras. &#8211; [&hellip;]\" \/>\n<meta property=\"og:url\" content=\"https:\/\/www.repam.net\/pt\/nucleos-tematicos\/igreja-nas-fronteiras\/\" \/>\n<meta property=\"og:site_name\" content=\"Repam\" \/>\n<meta property=\"article:modified_time\" content=\"2025-08-26T23:25:52+00:00\" \/>\n<meta property=\"og:image\" content=\"https:\/\/www.repam.net\/pt\/wp-content\/uploads\/2025\/08\/Igreja-em-fronteiras-1.jpg\" \/>\n\t<meta property=\"og:image:width\" content=\"1280\" \/>\n\t<meta property=\"og:image:height\" content=\"720\" \/>\n\t<meta property=\"og:image:type\" content=\"image\/jpeg\" \/>\n<meta name=\"twitter:card\" content=\"summary_large_image\" \/>\n<meta name=\"twitter:label1\" content=\"Est. tempo de leitura\" \/>\n\t<meta name=\"twitter:data1\" content=\"1 minuto\" \/>\n<script type=\"application\/ld+json\" class=\"yoast-schema-graph\">{\"@context\":\"https:\/\/schema.org\",\"@graph\":[{\"@type\":\"WebPage\",\"@id\":\"https:\/\/www.repam.net\/pt\/nucleos-tematicos\/igreja-nas-fronteiras\/\",\"url\":\"https:\/\/www.repam.net\/pt\/nucleos-tematicos\/igreja-nas-fronteiras\/\",\"name\":\"Igreja nas Fronteiras - Repam\",\"isPartOf\":{\"@id\":\"https:\/\/www.repam.net\/pt\/#website\"},\"primaryImageOfPage\":{\"@id\":\"https:\/\/www.repam.net\/pt\/nucleos-tematicos\/igreja-nas-fronteiras\/#primaryimage\"},\"image\":{\"@id\":\"https:\/\/www.repam.net\/pt\/nucleos-tematicos\/igreja-nas-fronteiras\/#primaryimage\"},\"thumbnailUrl\":\"https:\/\/www.repam.net\/pt\/wp-content\/uploads\/2025\/08\/Igreja-em-fronteiras-1.jpg\",\"datePublished\":\"2022-03-18T19:53:12+00:00\",\"dateModified\":\"2025-08-26T23:25:52+00:00\",\"breadcrumb\":{\"@id\":\"https:\/\/www.repam.net\/pt\/nucleos-tematicos\/igreja-nas-fronteiras\/#breadcrumb\"},\"inLanguage\":\"pt-BR\",\"potentialAction\":[{\"@type\":\"ReadAction\",\"target\":[\"https:\/\/www.repam.net\/pt\/nucleos-tematicos\/igreja-nas-fronteiras\/\"]}]},{\"@type\":\"ImageObject\",\"inLanguage\":\"pt-BR\",\"@id\":\"https:\/\/www.repam.net\/pt\/nucleos-tematicos\/igreja-nas-fronteiras\/#primaryimage\",\"url\":\"https:\/\/www.repam.net\/pt\/wp-content\/uploads\/2025\/08\/Igreja-em-fronteiras-1.jpg\",\"contentUrl\":\"https:\/\/www.repam.net\/pt\/wp-content\/uploads\/2025\/08\/Igreja-em-fronteiras-1.jpg\",\"width\":1280,\"height\":720},{\"@type\":\"BreadcrumbList\",\"@id\":\"https:\/\/www.repam.net\/pt\/nucleos-tematicos\/igreja-nas-fronteiras\/#breadcrumb\",\"itemListElement\":[{\"@type\":\"ListItem\",\"position\":1,\"name\":\"In\u00edcio\",\"item\":\"https:\/\/www.repam.net\/pt\/\"},{\"@type\":\"ListItem\",\"position\":2,\"name\":\"N\u00facleos Tem\u00e1ticos\",\"item\":\"https:\/\/www.repam.net\/pt\/nucleos-tematicos\/\"},{\"@type\":\"ListItem\",\"position\":3,\"name\":\"Igreja nas Fronteiras\"}]},{\"@type\":\"WebSite\",\"@id\":\"https:\/\/www.repam.net\/pt\/#website\",\"url\":\"https:\/\/www.repam.net\/pt\/\",\"name\":\"Repam\",\"description\":\"Rede Eclesial Pan-amaz\u00f4nica\",\"publisher\":{\"@id\":\"https:\/\/www.repam.net\/pt\/#organization\"},\"potentialAction\":[{\"@type\":\"SearchAction\",\"target\":{\"@type\":\"EntryPoint\",\"urlTemplate\":\"https:\/\/www.repam.net\/pt\/?s={search_term_string}\"},\"query-input\":{\"@type\":\"PropertyValueSpecification\",\"valueRequired\":true,\"valueName\":\"search_term_string\"}}],\"inLanguage\":\"pt-BR\"},{\"@type\":\"Organization\",\"@id\":\"https:\/\/www.repam.net\/pt\/#organization\",\"name\":\"Repam\",\"url\":\"https:\/\/www.repam.net\/pt\/\",\"logo\":{\"@type\":\"ImageObject\",\"inLanguage\":\"pt-BR\",\"@id\":\"https:\/\/www.repam.net\/pt\/#\/schema\/logo\/image\/\",\"url\":\"https:\/\/www.repam.net\/pt\/wp-content\/uploads\/2022\/02\/15.-REPAM-BRASIL.jpg\",\"contentUrl\":\"https:\/\/www.repam.net\/pt\/wp-content\/uploads\/2022\/02\/15.-REPAM-BRASIL.jpg\",\"width\":231,\"height\":230,\"caption\":\"Repam\"},\"image\":{\"@id\":\"https:\/\/www.repam.net\/pt\/#\/schema\/logo\/image\/\"}}]}<\/script>\n<!-- \/ Yoast SEO plugin. -->","yoast_head_json":{"title":"Igreja nas Fronteiras - Repam","robots":{"index":"index","follow":"follow","max-snippet":"max-snippet:-1","max-image-preview":"max-image-preview:large","max-video-preview":"max-video-preview:-1"},"canonical":"https:\/\/www.repam.net\/pt\/nucleos-tematicos\/igreja-nas-fronteiras\/","og_locale":"pt_BR","og_type":"article","og_title":"Igreja nas Fronteiras - Repam","og_description":"Buscar a articula\u00e7\u00e3o e colabora\u00e7\u00e3o entre Igrejas fronteiri\u00e7as de proximidade geogr\u00e1fica com temas, problemas e realidades similares, a fim de construir uma proposta inicial para o trabalho entre fronteiras. RESULTADOS PROPOSTOS &#8211; REPAM inst\u00e2ncia de di\u00e1logo e de tornar esta realidade compreens\u00edvel. &#8211; Pastoral encarnada e articulada, o que cria consenso sobre as fronteiras. &#8211; [&hellip;]","og_url":"https:\/\/www.repam.net\/pt\/nucleos-tematicos\/igreja-nas-fronteiras\/","og_site_name":"Repam","article_modified_time":"2025-08-26T23:25:52+00:00","og_image":[{"width":1280,"height":720,"url":"https:\/\/www.repam.net\/pt\/wp-content\/uploads\/2025\/08\/Igreja-em-fronteiras-1.jpg","type":"image\/jpeg"}],"twitter_card":"summary_large_image","twitter_misc":{"Est. tempo de leitura":"1 minuto"},"schema":{"@context":"https:\/\/schema.org","@graph":[{"@type":"WebPage","@id":"https:\/\/www.repam.net\/pt\/nucleos-tematicos\/igreja-nas-fronteiras\/","url":"https:\/\/www.repam.net\/pt\/nucleos-tematicos\/igreja-nas-fronteiras\/","name":"Igreja nas Fronteiras - Repam","isPartOf":{"@id":"https:\/\/www.repam.net\/pt\/#website"},"primaryImageOfPage":{"@id":"https:\/\/www.repam.net\/pt\/nucleos-tematicos\/igreja-nas-fronteiras\/#primaryimage"},"image":{"@id":"https:\/\/www.repam.net\/pt\/nucleos-tematicos\/igreja-nas-fronteiras\/#primaryimage"},"thumbnailUrl":"https:\/\/www.repam.net\/pt\/wp-content\/uploads\/2025\/08\/Igreja-em-fronteiras-1.jpg","datePublished":"2022-03-18T19:53:12+00:00","dateModified":"2025-08-26T23:25:52+00:00","breadcrumb":{"@id":"https:\/\/www.repam.net\/pt\/nucleos-tematicos\/igreja-nas-fronteiras\/#breadcrumb"},"inLanguage":"pt-BR","potentialAction":[{"@type":"ReadAction","target":["https:\/\/www.repam.net\/pt\/nucleos-tematicos\/igreja-nas-fronteiras\/"]}]},{"@type":"ImageObject","inLanguage":"pt-BR","@id":"https:\/\/www.repam.net\/pt\/nucleos-tematicos\/igreja-nas-fronteiras\/#primaryimage","url":"https:\/\/www.repam.net\/pt\/wp-content\/uploads\/2025\/08\/Igreja-em-fronteiras-1.jpg","contentUrl":"https:\/\/www.repam.net\/pt\/wp-content\/uploads\/2025\/08\/Igreja-em-fronteiras-1.jpg","width":1280,"height":720},{"@type":"BreadcrumbList","@id":"https:\/\/www.repam.net\/pt\/nucleos-tematicos\/igreja-nas-fronteiras\/#breadcrumb","itemListElement":[{"@type":"ListItem","position":1,"name":"In\u00edcio","item":"https:\/\/www.repam.net\/pt\/"},{"@type":"ListItem","position":2,"name":"N\u00facleos Tem\u00e1ticos","item":"https:\/\/www.repam.net\/pt\/nucleos-tematicos\/"},{"@type":"ListItem","position":3,"name":"Igreja nas Fronteiras"}]},{"@type":"WebSite","@id":"https:\/\/www.repam.net\/pt\/#website","url":"https:\/\/www.repam.net\/pt\/","name":"Repam","description":"Rede Eclesial Pan-amaz\u00f4nica","publisher":{"@id":"https:\/\/www.repam.net\/pt\/#organization"},"potentialAction":[{"@type":"SearchAction","target":{"@type":"EntryPoint","urlTemplate":"https:\/\/www.repam.net\/pt\/?s={search_term_string}"},"query-input":{"@type":"PropertyValueSpecification","valueRequired":true,"valueName":"search_term_string"}}],"inLanguage":"pt-BR"},{"@type":"Organization","@id":"https:\/\/www.repam.net\/pt\/#organization","name":"Repam","url":"https:\/\/www.repam.net\/pt\/","logo":{"@type":"ImageObject","inLanguage":"pt-BR","@id":"https:\/\/www.repam.net\/pt\/#\/schema\/logo\/image\/","url":"https:\/\/www.repam.net\/pt\/wp-content\/uploads\/2022\/02\/15.-REPAM-BRASIL.jpg","contentUrl":"https:\/\/www.repam.net\/pt\/wp-content\/uploads\/2022\/02\/15.-REPAM-BRASIL.jpg","width":231,"height":230,"caption":"Repam"},"image":{"@id":"https:\/\/www.repam.net\/pt\/#\/schema\/logo\/image\/"}}]}},"_links":{"self":[{"href":"https:\/\/www.repam.net\/pt\/wp-json\/wp\/v2\/pages\/862","targetHints":{"allow":["GET"]}}],"collection":[{"href":"https:\/\/www.repam.net\/pt\/wp-json\/wp\/v2\/pages"}],"about":[{"href":"https:\/\/www.repam.net\/pt\/wp-json\/wp\/v2\/types\/page"}],"author":[{"embeddable":true,"href":"https:\/\/www.repam.net\/pt\/wp-json\/wp\/v2\/users\/1"}],"replies":[{"embeddable":true,"href":"https:\/\/www.repam.net\/pt\/wp-json\/wp\/v2\/comments?post=862"}],"version-history":[{"count":5,"href":"https:\/\/www.repam.net\/pt\/wp-json\/wp\/v2\/pages\/862\/revisions"}],"predecessor-version":[{"id":3592,"href":"https:\/\/www.repam.net\/pt\/wp-json\/wp\/v2\/pages\/862\/revisions\/3592"}],"up":[{"embeddable":true,"href":"https:\/\/www.repam.net\/pt\/wp-json\/wp\/v2\/pages\/39"}],"wp:attachment":[{"href":"https:\/\/www.repam.net\/pt\/wp-json\/wp\/v2\/media?parent=862"}],"curies":[{"name":"wp","href":"https:\/\/api.w.org\/{rel}","templated":true}]}}