{"id":871,"date":"2022-03-18T17:00:37","date_gmt":"2022-03-18T20:00:37","guid":{"rendered":"http:\/\/repam.net\/pt\/?page_id=871"},"modified":"2025-08-26T20:32:22","modified_gmt":"2025-08-26T23:32:22","slug":"povos-amazonicos-e-territorios","status":"publish","type":"page","link":"https:\/\/www.repam.net\/pt\/nucleos-tematicos\/povos-amazonicos-e-territorios\/","title":{"rendered":"Povos Amaz\u00f4nicos e territ\u00f3rios"},"content":{"rendered":"\n<figure class=\"wp-block-image size-large\"><img loading=\"lazy\" decoding=\"async\" width=\"1024\" height=\"682\" src=\"https:\/\/www.repam.net\/pt\/wp-content\/uploads\/2025\/08\/Pueblos-web-1024x682.jpg\" alt=\"\" class=\"wp-image-3593\" srcset=\"https:\/\/www.repam.net\/pt\/wp-content\/uploads\/2025\/08\/Pueblos-web-1024x682.jpg 1024w, https:\/\/www.repam.net\/pt\/wp-content\/uploads\/2025\/08\/Pueblos-web-300x200.jpg 300w, https:\/\/www.repam.net\/pt\/wp-content\/uploads\/2025\/08\/Pueblos-web-768x512.jpg 768w, https:\/\/www.repam.net\/pt\/wp-content\/uploads\/2025\/08\/Pueblos-web.jpg 1280w\" sizes=\"auto, (max-width: 1024px) 100vw, 1024px\" \/><\/figure>\n\n\n\n<p>Para conseguir o fortalecimento do protagonismo, das culturas e dos projetos de vida dos povos amaz\u00f4nicos em defesa dos direitos humanos e a aten\u00e7\u00e3o aos grupos vulner\u00e1veis na Pan-Amaz\u00f4nia.<\/p>\n\n\n\n<h2 class=\"wp-block-heading\"><strong>RESULTADOS PROPOSTOS<\/strong><\/h2>\n\n\n\n<p>&#8211; Realizar reuni\u00f5es de di\u00e1logo com os povos ind\u00edgenas e representantes da Igreja no territ\u00f3rio.<\/p>\n\n\n\n<p>&#8211; Construir uma agenda comum para a Igreja, povos ind\u00edgenas e grupos vulner\u00e1veis, \u00e0 luz das necessidades reais dessas popula\u00e7\u00f5es e de sua articula\u00e7\u00e3o com a Igreja.&nbsp;<\/p>\n\n\n\n<p>&#8211; Resgatar a cultura e os projetos de vida dos povos ind\u00edgenas a fim de construir diretrizes claras para o cuidado da Pan-Amaz\u00f4nia. &nbsp;<\/p>\n\n\n\n<p>&#8211; Pretendemos desencadear estes processos de mudan\u00e7a e a cria\u00e7\u00e3o de plataformas locais de a\u00e7\u00e3o territorial em 6 a 8 bacias priorit\u00e1rias da Pan-Amaz\u00f4nia.<\/p>\n","protected":false},"excerpt":{"rendered":"<p>Para conseguir o fortalecimento do protagonismo, das culturas e dos projetos de vida dos povos amaz\u00f4nicos em defesa dos direitos humanos e a aten\u00e7\u00e3o aos grupos vulner\u00e1veis na Pan-Amaz\u00f4nia. RESULTADOS PROPOSTOS &#8211; Realizar reuni\u00f5es de di\u00e1logo com os povos ind\u00edgenas e representantes da Igreja no territ\u00f3rio. &#8211; Construir uma agenda comum para a Igreja, povos [&hellip;]<\/p>\n","protected":false},"author":1,"featured_media":0,"parent":39,"menu_order":3,"comment_status":"closed","ping_status":"closed","template":"page-multipla.php","meta":{"_acf_changed":false,"_uf_show_specific_survey":0,"_uf_disable_surveys":false,"footnotes":""},"class_list":["post-871","page","type-page","status-publish","hentry"],"acf":[],"aioseo_notices":[],"yoast_head":"<!-- This site is optimized with the Yoast SEO plugin v24.2 - https:\/\/yoast.com\/wordpress\/plugins\/seo\/ -->\n<title>Povos Amaz\u00f4nicos e territ\u00f3rios - Repam<\/title>\n<meta name=\"robots\" content=\"index, follow, max-snippet:-1, max-image-preview:large, max-video-preview:-1\" \/>\n<link rel=\"canonical\" href=\"https:\/\/www.repam.net\/pt\/nucleos-tematicos\/povos-amazonicos-e-territorios\/\" \/>\n<meta property=\"og:locale\" content=\"pt_BR\" \/>\n<meta property=\"og:type\" content=\"article\" \/>\n<meta property=\"og:title\" content=\"Povos Amaz\u00f4nicos e territ\u00f3rios - Repam\" \/>\n<meta property=\"og:description\" content=\"Para conseguir o fortalecimento do protagonismo, das culturas e dos projetos de vida dos povos amaz\u00f4nicos em defesa dos direitos humanos e a aten\u00e7\u00e3o aos grupos vulner\u00e1veis na Pan-Amaz\u00f4nia. RESULTADOS PROPOSTOS &#8211; Realizar reuni\u00f5es de di\u00e1logo com os povos ind\u00edgenas e representantes da Igreja no territ\u00f3rio. &#8211; Construir uma agenda comum para a Igreja, povos [&hellip;]\" \/>\n<meta property=\"og:url\" content=\"https:\/\/www.repam.net\/pt\/nucleos-tematicos\/povos-amazonicos-e-territorios\/\" \/>\n<meta property=\"og:site_name\" content=\"Repam\" \/>\n<meta property=\"article:modified_time\" content=\"2025-08-26T23:32:22+00:00\" \/>\n<meta property=\"og:image\" content=\"https:\/\/www.repam.net\/pt\/wp-content\/uploads\/2025\/08\/Pueblos-web.jpg\" \/>\n\t<meta property=\"og:image:width\" content=\"1280\" \/>\n\t<meta property=\"og:image:height\" content=\"853\" \/>\n\t<meta property=\"og:image:type\" content=\"image\/jpeg\" \/>\n<meta name=\"twitter:card\" content=\"summary_large_image\" \/>\n<meta name=\"twitter:label1\" content=\"Est. tempo de leitura\" \/>\n\t<meta name=\"twitter:data1\" content=\"1 minuto\" \/>\n<script type=\"application\/ld+json\" class=\"yoast-schema-graph\">{\"@context\":\"https:\/\/schema.org\",\"@graph\":[{\"@type\":\"WebPage\",\"@id\":\"https:\/\/www.repam.net\/pt\/nucleos-tematicos\/povos-amazonicos-e-territorios\/\",\"url\":\"https:\/\/www.repam.net\/pt\/nucleos-tematicos\/povos-amazonicos-e-territorios\/\",\"name\":\"Povos Amaz\u00f4nicos e territ\u00f3rios - Repam\",\"isPartOf\":{\"@id\":\"https:\/\/www.repam.net\/pt\/#website\"},\"primaryImageOfPage\":{\"@id\":\"https:\/\/www.repam.net\/pt\/nucleos-tematicos\/povos-amazonicos-e-territorios\/#primaryimage\"},\"image\":{\"@id\":\"https:\/\/www.repam.net\/pt\/nucleos-tematicos\/povos-amazonicos-e-territorios\/#primaryimage\"},\"thumbnailUrl\":\"https:\/\/www.repam.net\/pt\/wp-content\/uploads\/2025\/08\/Pueblos-web-1024x682.jpg\",\"datePublished\":\"2022-03-18T20:00:37+00:00\",\"dateModified\":\"2025-08-26T23:32:22+00:00\",\"breadcrumb\":{\"@id\":\"https:\/\/www.repam.net\/pt\/nucleos-tematicos\/povos-amazonicos-e-territorios\/#breadcrumb\"},\"inLanguage\":\"pt-BR\",\"potentialAction\":[{\"@type\":\"ReadAction\",\"target\":[\"https:\/\/www.repam.net\/pt\/nucleos-tematicos\/povos-amazonicos-e-territorios\/\"]}]},{\"@type\":\"ImageObject\",\"inLanguage\":\"pt-BR\",\"@id\":\"https:\/\/www.repam.net\/pt\/nucleos-tematicos\/povos-amazonicos-e-territorios\/#primaryimage\",\"url\":\"https:\/\/www.repam.net\/pt\/wp-content\/uploads\/2025\/08\/Pueblos-web.jpg\",\"contentUrl\":\"https:\/\/www.repam.net\/pt\/wp-content\/uploads\/2025\/08\/Pueblos-web.jpg\",\"width\":1280,\"height\":853},{\"@type\":\"BreadcrumbList\",\"@id\":\"https:\/\/www.repam.net\/pt\/nucleos-tematicos\/povos-amazonicos-e-territorios\/#breadcrumb\",\"itemListElement\":[{\"@type\":\"ListItem\",\"position\":1,\"name\":\"In\u00edcio\",\"item\":\"https:\/\/www.repam.net\/pt\/\"},{\"@type\":\"ListItem\",\"position\":2,\"name\":\"N\u00facleos Tem\u00e1ticos\",\"item\":\"https:\/\/www.repam.net\/pt\/nucleos-tematicos\/\"},{\"@type\":\"ListItem\",\"position\":3,\"name\":\"Povos Amaz\u00f4nicos e territ\u00f3rios\"}]},{\"@type\":\"WebSite\",\"@id\":\"https:\/\/www.repam.net\/pt\/#website\",\"url\":\"https:\/\/www.repam.net\/pt\/\",\"name\":\"Repam\",\"description\":\"Rede Eclesial Pan-amaz\u00f4nica\",\"publisher\":{\"@id\":\"https:\/\/www.repam.net\/pt\/#organization\"},\"potentialAction\":[{\"@type\":\"SearchAction\",\"target\":{\"@type\":\"EntryPoint\",\"urlTemplate\":\"https:\/\/www.repam.net\/pt\/?s={search_term_string}\"},\"query-input\":{\"@type\":\"PropertyValueSpecification\",\"valueRequired\":true,\"valueName\":\"search_term_string\"}}],\"inLanguage\":\"pt-BR\"},{\"@type\":\"Organization\",\"@id\":\"https:\/\/www.repam.net\/pt\/#organization\",\"name\":\"Repam\",\"url\":\"https:\/\/www.repam.net\/pt\/\",\"logo\":{\"@type\":\"ImageObject\",\"inLanguage\":\"pt-BR\",\"@id\":\"https:\/\/www.repam.net\/pt\/#\/schema\/logo\/image\/\",\"url\":\"https:\/\/www.repam.net\/pt\/wp-content\/uploads\/2022\/02\/15.-REPAM-BRASIL.jpg\",\"contentUrl\":\"https:\/\/www.repam.net\/pt\/wp-content\/uploads\/2022\/02\/15.-REPAM-BRASIL.jpg\",\"width\":231,\"height\":230,\"caption\":\"Repam\"},\"image\":{\"@id\":\"https:\/\/www.repam.net\/pt\/#\/schema\/logo\/image\/\"}}]}<\/script>\n<!-- \/ Yoast SEO plugin. -->","yoast_head_json":{"title":"Povos Amaz\u00f4nicos e territ\u00f3rios - Repam","robots":{"index":"index","follow":"follow","max-snippet":"max-snippet:-1","max-image-preview":"max-image-preview:large","max-video-preview":"max-video-preview:-1"},"canonical":"https:\/\/www.repam.net\/pt\/nucleos-tematicos\/povos-amazonicos-e-territorios\/","og_locale":"pt_BR","og_type":"article","og_title":"Povos Amaz\u00f4nicos e territ\u00f3rios - Repam","og_description":"Para conseguir o fortalecimento do protagonismo, das culturas e dos projetos de vida dos povos amaz\u00f4nicos em defesa dos direitos humanos e a aten\u00e7\u00e3o aos grupos vulner\u00e1veis na Pan-Amaz\u00f4nia. RESULTADOS PROPOSTOS &#8211; Realizar reuni\u00f5es de di\u00e1logo com os povos ind\u00edgenas e representantes da Igreja no territ\u00f3rio. &#8211; Construir uma agenda comum para a Igreja, povos [&hellip;]","og_url":"https:\/\/www.repam.net\/pt\/nucleos-tematicos\/povos-amazonicos-e-territorios\/","og_site_name":"Repam","article_modified_time":"2025-08-26T23:32:22+00:00","og_image":[{"width":1280,"height":853,"url":"https:\/\/www.repam.net\/pt\/wp-content\/uploads\/2025\/08\/Pueblos-web.jpg","type":"image\/jpeg"}],"twitter_card":"summary_large_image","twitter_misc":{"Est. tempo de leitura":"1 minuto"},"schema":{"@context":"https:\/\/schema.org","@graph":[{"@type":"WebPage","@id":"https:\/\/www.repam.net\/pt\/nucleos-tematicos\/povos-amazonicos-e-territorios\/","url":"https:\/\/www.repam.net\/pt\/nucleos-tematicos\/povos-amazonicos-e-territorios\/","name":"Povos Amaz\u00f4nicos e territ\u00f3rios - Repam","isPartOf":{"@id":"https:\/\/www.repam.net\/pt\/#website"},"primaryImageOfPage":{"@id":"https:\/\/www.repam.net\/pt\/nucleos-tematicos\/povos-amazonicos-e-territorios\/#primaryimage"},"image":{"@id":"https:\/\/www.repam.net\/pt\/nucleos-tematicos\/povos-amazonicos-e-territorios\/#primaryimage"},"thumbnailUrl":"https:\/\/www.repam.net\/pt\/wp-content\/uploads\/2025\/08\/Pueblos-web-1024x682.jpg","datePublished":"2022-03-18T20:00:37+00:00","dateModified":"2025-08-26T23:32:22+00:00","breadcrumb":{"@id":"https:\/\/www.repam.net\/pt\/nucleos-tematicos\/povos-amazonicos-e-territorios\/#breadcrumb"},"inLanguage":"pt-BR","potentialAction":[{"@type":"ReadAction","target":["https:\/\/www.repam.net\/pt\/nucleos-tematicos\/povos-amazonicos-e-territorios\/"]}]},{"@type":"ImageObject","inLanguage":"pt-BR","@id":"https:\/\/www.repam.net\/pt\/nucleos-tematicos\/povos-amazonicos-e-territorios\/#primaryimage","url":"https:\/\/www.repam.net\/pt\/wp-content\/uploads\/2025\/08\/Pueblos-web.jpg","contentUrl":"https:\/\/www.repam.net\/pt\/wp-content\/uploads\/2025\/08\/Pueblos-web.jpg","width":1280,"height":853},{"@type":"BreadcrumbList","@id":"https:\/\/www.repam.net\/pt\/nucleos-tematicos\/povos-amazonicos-e-territorios\/#breadcrumb","itemListElement":[{"@type":"ListItem","position":1,"name":"In\u00edcio","item":"https:\/\/www.repam.net\/pt\/"},{"@type":"ListItem","position":2,"name":"N\u00facleos Tem\u00e1ticos","item":"https:\/\/www.repam.net\/pt\/nucleos-tematicos\/"},{"@type":"ListItem","position":3,"name":"Povos Amaz\u00f4nicos e territ\u00f3rios"}]},{"@type":"WebSite","@id":"https:\/\/www.repam.net\/pt\/#website","url":"https:\/\/www.repam.net\/pt\/","name":"Repam","description":"Rede Eclesial Pan-amaz\u00f4nica","publisher":{"@id":"https:\/\/www.repam.net\/pt\/#organization"},"potentialAction":[{"@type":"SearchAction","target":{"@type":"EntryPoint","urlTemplate":"https:\/\/www.repam.net\/pt\/?s={search_term_string}"},"query-input":{"@type":"PropertyValueSpecification","valueRequired":true,"valueName":"search_term_string"}}],"inLanguage":"pt-BR"},{"@type":"Organization","@id":"https:\/\/www.repam.net\/pt\/#organization","name":"Repam","url":"https:\/\/www.repam.net\/pt\/","logo":{"@type":"ImageObject","inLanguage":"pt-BR","@id":"https:\/\/www.repam.net\/pt\/#\/schema\/logo\/image\/","url":"https:\/\/www.repam.net\/pt\/wp-content\/uploads\/2022\/02\/15.-REPAM-BRASIL.jpg","contentUrl":"https:\/\/www.repam.net\/pt\/wp-content\/uploads\/2022\/02\/15.-REPAM-BRASIL.jpg","width":231,"height":230,"caption":"Repam"},"image":{"@id":"https:\/\/www.repam.net\/pt\/#\/schema\/logo\/image\/"}}]}},"_links":{"self":[{"href":"https:\/\/www.repam.net\/pt\/wp-json\/wp\/v2\/pages\/871","targetHints":{"allow":["GET"]}}],"collection":[{"href":"https:\/\/www.repam.net\/pt\/wp-json\/wp\/v2\/pages"}],"about":[{"href":"https:\/\/www.repam.net\/pt\/wp-json\/wp\/v2\/types\/page"}],"author":[{"embeddable":true,"href":"https:\/\/www.repam.net\/pt\/wp-json\/wp\/v2\/users\/1"}],"replies":[{"embeddable":true,"href":"https:\/\/www.repam.net\/pt\/wp-json\/wp\/v2\/comments?post=871"}],"version-history":[{"count":3,"href":"https:\/\/www.repam.net\/pt\/wp-json\/wp\/v2\/pages\/871\/revisions"}],"predecessor-version":[{"id":3595,"href":"https:\/\/www.repam.net\/pt\/wp-json\/wp\/v2\/pages\/871\/revisions\/3595"}],"up":[{"embeddable":true,"href":"https:\/\/www.repam.net\/pt\/wp-json\/wp\/v2\/pages\/39"}],"wp:attachment":[{"href":"https:\/\/www.repam.net\/pt\/wp-json\/wp\/v2\/media?parent=871"}],"curies":[{"name":"wp","href":"https:\/\/api.w.org\/{rel}","templated":true}]}}