{"id":874,"date":"2022-03-18T17:03:31","date_gmt":"2022-03-18T20:03:31","guid":{"rendered":"http:\/\/repam.net\/pt\/?page_id=874"},"modified":"2025-08-26T21:48:47","modified_gmt":"2025-08-27T00:48:47","slug":"direitos-humanos-e-incidencia","status":"publish","type":"page","link":"https:\/\/www.repam.net\/pt\/nucleos-tematicos\/direitos-humanos-e-incidencia\/","title":{"rendered":"Direitos Humanos e incid\u00eancia internacional"},"content":{"rendered":"\n<figure class=\"wp-block-image size-large\"><img loading=\"lazy\" decoding=\"async\" width=\"1024\" height=\"683\" src=\"https:\/\/www.repam.net\/pt\/wp-content\/uploads\/2025\/08\/DireitosHumanos-2-1024x683.jpg\" alt=\"\" class=\"wp-image-3596\" srcset=\"https:\/\/www.repam.net\/pt\/wp-content\/uploads\/2025\/08\/DireitosHumanos-2-1024x683.jpg 1024w, https:\/\/www.repam.net\/pt\/wp-content\/uploads\/2025\/08\/DireitosHumanos-2-300x200.jpg 300w, https:\/\/www.repam.net\/pt\/wp-content\/uploads\/2025\/08\/DireitosHumanos-2-768x512.jpg 768w, https:\/\/www.repam.net\/pt\/wp-content\/uploads\/2025\/08\/DireitosHumanos-2-1536x1024.jpg 1536w, https:\/\/www.repam.net\/pt\/wp-content\/uploads\/2025\/08\/DireitosHumanos-2-2048x1365.jpg 2048w\" sizes=\"auto, (max-width: 1024px) 100vw, 1024px\" \/><\/figure>\n\n\n\n<p>Criar uma estrat\u00e9gia integral para a promo\u00e7\u00e3o, defesa e exigibilidade dos direitos humanos, a fim de garantir processos de den\u00fancia prof\u00e9tica da viola\u00e7\u00e3o dos direitos dos povos ind\u00edgenas e grupos camponeses da Pan-Amaz\u00f4nia nos diferentes espa\u00e7os dos sistemas internacional, interamericano e outros.<\/p>\n\n\n\n<h2 class=\"wp-block-heading\"><strong>RESULTADOS PROPOSTOS<\/strong><\/h2>\n\n\n\n<p>a) Fortalecimento dos processos de demanda local.<\/p>\n\n\n\n<p>b) Advocacia Internacional (Posicionamento e Promo\u00e7\u00e3o dos Direitos Humanos).<\/p>\n\n\n\n<p>c) Escolas para a promo\u00e7\u00e3o, defesa e aplicabilidade dos RH e fortalecimento dos Comit\u00eas atrav\u00e9s da implementa\u00e7\u00e3o:<\/p>\n\n\n\n<p>Fase 2: Replica\u00e7\u00e3o e documenta\u00e7\u00e3o dos casos da Escola de Direitos Humanos.<\/p>\n\n\n\n<p>Fase 3: Advocacia e Promo\u00e7\u00e3o Internacional de DRH e Defensores com a\u00e7\u00f5es perante os tomadores de decis\u00e3o e espa\u00e7os pol\u00edticos chave.<\/p>\n\n\n\n<p>Em: IACHR + ACDH-DESC + Outros espa\u00e7os de defesa.<\/p>\n\n\n\n<p>Elaborar e come\u00e7ar a implementar a estrat\u00e9gia de Advocacy Internacional &#8211; Estrat\u00e9gias de Advocacy e Comunica\u00e7\u00e3o.<\/p>\n\n\n\n<p>Terceira Escola para a promo\u00e7\u00e3o, defesa e aplicabilidade de HRDs at\u00e9 2022.<\/p>\n\n\n\n<div class=\"wp-block-columns is-layout-flex wp-container-core-columns-is-layout-9d6595d7 wp-block-columns-is-layout-flex\">\n<div class=\"wp-block-column is-layout-flow wp-block-column-is-layout-flow\"><div class=\"wp-block-image\">\n<figure class=\"aligncenter size-full\"><a href=\"https:\/\/www.repam.net\/pt\/iv-escola-de-direitos-humanos-da-repam\/ \" target=\"_blank\" rel=\" noreferrer noopener\"><img loading=\"lazy\" decoding=\"async\" width=\"475\" height=\"108\" src=\"https:\/\/www.repam.net\/pt\/wp-content\/uploads\/2025\/08\/Boton-1-PT.jpg\" alt=\"\" class=\"wp-image-3527\" srcset=\"https:\/\/www.repam.net\/pt\/wp-content\/uploads\/2025\/08\/Boton-1-PT.jpg 475w, https:\/\/www.repam.net\/pt\/wp-content\/uploads\/2025\/08\/Boton-1-PT-300x68.jpg 300w\" sizes=\"auto, (max-width: 475px) 100vw, 475px\" \/><\/a><\/figure>\n<\/div><\/div>\n\n\n\n<div class=\"wp-block-column is-layout-flow wp-block-column-is-layout-flow\"><div class=\"wp-block-image\">\n<figure class=\"aligncenter size-full\"><a href=\"https:\/\/www.repam.net\/es\/publicaciones\/informes-panamazonicos-de-derechos-humanos\/\" target=\"_blank\" rel=\" noreferrer noopener\"><img loading=\"lazy\" decoding=\"async\" width=\"477\" height=\"111\" src=\"https:\/\/www.repam.net\/pt\/wp-content\/uploads\/2025\/08\/Boton-2-PT.jpg\" alt=\"\" class=\"wp-image-3528\" srcset=\"https:\/\/www.repam.net\/pt\/wp-content\/uploads\/2025\/08\/Boton-2-PT.jpg 477w, https:\/\/www.repam.net\/pt\/wp-content\/uploads\/2025\/08\/Boton-2-PT-300x70.jpg 300w\" sizes=\"auto, (max-width: 477px) 100vw, 477px\" \/><\/a><\/figure>\n<\/div><\/div>\n\n\n\n<div class=\"wp-block-column is-layout-flow wp-block-column-is-layout-flow\"><div class=\"wp-block-image\">\n<figure class=\"aligncenter size-full\"><a href=\"https:\/\/www.repam.net\/es\/publicaciones\/cuaderno-para-animacion-de-talleres-de-incidencia-politica-en-la-pan-amazonia\/\" target=\"_blank\" rel=\" noreferrer noopener\"><img loading=\"lazy\" decoding=\"async\" width=\"478\" height=\"111\" src=\"https:\/\/www.repam.net\/pt\/wp-content\/uploads\/2025\/08\/Boton-3-PT.jpg\" alt=\"\" class=\"wp-image-3529\" srcset=\"https:\/\/www.repam.net\/pt\/wp-content\/uploads\/2025\/08\/Boton-3-PT.jpg 478w, https:\/\/www.repam.net\/pt\/wp-content\/uploads\/2025\/08\/Boton-3-PT-300x70.jpg 300w\" sizes=\"auto, (max-width: 478px) 100vw, 478px\" \/><\/a><\/figure>\n<\/div><\/div>\n<\/div>\n\n\n\n<div class=\"wp-block-columns is-layout-flex wp-container-core-columns-is-layout-9d6595d7 wp-block-columns-is-layout-flex\">\n<div class=\"wp-block-column is-layout-flow wp-block-column-is-layout-flow\"><\/div>\n\n\n\n<div class=\"wp-block-column is-layout-flow wp-block-column-is-layout-flow\">\n<figure class=\"wp-block-image size-full\"><a href=\"https:\/\/www.repam.net\/pt\/category\/direitos-humanos\/\"><img loading=\"lazy\" decoding=\"async\" width=\"303\" height=\"84\" src=\"https:\/\/www.repam.net\/pt\/wp-content\/uploads\/2025\/08\/Noticias.jpg\" alt=\"\" class=\"wp-image-3620\" srcset=\"https:\/\/www.repam.net\/pt\/wp-content\/uploads\/2025\/08\/Noticias.jpg 303w, https:\/\/www.repam.net\/pt\/wp-content\/uploads\/2025\/08\/Noticias-300x83.jpg 300w\" sizes=\"auto, (max-width: 303px) 100vw, 303px\" \/><\/a><\/figure>\n<\/div>\n\n\n\n<div class=\"wp-block-column is-layout-flow wp-block-column-is-layout-flow\"><\/div>\n<\/div>\n\n\n\n<p><\/p>\n","protected":false},"excerpt":{"rendered":"<p>Criar uma estrat\u00e9gia integral para a promo\u00e7\u00e3o, defesa e exigibilidade dos direitos humanos, a fim de garantir processos de den\u00fancia prof\u00e9tica da viola\u00e7\u00e3o dos direitos dos povos ind\u00edgenas e grupos camponeses da Pan-Amaz\u00f4nia nos diferentes espa\u00e7os dos sistemas internacional, interamericano e outros. RESULTADOS PROPOSTOS a) Fortalecimento dos processos de demanda local. b) Advocacia Internacional (Posicionamento [&hellip;]<\/p>\n","protected":false},"author":1,"featured_media":0,"parent":39,"menu_order":4,"comment_status":"closed","ping_status":"closed","template":"page-multipla.php","meta":{"_acf_changed":false,"_uf_show_specific_survey":0,"_uf_disable_surveys":false,"footnotes":""},"class_list":["post-874","page","type-page","status-publish","hentry"],"acf":[],"aioseo_notices":[],"yoast_head":"<!-- This site is optimized with the Yoast SEO plugin v24.2 - https:\/\/yoast.com\/wordpress\/plugins\/seo\/ -->\n<title>Direitos Humanos e incid\u00eancia internacional - Repam<\/title>\n<meta name=\"robots\" content=\"index, follow, max-snippet:-1, max-image-preview:large, max-video-preview:-1\" \/>\n<link rel=\"canonical\" href=\"https:\/\/www.repam.net\/pt\/nucleos-tematicos\/direitos-humanos-e-incidencia\/\" \/>\n<meta property=\"og:locale\" content=\"pt_BR\" \/>\n<meta property=\"og:type\" content=\"article\" \/>\n<meta property=\"og:title\" content=\"Direitos Humanos e incid\u00eancia internacional - Repam\" \/>\n<meta property=\"og:description\" content=\"Criar uma estrat\u00e9gia integral para a promo\u00e7\u00e3o, defesa e exigibilidade dos direitos humanos, a fim de garantir processos de den\u00fancia prof\u00e9tica da viola\u00e7\u00e3o dos direitos dos povos ind\u00edgenas e grupos camponeses da Pan-Amaz\u00f4nia nos diferentes espa\u00e7os dos sistemas internacional, interamericano e outros. RESULTADOS PROPOSTOS a) Fortalecimento dos processos de demanda local. b) Advocacia Internacional (Posicionamento [&hellip;]\" \/>\n<meta property=\"og:url\" content=\"https:\/\/www.repam.net\/pt\/nucleos-tematicos\/direitos-humanos-e-incidencia\/\" \/>\n<meta property=\"og:site_name\" content=\"Repam\" \/>\n<meta property=\"article:modified_time\" content=\"2025-08-27T00:48:47+00:00\" \/>\n<meta property=\"og:image\" content=\"https:\/\/www.repam.net\/pt\/wp-content\/uploads\/2025\/08\/DireitosHumanos-2-scaled.jpg\" \/>\n\t<meta property=\"og:image:width\" content=\"2560\" \/>\n\t<meta property=\"og:image:height\" content=\"1707\" \/>\n\t<meta property=\"og:image:type\" content=\"image\/jpeg\" \/>\n<meta name=\"twitter:card\" content=\"summary_large_image\" \/>\n<meta name=\"twitter:label1\" content=\"Est. tempo de leitura\" \/>\n\t<meta name=\"twitter:data1\" content=\"2 minutos\" \/>\n<script type=\"application\/ld+json\" class=\"yoast-schema-graph\">{\"@context\":\"https:\/\/schema.org\",\"@graph\":[{\"@type\":\"WebPage\",\"@id\":\"https:\/\/www.repam.net\/pt\/nucleos-tematicos\/direitos-humanos-e-incidencia\/\",\"url\":\"https:\/\/www.repam.net\/pt\/nucleos-tematicos\/direitos-humanos-e-incidencia\/\",\"name\":\"Direitos Humanos e incid\u00eancia internacional - Repam\",\"isPartOf\":{\"@id\":\"https:\/\/www.repam.net\/pt\/#website\"},\"primaryImageOfPage\":{\"@id\":\"https:\/\/www.repam.net\/pt\/nucleos-tematicos\/direitos-humanos-e-incidencia\/#primaryimage\"},\"image\":{\"@id\":\"https:\/\/www.repam.net\/pt\/nucleos-tematicos\/direitos-humanos-e-incidencia\/#primaryimage\"},\"thumbnailUrl\":\"https:\/\/www.repam.net\/pt\/wp-content\/uploads\/2025\/08\/DireitosHumanos-2-1024x683.jpg\",\"datePublished\":\"2022-03-18T20:03:31+00:00\",\"dateModified\":\"2025-08-27T00:48:47+00:00\",\"breadcrumb\":{\"@id\":\"https:\/\/www.repam.net\/pt\/nucleos-tematicos\/direitos-humanos-e-incidencia\/#breadcrumb\"},\"inLanguage\":\"pt-BR\",\"potentialAction\":[{\"@type\":\"ReadAction\",\"target\":[\"https:\/\/www.repam.net\/pt\/nucleos-tematicos\/direitos-humanos-e-incidencia\/\"]}]},{\"@type\":\"ImageObject\",\"inLanguage\":\"pt-BR\",\"@id\":\"https:\/\/www.repam.net\/pt\/nucleos-tematicos\/direitos-humanos-e-incidencia\/#primaryimage\",\"url\":\"https:\/\/www.repam.net\/pt\/wp-content\/uploads\/2025\/08\/DireitosHumanos-2-scaled.jpg\",\"contentUrl\":\"https:\/\/www.repam.net\/pt\/wp-content\/uploads\/2025\/08\/DireitosHumanos-2-scaled.jpg\",\"width\":2560,\"height\":1707},{\"@type\":\"BreadcrumbList\",\"@id\":\"https:\/\/www.repam.net\/pt\/nucleos-tematicos\/direitos-humanos-e-incidencia\/#breadcrumb\",\"itemListElement\":[{\"@type\":\"ListItem\",\"position\":1,\"name\":\"In\u00edcio\",\"item\":\"https:\/\/www.repam.net\/pt\/\"},{\"@type\":\"ListItem\",\"position\":2,\"name\":\"N\u00facleos Tem\u00e1ticos\",\"item\":\"https:\/\/www.repam.net\/pt\/nucleos-tematicos\/\"},{\"@type\":\"ListItem\",\"position\":3,\"name\":\"Direitos Humanos e incid\u00eancia internacional\"}]},{\"@type\":\"WebSite\",\"@id\":\"https:\/\/www.repam.net\/pt\/#website\",\"url\":\"https:\/\/www.repam.net\/pt\/\",\"name\":\"Repam\",\"description\":\"Rede Eclesial Pan-amaz\u00f4nica\",\"publisher\":{\"@id\":\"https:\/\/www.repam.net\/pt\/#organization\"},\"potentialAction\":[{\"@type\":\"SearchAction\",\"target\":{\"@type\":\"EntryPoint\",\"urlTemplate\":\"https:\/\/www.repam.net\/pt\/?s={search_term_string}\"},\"query-input\":{\"@type\":\"PropertyValueSpecification\",\"valueRequired\":true,\"valueName\":\"search_term_string\"}}],\"inLanguage\":\"pt-BR\"},{\"@type\":\"Organization\",\"@id\":\"https:\/\/www.repam.net\/pt\/#organization\",\"name\":\"Repam\",\"url\":\"https:\/\/www.repam.net\/pt\/\",\"logo\":{\"@type\":\"ImageObject\",\"inLanguage\":\"pt-BR\",\"@id\":\"https:\/\/www.repam.net\/pt\/#\/schema\/logo\/image\/\",\"url\":\"https:\/\/www.repam.net\/pt\/wp-content\/uploads\/2022\/02\/15.-REPAM-BRASIL.jpg\",\"contentUrl\":\"https:\/\/www.repam.net\/pt\/wp-content\/uploads\/2022\/02\/15.-REPAM-BRASIL.jpg\",\"width\":231,\"height\":230,\"caption\":\"Repam\"},\"image\":{\"@id\":\"https:\/\/www.repam.net\/pt\/#\/schema\/logo\/image\/\"}}]}<\/script>\n<!-- \/ Yoast SEO plugin. -->","yoast_head_json":{"title":"Direitos Humanos e incid\u00eancia internacional - Repam","robots":{"index":"index","follow":"follow","max-snippet":"max-snippet:-1","max-image-preview":"max-image-preview:large","max-video-preview":"max-video-preview:-1"},"canonical":"https:\/\/www.repam.net\/pt\/nucleos-tematicos\/direitos-humanos-e-incidencia\/","og_locale":"pt_BR","og_type":"article","og_title":"Direitos Humanos e incid\u00eancia internacional - Repam","og_description":"Criar uma estrat\u00e9gia integral para a promo\u00e7\u00e3o, defesa e exigibilidade dos direitos humanos, a fim de garantir processos de den\u00fancia prof\u00e9tica da viola\u00e7\u00e3o dos direitos dos povos ind\u00edgenas e grupos camponeses da Pan-Amaz\u00f4nia nos diferentes espa\u00e7os dos sistemas internacional, interamericano e outros. RESULTADOS PROPOSTOS a) Fortalecimento dos processos de demanda local. b) Advocacia Internacional (Posicionamento [&hellip;]","og_url":"https:\/\/www.repam.net\/pt\/nucleos-tematicos\/direitos-humanos-e-incidencia\/","og_site_name":"Repam","article_modified_time":"2025-08-27T00:48:47+00:00","og_image":[{"width":2560,"height":1707,"url":"https:\/\/www.repam.net\/pt\/wp-content\/uploads\/2025\/08\/DireitosHumanos-2-scaled.jpg","type":"image\/jpeg"}],"twitter_card":"summary_large_image","twitter_misc":{"Est. tempo de leitura":"2 minutos"},"schema":{"@context":"https:\/\/schema.org","@graph":[{"@type":"WebPage","@id":"https:\/\/www.repam.net\/pt\/nucleos-tematicos\/direitos-humanos-e-incidencia\/","url":"https:\/\/www.repam.net\/pt\/nucleos-tematicos\/direitos-humanos-e-incidencia\/","name":"Direitos Humanos e incid\u00eancia internacional - Repam","isPartOf":{"@id":"https:\/\/www.repam.net\/pt\/#website"},"primaryImageOfPage":{"@id":"https:\/\/www.repam.net\/pt\/nucleos-tematicos\/direitos-humanos-e-incidencia\/#primaryimage"},"image":{"@id":"https:\/\/www.repam.net\/pt\/nucleos-tematicos\/direitos-humanos-e-incidencia\/#primaryimage"},"thumbnailUrl":"https:\/\/www.repam.net\/pt\/wp-content\/uploads\/2025\/08\/DireitosHumanos-2-1024x683.jpg","datePublished":"2022-03-18T20:03:31+00:00","dateModified":"2025-08-27T00:48:47+00:00","breadcrumb":{"@id":"https:\/\/www.repam.net\/pt\/nucleos-tematicos\/direitos-humanos-e-incidencia\/#breadcrumb"},"inLanguage":"pt-BR","potentialAction":[{"@type":"ReadAction","target":["https:\/\/www.repam.net\/pt\/nucleos-tematicos\/direitos-humanos-e-incidencia\/"]}]},{"@type":"ImageObject","inLanguage":"pt-BR","@id":"https:\/\/www.repam.net\/pt\/nucleos-tematicos\/direitos-humanos-e-incidencia\/#primaryimage","url":"https:\/\/www.repam.net\/pt\/wp-content\/uploads\/2025\/08\/DireitosHumanos-2-scaled.jpg","contentUrl":"https:\/\/www.repam.net\/pt\/wp-content\/uploads\/2025\/08\/DireitosHumanos-2-scaled.jpg","width":2560,"height":1707},{"@type":"BreadcrumbList","@id":"https:\/\/www.repam.net\/pt\/nucleos-tematicos\/direitos-humanos-e-incidencia\/#breadcrumb","itemListElement":[{"@type":"ListItem","position":1,"name":"In\u00edcio","item":"https:\/\/www.repam.net\/pt\/"},{"@type":"ListItem","position":2,"name":"N\u00facleos Tem\u00e1ticos","item":"https:\/\/www.repam.net\/pt\/nucleos-tematicos\/"},{"@type":"ListItem","position":3,"name":"Direitos Humanos e incid\u00eancia internacional"}]},{"@type":"WebSite","@id":"https:\/\/www.repam.net\/pt\/#website","url":"https:\/\/www.repam.net\/pt\/","name":"Repam","description":"Rede Eclesial Pan-amaz\u00f4nica","publisher":{"@id":"https:\/\/www.repam.net\/pt\/#organization"},"potentialAction":[{"@type":"SearchAction","target":{"@type":"EntryPoint","urlTemplate":"https:\/\/www.repam.net\/pt\/?s={search_term_string}"},"query-input":{"@type":"PropertyValueSpecification","valueRequired":true,"valueName":"search_term_string"}}],"inLanguage":"pt-BR"},{"@type":"Organization","@id":"https:\/\/www.repam.net\/pt\/#organization","name":"Repam","url":"https:\/\/www.repam.net\/pt\/","logo":{"@type":"ImageObject","inLanguage":"pt-BR","@id":"https:\/\/www.repam.net\/pt\/#\/schema\/logo\/image\/","url":"https:\/\/www.repam.net\/pt\/wp-content\/uploads\/2022\/02\/15.-REPAM-BRASIL.jpg","contentUrl":"https:\/\/www.repam.net\/pt\/wp-content\/uploads\/2022\/02\/15.-REPAM-BRASIL.jpg","width":231,"height":230,"caption":"Repam"},"image":{"@id":"https:\/\/www.repam.net\/pt\/#\/schema\/logo\/image\/"}}]}},"_links":{"self":[{"href":"https:\/\/www.repam.net\/pt\/wp-json\/wp\/v2\/pages\/874","targetHints":{"allow":["GET"]}}],"collection":[{"href":"https:\/\/www.repam.net\/pt\/wp-json\/wp\/v2\/pages"}],"about":[{"href":"https:\/\/www.repam.net\/pt\/wp-json\/wp\/v2\/types\/page"}],"author":[{"embeddable":true,"href":"https:\/\/www.repam.net\/pt\/wp-json\/wp\/v2\/users\/1"}],"replies":[{"embeddable":true,"href":"https:\/\/www.repam.net\/pt\/wp-json\/wp\/v2\/comments?post=874"}],"version-history":[{"count":6,"href":"https:\/\/www.repam.net\/pt\/wp-json\/wp\/v2\/pages\/874\/revisions"}],"predecessor-version":[{"id":3621,"href":"https:\/\/www.repam.net\/pt\/wp-json\/wp\/v2\/pages\/874\/revisions\/3621"}],"up":[{"embeddable":true,"href":"https:\/\/www.repam.net\/pt\/wp-json\/wp\/v2\/pages\/39"}],"wp:attachment":[{"href":"https:\/\/www.repam.net\/pt\/wp-json\/wp\/v2\/media?parent=874"}],"curies":[{"name":"wp","href":"https:\/\/api.w.org\/{rel}","templated":true}]}}