{"id":877,"date":"2022-03-18T17:09:10","date_gmt":"2022-03-18T20:09:10","guid":{"rendered":"http:\/\/repam.net\/pt\/?page_id=877"},"modified":"2025-08-26T22:27:53","modified_gmt":"2025-08-27T01:27:53","slug":"mapeamento-e-pesquisa","status":"publish","type":"page","link":"https:\/\/www.repam.net\/pt\/mapeamento-e-pesquisa\/","title":{"rendered":"Mapeamento e Pesquisa"},"content":{"rendered":"<div class=\"wp-block-image\">\n<figure class=\"aligncenter size-full\"><img loading=\"lazy\" decoding=\"async\" width=\"466\" height=\"247\" src=\"https:\/\/www.repam.net\/pt\/wp-content\/uploads\/2022\/03\/mapeamento.jpeg\" alt=\"\" class=\"wp-image-878\" srcset=\"https:\/\/www.repam.net\/pt\/wp-content\/uploads\/2022\/03\/mapeamento.jpeg 466w, https:\/\/www.repam.net\/pt\/wp-content\/uploads\/2022\/03\/mapeamento-300x159.jpeg 300w\" sizes=\"auto, (max-width: 466px) 100vw, 466px\" \/><\/figure>\n<\/div>\n\n\n<p>Desenvolver um completo exerc\u00edcio de mapeamento e pesquisa que nos permita compreender a situa\u00e7\u00e3o das popula\u00e7\u00f5es amaz\u00f4nicas, com \u00eanfase na dimens\u00e3o territorial, suas potencialidades e fragilidades; que tamb\u00e9m nos permita responder: Que Igreja queremos ser na Pan-Amaz\u00f4nia?<\/p>\n\n\n\n<p>a) Oferecer um servi\u00e7o aos diferentes eixos da REPAM com informa\u00e7\u00f5es relevantes e atualizadas sobre a situa\u00e7\u00e3o da regi\u00e3o Pan-Amaz\u00f4nica.<\/p>\n\n\n\n<p>b) Conhecer em profundidade as necessidades e os pontos fortes da Pan-Amaz\u00f4nia para articular a\u00e7\u00f5es representativas como a REPAM.<\/p>\n\n\n\n<p>c) Incentivar alian\u00e7as com redes como RAISG e PUC-Rio, entre outras, para influenciar conjuntamente o territ\u00f3rio.<\/p>\n\n\n\n<hr class=\"wp-block-separator has-alpha-channel-opacity\"\/>\n\n\n\n<div class=\"wp-block-columns is-layout-flex wp-container-core-columns-is-layout-9d6595d7 wp-block-columns-is-layout-flex\">\n<div class=\"wp-block-column is-layout-flow wp-block-column-is-layout-flow\">\n<figure class=\"wp-block-image size-full\"><a href=\"https:\/\/sirepam.repam.net\/portal\/home\" target=\"_blank\" rel=\" noreferrer noopener\"><img loading=\"lazy\" decoding=\"async\" width=\"1024\" height=\"576\" src=\"https:\/\/www.repam.net\/pt\/wp-content\/uploads\/2025\/08\/SIREPAM-Lanzamiento-1024x576-1.png\" alt=\"\" class=\"wp-image-3626\" srcset=\"https:\/\/www.repam.net\/pt\/wp-content\/uploads\/2025\/08\/SIREPAM-Lanzamiento-1024x576-1.png 1024w, https:\/\/www.repam.net\/pt\/wp-content\/uploads\/2025\/08\/SIREPAM-Lanzamiento-1024x576-1-300x169.png 300w, https:\/\/www.repam.net\/pt\/wp-content\/uploads\/2025\/08\/SIREPAM-Lanzamiento-1024x576-1-768x432.png 768w\" sizes=\"auto, (max-width: 1024px) 100vw, 1024px\" \/><\/a><\/figure>\n<\/div>\n\n\n\n<div class=\"wp-block-column is-layout-flow wp-block-column-is-layout-flow\">\n<figure class=\"wp-block-image size-large\"><a href=\"https:\/\/www.repam.net\/es\/publicaciones\/atlas-pan-amazonico\/\" target=\"_blank\" rel=\" noreferrer noopener\"><img loading=\"lazy\" decoding=\"async\" width=\"1024\" height=\"576\" src=\"https:\/\/www.repam.net\/pt\/wp-content\/uploads\/2025\/08\/atlas-edited-1024x576.jpg\" alt=\"\" class=\"wp-image-3627\" srcset=\"https:\/\/www.repam.net\/pt\/wp-content\/uploads\/2025\/08\/atlas-edited-1024x576.jpg 1024w, https:\/\/www.repam.net\/pt\/wp-content\/uploads\/2025\/08\/atlas-edited-300x169.jpg 300w, https:\/\/www.repam.net\/pt\/wp-content\/uploads\/2025\/08\/atlas-edited-768x432.jpg 768w, https:\/\/www.repam.net\/pt\/wp-content\/uploads\/2025\/08\/atlas-edited.jpg 1202w\" sizes=\"auto, (max-width: 1024px) 100vw, 1024px\" \/><\/a><\/figure>\n<\/div>\n<\/div>\n\n\n\n<p><\/p>\n","protected":false},"excerpt":{"rendered":"<p>Desenvolver um completo exerc\u00edcio de mapeamento e pesquisa que nos permita compreender a situa\u00e7\u00e3o das popula\u00e7\u00f5es amaz\u00f4nicas, com \u00eanfase na dimens\u00e3o territorial, suas potencialidades e fragilidades; que tamb\u00e9m nos permita responder: Que Igreja queremos ser na Pan-Amaz\u00f4nia? a) Oferecer um servi\u00e7o aos diferentes eixos da REPAM com informa\u00e7\u00f5es relevantes e atualizadas sobre a situa\u00e7\u00e3o da [&hellip;]<\/p>\n","protected":false},"author":1,"featured_media":0,"parent":0,"menu_order":5,"comment_status":"closed","ping_status":"closed","template":"","meta":{"_acf_changed":false,"_uf_show_specific_survey":0,"_uf_disable_surveys":false,"footnotes":""},"class_list":["post-877","page","type-page","status-publish","hentry"],"acf":[],"aioseo_notices":[],"yoast_head":"<!-- This site is optimized with the Yoast SEO plugin v24.2 - https:\/\/yoast.com\/wordpress\/plugins\/seo\/ -->\n<title>Mapeamento e Pesquisa - Repam<\/title>\n<meta name=\"robots\" content=\"index, follow, max-snippet:-1, max-image-preview:large, max-video-preview:-1\" \/>\n<link rel=\"canonical\" href=\"https:\/\/www.repam.net\/pt\/mapeamento-e-pesquisa\/\" \/>\n<meta property=\"og:locale\" content=\"pt_BR\" \/>\n<meta property=\"og:type\" content=\"article\" \/>\n<meta property=\"og:title\" content=\"Mapeamento e Pesquisa - Repam\" \/>\n<meta property=\"og:description\" content=\"Desenvolver um completo exerc\u00edcio de mapeamento e pesquisa que nos permita compreender a situa\u00e7\u00e3o das popula\u00e7\u00f5es amaz\u00f4nicas, com \u00eanfase na dimens\u00e3o territorial, suas potencialidades e fragilidades; que tamb\u00e9m nos permita responder: Que Igreja queremos ser na Pan-Amaz\u00f4nia? a) Oferecer um servi\u00e7o aos diferentes eixos da REPAM com informa\u00e7\u00f5es relevantes e atualizadas sobre a situa\u00e7\u00e3o da [&hellip;]\" \/>\n<meta property=\"og:url\" content=\"https:\/\/www.repam.net\/pt\/mapeamento-e-pesquisa\/\" \/>\n<meta property=\"og:site_name\" content=\"Repam\" \/>\n<meta property=\"article:modified_time\" content=\"2025-08-27T01:27:53+00:00\" \/>\n<meta property=\"og:image\" content=\"https:\/\/www.repam.net\/pt\/wp-content\/uploads\/2022\/03\/mapeamento.jpeg\" \/>\n\t<meta property=\"og:image:width\" content=\"466\" \/>\n\t<meta property=\"og:image:height\" content=\"247\" \/>\n\t<meta property=\"og:image:type\" content=\"image\/jpeg\" \/>\n<meta name=\"twitter:card\" content=\"summary_large_image\" \/>\n<meta name=\"twitter:label1\" content=\"Est. tempo de leitura\" \/>\n\t<meta name=\"twitter:data1\" content=\"2 minutos\" \/>\n<script type=\"application\/ld+json\" class=\"yoast-schema-graph\">{\"@context\":\"https:\/\/schema.org\",\"@graph\":[{\"@type\":\"WebPage\",\"@id\":\"https:\/\/www.repam.net\/pt\/mapeamento-e-pesquisa\/\",\"url\":\"https:\/\/www.repam.net\/pt\/mapeamento-e-pesquisa\/\",\"name\":\"Mapeamento e Pesquisa - Repam\",\"isPartOf\":{\"@id\":\"https:\/\/www.repam.net\/pt\/#website\"},\"primaryImageOfPage\":{\"@id\":\"https:\/\/www.repam.net\/pt\/mapeamento-e-pesquisa\/#primaryimage\"},\"image\":{\"@id\":\"https:\/\/www.repam.net\/pt\/mapeamento-e-pesquisa\/#primaryimage\"},\"thumbnailUrl\":\"https:\/\/www.repam.net\/pt\/wp-content\/uploads\/2022\/03\/mapeamento.jpeg\",\"datePublished\":\"2022-03-18T20:09:10+00:00\",\"dateModified\":\"2025-08-27T01:27:53+00:00\",\"breadcrumb\":{\"@id\":\"https:\/\/www.repam.net\/pt\/mapeamento-e-pesquisa\/#breadcrumb\"},\"inLanguage\":\"pt-BR\",\"potentialAction\":[{\"@type\":\"ReadAction\",\"target\":[\"https:\/\/www.repam.net\/pt\/mapeamento-e-pesquisa\/\"]}]},{\"@type\":\"ImageObject\",\"inLanguage\":\"pt-BR\",\"@id\":\"https:\/\/www.repam.net\/pt\/mapeamento-e-pesquisa\/#primaryimage\",\"url\":\"https:\/\/www.repam.net\/pt\/wp-content\/uploads\/2022\/03\/mapeamento.jpeg\",\"contentUrl\":\"https:\/\/www.repam.net\/pt\/wp-content\/uploads\/2022\/03\/mapeamento.jpeg\",\"width\":466,\"height\":247},{\"@type\":\"BreadcrumbList\",\"@id\":\"https:\/\/www.repam.net\/pt\/mapeamento-e-pesquisa\/#breadcrumb\",\"itemListElement\":[{\"@type\":\"ListItem\",\"position\":1,\"name\":\"In\u00edcio\",\"item\":\"https:\/\/www.repam.net\/pt\/\"},{\"@type\":\"ListItem\",\"position\":2,\"name\":\"Mapeamento e Pesquisa\"}]},{\"@type\":\"WebSite\",\"@id\":\"https:\/\/www.repam.net\/pt\/#website\",\"url\":\"https:\/\/www.repam.net\/pt\/\",\"name\":\"Repam\",\"description\":\"Rede Eclesial Pan-amaz\u00f4nica\",\"publisher\":{\"@id\":\"https:\/\/www.repam.net\/pt\/#organization\"},\"potentialAction\":[{\"@type\":\"SearchAction\",\"target\":{\"@type\":\"EntryPoint\",\"urlTemplate\":\"https:\/\/www.repam.net\/pt\/?s={search_term_string}\"},\"query-input\":{\"@type\":\"PropertyValueSpecification\",\"valueRequired\":true,\"valueName\":\"search_term_string\"}}],\"inLanguage\":\"pt-BR\"},{\"@type\":\"Organization\",\"@id\":\"https:\/\/www.repam.net\/pt\/#organization\",\"name\":\"Repam\",\"url\":\"https:\/\/www.repam.net\/pt\/\",\"logo\":{\"@type\":\"ImageObject\",\"inLanguage\":\"pt-BR\",\"@id\":\"https:\/\/www.repam.net\/pt\/#\/schema\/logo\/image\/\",\"url\":\"https:\/\/www.repam.net\/pt\/wp-content\/uploads\/2022\/02\/15.-REPAM-BRASIL.jpg\",\"contentUrl\":\"https:\/\/www.repam.net\/pt\/wp-content\/uploads\/2022\/02\/15.-REPAM-BRASIL.jpg\",\"width\":231,\"height\":230,\"caption\":\"Repam\"},\"image\":{\"@id\":\"https:\/\/www.repam.net\/pt\/#\/schema\/logo\/image\/\"}}]}<\/script>\n<!-- \/ Yoast SEO plugin. -->","yoast_head_json":{"title":"Mapeamento e Pesquisa - Repam","robots":{"index":"index","follow":"follow","max-snippet":"max-snippet:-1","max-image-preview":"max-image-preview:large","max-video-preview":"max-video-preview:-1"},"canonical":"https:\/\/www.repam.net\/pt\/mapeamento-e-pesquisa\/","og_locale":"pt_BR","og_type":"article","og_title":"Mapeamento e Pesquisa - Repam","og_description":"Desenvolver um completo exerc\u00edcio de mapeamento e pesquisa que nos permita compreender a situa\u00e7\u00e3o das popula\u00e7\u00f5es amaz\u00f4nicas, com \u00eanfase na dimens\u00e3o territorial, suas potencialidades e fragilidades; que tamb\u00e9m nos permita responder: Que Igreja queremos ser na Pan-Amaz\u00f4nia? a) Oferecer um servi\u00e7o aos diferentes eixos da REPAM com informa\u00e7\u00f5es relevantes e atualizadas sobre a situa\u00e7\u00e3o da [&hellip;]","og_url":"https:\/\/www.repam.net\/pt\/mapeamento-e-pesquisa\/","og_site_name":"Repam","article_modified_time":"2025-08-27T01:27:53+00:00","og_image":[{"width":466,"height":247,"url":"https:\/\/www.repam.net\/pt\/wp-content\/uploads\/2022\/03\/mapeamento.jpeg","type":"image\/jpeg"}],"twitter_card":"summary_large_image","twitter_misc":{"Est. tempo de leitura":"2 minutos"},"schema":{"@context":"https:\/\/schema.org","@graph":[{"@type":"WebPage","@id":"https:\/\/www.repam.net\/pt\/mapeamento-e-pesquisa\/","url":"https:\/\/www.repam.net\/pt\/mapeamento-e-pesquisa\/","name":"Mapeamento e Pesquisa - Repam","isPartOf":{"@id":"https:\/\/www.repam.net\/pt\/#website"},"primaryImageOfPage":{"@id":"https:\/\/www.repam.net\/pt\/mapeamento-e-pesquisa\/#primaryimage"},"image":{"@id":"https:\/\/www.repam.net\/pt\/mapeamento-e-pesquisa\/#primaryimage"},"thumbnailUrl":"https:\/\/www.repam.net\/pt\/wp-content\/uploads\/2022\/03\/mapeamento.jpeg","datePublished":"2022-03-18T20:09:10+00:00","dateModified":"2025-08-27T01:27:53+00:00","breadcrumb":{"@id":"https:\/\/www.repam.net\/pt\/mapeamento-e-pesquisa\/#breadcrumb"},"inLanguage":"pt-BR","potentialAction":[{"@type":"ReadAction","target":["https:\/\/www.repam.net\/pt\/mapeamento-e-pesquisa\/"]}]},{"@type":"ImageObject","inLanguage":"pt-BR","@id":"https:\/\/www.repam.net\/pt\/mapeamento-e-pesquisa\/#primaryimage","url":"https:\/\/www.repam.net\/pt\/wp-content\/uploads\/2022\/03\/mapeamento.jpeg","contentUrl":"https:\/\/www.repam.net\/pt\/wp-content\/uploads\/2022\/03\/mapeamento.jpeg","width":466,"height":247},{"@type":"BreadcrumbList","@id":"https:\/\/www.repam.net\/pt\/mapeamento-e-pesquisa\/#breadcrumb","itemListElement":[{"@type":"ListItem","position":1,"name":"In\u00edcio","item":"https:\/\/www.repam.net\/pt\/"},{"@type":"ListItem","position":2,"name":"Mapeamento e Pesquisa"}]},{"@type":"WebSite","@id":"https:\/\/www.repam.net\/pt\/#website","url":"https:\/\/www.repam.net\/pt\/","name":"Repam","description":"Rede Eclesial Pan-amaz\u00f4nica","publisher":{"@id":"https:\/\/www.repam.net\/pt\/#organization"},"potentialAction":[{"@type":"SearchAction","target":{"@type":"EntryPoint","urlTemplate":"https:\/\/www.repam.net\/pt\/?s={search_term_string}"},"query-input":{"@type":"PropertyValueSpecification","valueRequired":true,"valueName":"search_term_string"}}],"inLanguage":"pt-BR"},{"@type":"Organization","@id":"https:\/\/www.repam.net\/pt\/#organization","name":"Repam","url":"https:\/\/www.repam.net\/pt\/","logo":{"@type":"ImageObject","inLanguage":"pt-BR","@id":"https:\/\/www.repam.net\/pt\/#\/schema\/logo\/image\/","url":"https:\/\/www.repam.net\/pt\/wp-content\/uploads\/2022\/02\/15.-REPAM-BRASIL.jpg","contentUrl":"https:\/\/www.repam.net\/pt\/wp-content\/uploads\/2022\/02\/15.-REPAM-BRASIL.jpg","width":231,"height":230,"caption":"Repam"},"image":{"@id":"https:\/\/www.repam.net\/pt\/#\/schema\/logo\/image\/"}}]}},"_links":{"self":[{"href":"https:\/\/www.repam.net\/pt\/wp-json\/wp\/v2\/pages\/877","targetHints":{"allow":["GET"]}}],"collection":[{"href":"https:\/\/www.repam.net\/pt\/wp-json\/wp\/v2\/pages"}],"about":[{"href":"https:\/\/www.repam.net\/pt\/wp-json\/wp\/v2\/types\/page"}],"author":[{"embeddable":true,"href":"https:\/\/www.repam.net\/pt\/wp-json\/wp\/v2\/users\/1"}],"replies":[{"embeddable":true,"href":"https:\/\/www.repam.net\/pt\/wp-json\/wp\/v2\/comments?post=877"}],"version-history":[{"count":2,"href":"https:\/\/www.repam.net\/pt\/wp-json\/wp\/v2\/pages\/877\/revisions"}],"predecessor-version":[{"id":3628,"href":"https:\/\/www.repam.net\/pt\/wp-json\/wp\/v2\/pages\/877\/revisions\/3628"}],"wp:attachment":[{"href":"https:\/\/www.repam.net\/pt\/wp-json\/wp\/v2\/media?parent=877"}],"curies":[{"name":"wp","href":"https:\/\/api.w.org\/{rel}","templated":true}]}}