{"id":887,"date":"2022-03-18T17:16:46","date_gmt":"2022-03-18T20:16:46","guid":{"rendered":"http:\/\/repam.net\/pt\/?page_id=887"},"modified":"2025-08-26T20:42:37","modified_gmt":"2025-08-26T23:42:37","slug":"justica-socioambiental-e-bem-viver","status":"publish","type":"page","link":"https:\/\/www.repam.net\/pt\/nucleos-tematicos\/justica-socioambiental-e-bem-viver\/","title":{"rendered":"Justi\u00e7a Socioambiental e Bem Viver"},"content":{"rendered":"\n<div class=\"wp-block-columns is-layout-flex wp-container-core-columns-is-layout-9d6595d7 wp-block-columns-is-layout-flex\">\n<div class=\"wp-block-column is-layout-flow wp-block-column-is-layout-flow\">\n<figure class=\"wp-block-image size-full\"><img loading=\"lazy\" decoding=\"async\" width=\"1024\" height=\"682\" src=\"https:\/\/www.repam.net\/pt\/wp-content\/uploads\/2025\/08\/JSABV_01.jpeg\" alt=\"\" class=\"wp-image-3603\" srcset=\"https:\/\/www.repam.net\/pt\/wp-content\/uploads\/2025\/08\/JSABV_01.jpeg 1024w, https:\/\/www.repam.net\/pt\/wp-content\/uploads\/2025\/08\/JSABV_01-300x200.jpeg 300w, https:\/\/www.repam.net\/pt\/wp-content\/uploads\/2025\/08\/JSABV_01-768x512.jpeg 768w\" sizes=\"auto, (max-width: 1024px) 100vw, 1024px\" \/><\/figure>\n<\/div>\n<\/div>\n\n\n\n<p>Construir um processo de reflex\u00e3o e a\u00e7\u00e3o sobre o desenvolvimento na Panamaz\u00f4nia a partir das pr\u00f3prias propostas dos povos amaz\u00f4nicos, a fim de ver e sentir a abund\u00e2ncia e a bem viver.<\/p>\n\n\n\n<h2 class=\"wp-block-heading\"><strong>RESULTADOS PROPOSTOS<\/strong><\/h2>\n\n\n\n<p>&#8211; Definir linhas de a\u00e7\u00e3o para os princ\u00edpios do bem viver dos povos amaz\u00f4nicos em n\u00edvel pan-amaz\u00f4nico.<\/p>\n\n\n\n<p>&#8211; Implementa\u00e7\u00e3o das linhas de a\u00e7\u00e3o<\/p>\n","protected":false},"excerpt":{"rendered":"<p>Construir um processo de reflex\u00e3o e a\u00e7\u00e3o sobre o desenvolvimento na Panamaz\u00f4nia a partir das pr\u00f3prias propostas dos povos amaz\u00f4nicos, a fim de ver e sentir a abund\u00e2ncia e a bem viver. RESULTADOS PROPOSTOS &#8211; Definir linhas de a\u00e7\u00e3o para os princ\u00edpios do bem viver dos povos amaz\u00f4nicos em n\u00edvel pan-amaz\u00f4nico. &#8211; Implementa\u00e7\u00e3o das linhas [&hellip;]<\/p>\n","protected":false},"author":1,"featured_media":0,"parent":39,"menu_order":7,"comment_status":"closed","ping_status":"closed","template":"page-multipla.php","meta":{"_acf_changed":false,"_uf_show_specific_survey":0,"_uf_disable_surveys":false,"footnotes":""},"class_list":["post-887","page","type-page","status-publish","hentry"],"acf":[],"aioseo_notices":[],"yoast_head":"<!-- This site is optimized with the Yoast SEO plugin v24.2 - https:\/\/yoast.com\/wordpress\/plugins\/seo\/ -->\n<title>Justi\u00e7a Socioambiental e Bem Viver - Repam<\/title>\n<meta name=\"robots\" content=\"index, follow, max-snippet:-1, max-image-preview:large, max-video-preview:-1\" \/>\n<link rel=\"canonical\" href=\"https:\/\/www.repam.net\/pt\/nucleos-tematicos\/justica-socioambiental-e-bem-viver\/\" \/>\n<meta property=\"og:locale\" content=\"pt_BR\" \/>\n<meta property=\"og:type\" content=\"article\" \/>\n<meta property=\"og:title\" content=\"Justi\u00e7a Socioambiental e Bem Viver - Repam\" \/>\n<meta property=\"og:description\" content=\"Construir um processo de reflex\u00e3o e a\u00e7\u00e3o sobre o desenvolvimento na Panamaz\u00f4nia a partir das pr\u00f3prias propostas dos povos amaz\u00f4nicos, a fim de ver e sentir a abund\u00e2ncia e a bem viver. RESULTADOS PROPOSTOS &#8211; Definir linhas de a\u00e7\u00e3o para os princ\u00edpios do bem viver dos povos amaz\u00f4nicos em n\u00edvel pan-amaz\u00f4nico. &#8211; Implementa\u00e7\u00e3o das linhas [&hellip;]\" \/>\n<meta property=\"og:url\" content=\"https:\/\/www.repam.net\/pt\/nucleos-tematicos\/justica-socioambiental-e-bem-viver\/\" \/>\n<meta property=\"og:site_name\" content=\"Repam\" \/>\n<meta property=\"article:modified_time\" content=\"2025-08-26T23:42:37+00:00\" \/>\n<meta property=\"og:image\" content=\"https:\/\/www.repam.net\/pt\/wp-content\/uploads\/2025\/08\/JSABV_01.jpeg\" \/>\n\t<meta property=\"og:image:width\" content=\"1024\" \/>\n\t<meta property=\"og:image:height\" content=\"682\" \/>\n\t<meta property=\"og:image:type\" content=\"image\/jpeg\" \/>\n<meta name=\"twitter:card\" content=\"summary_large_image\" \/>\n<meta name=\"twitter:label1\" content=\"Est. tempo de leitura\" \/>\n\t<meta name=\"twitter:data1\" content=\"1 minuto\" \/>\n<script type=\"application\/ld+json\" class=\"yoast-schema-graph\">{\"@context\":\"https:\/\/schema.org\",\"@graph\":[{\"@type\":\"WebPage\",\"@id\":\"https:\/\/www.repam.net\/pt\/nucleos-tematicos\/justica-socioambiental-e-bem-viver\/\",\"url\":\"https:\/\/www.repam.net\/pt\/nucleos-tematicos\/justica-socioambiental-e-bem-viver\/\",\"name\":\"Justi\u00e7a Socioambiental e Bem Viver - Repam\",\"isPartOf\":{\"@id\":\"https:\/\/www.repam.net\/pt\/#website\"},\"primaryImageOfPage\":{\"@id\":\"https:\/\/www.repam.net\/pt\/nucleos-tematicos\/justica-socioambiental-e-bem-viver\/#primaryimage\"},\"image\":{\"@id\":\"https:\/\/www.repam.net\/pt\/nucleos-tematicos\/justica-socioambiental-e-bem-viver\/#primaryimage\"},\"thumbnailUrl\":\"https:\/\/www.repam.net\/pt\/wp-content\/uploads\/2025\/08\/JSABV_01.jpeg\",\"datePublished\":\"2022-03-18T20:16:46+00:00\",\"dateModified\":\"2025-08-26T23:42:37+00:00\",\"breadcrumb\":{\"@id\":\"https:\/\/www.repam.net\/pt\/nucleos-tematicos\/justica-socioambiental-e-bem-viver\/#breadcrumb\"},\"inLanguage\":\"pt-BR\",\"potentialAction\":[{\"@type\":\"ReadAction\",\"target\":[\"https:\/\/www.repam.net\/pt\/nucleos-tematicos\/justica-socioambiental-e-bem-viver\/\"]}]},{\"@type\":\"ImageObject\",\"inLanguage\":\"pt-BR\",\"@id\":\"https:\/\/www.repam.net\/pt\/nucleos-tematicos\/justica-socioambiental-e-bem-viver\/#primaryimage\",\"url\":\"https:\/\/www.repam.net\/pt\/wp-content\/uploads\/2025\/08\/JSABV_01.jpeg\",\"contentUrl\":\"https:\/\/www.repam.net\/pt\/wp-content\/uploads\/2025\/08\/JSABV_01.jpeg\",\"width\":1024,\"height\":682},{\"@type\":\"BreadcrumbList\",\"@id\":\"https:\/\/www.repam.net\/pt\/nucleos-tematicos\/justica-socioambiental-e-bem-viver\/#breadcrumb\",\"itemListElement\":[{\"@type\":\"ListItem\",\"position\":1,\"name\":\"In\u00edcio\",\"item\":\"https:\/\/www.repam.net\/pt\/\"},{\"@type\":\"ListItem\",\"position\":2,\"name\":\"N\u00facleos Tem\u00e1ticos\",\"item\":\"https:\/\/www.repam.net\/pt\/nucleos-tematicos\/\"},{\"@type\":\"ListItem\",\"position\":3,\"name\":\"Justi\u00e7a Socioambiental e Bem Viver\"}]},{\"@type\":\"WebSite\",\"@id\":\"https:\/\/www.repam.net\/pt\/#website\",\"url\":\"https:\/\/www.repam.net\/pt\/\",\"name\":\"Repam\",\"description\":\"Rede Eclesial Pan-amaz\u00f4nica\",\"publisher\":{\"@id\":\"https:\/\/www.repam.net\/pt\/#organization\"},\"potentialAction\":[{\"@type\":\"SearchAction\",\"target\":{\"@type\":\"EntryPoint\",\"urlTemplate\":\"https:\/\/www.repam.net\/pt\/?s={search_term_string}\"},\"query-input\":{\"@type\":\"PropertyValueSpecification\",\"valueRequired\":true,\"valueName\":\"search_term_string\"}}],\"inLanguage\":\"pt-BR\"},{\"@type\":\"Organization\",\"@id\":\"https:\/\/www.repam.net\/pt\/#organization\",\"name\":\"Repam\",\"url\":\"https:\/\/www.repam.net\/pt\/\",\"logo\":{\"@type\":\"ImageObject\",\"inLanguage\":\"pt-BR\",\"@id\":\"https:\/\/www.repam.net\/pt\/#\/schema\/logo\/image\/\",\"url\":\"https:\/\/www.repam.net\/pt\/wp-content\/uploads\/2022\/02\/15.-REPAM-BRASIL.jpg\",\"contentUrl\":\"https:\/\/www.repam.net\/pt\/wp-content\/uploads\/2022\/02\/15.-REPAM-BRASIL.jpg\",\"width\":231,\"height\":230,\"caption\":\"Repam\"},\"image\":{\"@id\":\"https:\/\/www.repam.net\/pt\/#\/schema\/logo\/image\/\"}}]}<\/script>\n<!-- \/ Yoast SEO plugin. -->","yoast_head_json":{"title":"Justi\u00e7a Socioambiental e Bem Viver - Repam","robots":{"index":"index","follow":"follow","max-snippet":"max-snippet:-1","max-image-preview":"max-image-preview:large","max-video-preview":"max-video-preview:-1"},"canonical":"https:\/\/www.repam.net\/pt\/nucleos-tematicos\/justica-socioambiental-e-bem-viver\/","og_locale":"pt_BR","og_type":"article","og_title":"Justi\u00e7a Socioambiental e Bem Viver - Repam","og_description":"Construir um processo de reflex\u00e3o e a\u00e7\u00e3o sobre o desenvolvimento na Panamaz\u00f4nia a partir das pr\u00f3prias propostas dos povos amaz\u00f4nicos, a fim de ver e sentir a abund\u00e2ncia e a bem viver. RESULTADOS PROPOSTOS &#8211; Definir linhas de a\u00e7\u00e3o para os princ\u00edpios do bem viver dos povos amaz\u00f4nicos em n\u00edvel pan-amaz\u00f4nico. &#8211; Implementa\u00e7\u00e3o das linhas [&hellip;]","og_url":"https:\/\/www.repam.net\/pt\/nucleos-tematicos\/justica-socioambiental-e-bem-viver\/","og_site_name":"Repam","article_modified_time":"2025-08-26T23:42:37+00:00","og_image":[{"width":1024,"height":682,"url":"https:\/\/www.repam.net\/pt\/wp-content\/uploads\/2025\/08\/JSABV_01.jpeg","type":"image\/jpeg"}],"twitter_card":"summary_large_image","twitter_misc":{"Est. tempo de leitura":"1 minuto"},"schema":{"@context":"https:\/\/schema.org","@graph":[{"@type":"WebPage","@id":"https:\/\/www.repam.net\/pt\/nucleos-tematicos\/justica-socioambiental-e-bem-viver\/","url":"https:\/\/www.repam.net\/pt\/nucleos-tematicos\/justica-socioambiental-e-bem-viver\/","name":"Justi\u00e7a Socioambiental e Bem Viver - Repam","isPartOf":{"@id":"https:\/\/www.repam.net\/pt\/#website"},"primaryImageOfPage":{"@id":"https:\/\/www.repam.net\/pt\/nucleos-tematicos\/justica-socioambiental-e-bem-viver\/#primaryimage"},"image":{"@id":"https:\/\/www.repam.net\/pt\/nucleos-tematicos\/justica-socioambiental-e-bem-viver\/#primaryimage"},"thumbnailUrl":"https:\/\/www.repam.net\/pt\/wp-content\/uploads\/2025\/08\/JSABV_01.jpeg","datePublished":"2022-03-18T20:16:46+00:00","dateModified":"2025-08-26T23:42:37+00:00","breadcrumb":{"@id":"https:\/\/www.repam.net\/pt\/nucleos-tematicos\/justica-socioambiental-e-bem-viver\/#breadcrumb"},"inLanguage":"pt-BR","potentialAction":[{"@type":"ReadAction","target":["https:\/\/www.repam.net\/pt\/nucleos-tematicos\/justica-socioambiental-e-bem-viver\/"]}]},{"@type":"ImageObject","inLanguage":"pt-BR","@id":"https:\/\/www.repam.net\/pt\/nucleos-tematicos\/justica-socioambiental-e-bem-viver\/#primaryimage","url":"https:\/\/www.repam.net\/pt\/wp-content\/uploads\/2025\/08\/JSABV_01.jpeg","contentUrl":"https:\/\/www.repam.net\/pt\/wp-content\/uploads\/2025\/08\/JSABV_01.jpeg","width":1024,"height":682},{"@type":"BreadcrumbList","@id":"https:\/\/www.repam.net\/pt\/nucleos-tematicos\/justica-socioambiental-e-bem-viver\/#breadcrumb","itemListElement":[{"@type":"ListItem","position":1,"name":"In\u00edcio","item":"https:\/\/www.repam.net\/pt\/"},{"@type":"ListItem","position":2,"name":"N\u00facleos Tem\u00e1ticos","item":"https:\/\/www.repam.net\/pt\/nucleos-tematicos\/"},{"@type":"ListItem","position":3,"name":"Justi\u00e7a Socioambiental e Bem Viver"}]},{"@type":"WebSite","@id":"https:\/\/www.repam.net\/pt\/#website","url":"https:\/\/www.repam.net\/pt\/","name":"Repam","description":"Rede Eclesial Pan-amaz\u00f4nica","publisher":{"@id":"https:\/\/www.repam.net\/pt\/#organization"},"potentialAction":[{"@type":"SearchAction","target":{"@type":"EntryPoint","urlTemplate":"https:\/\/www.repam.net\/pt\/?s={search_term_string}"},"query-input":{"@type":"PropertyValueSpecification","valueRequired":true,"valueName":"search_term_string"}}],"inLanguage":"pt-BR"},{"@type":"Organization","@id":"https:\/\/www.repam.net\/pt\/#organization","name":"Repam","url":"https:\/\/www.repam.net\/pt\/","logo":{"@type":"ImageObject","inLanguage":"pt-BR","@id":"https:\/\/www.repam.net\/pt\/#\/schema\/logo\/image\/","url":"https:\/\/www.repam.net\/pt\/wp-content\/uploads\/2022\/02\/15.-REPAM-BRASIL.jpg","contentUrl":"https:\/\/www.repam.net\/pt\/wp-content\/uploads\/2022\/02\/15.-REPAM-BRASIL.jpg","width":231,"height":230,"caption":"Repam"},"image":{"@id":"https:\/\/www.repam.net\/pt\/#\/schema\/logo\/image\/"}}]}},"_links":{"self":[{"href":"https:\/\/www.repam.net\/pt\/wp-json\/wp\/v2\/pages\/887","targetHints":{"allow":["GET"]}}],"collection":[{"href":"https:\/\/www.repam.net\/pt\/wp-json\/wp\/v2\/pages"}],"about":[{"href":"https:\/\/www.repam.net\/pt\/wp-json\/wp\/v2\/types\/page"}],"author":[{"embeddable":true,"href":"https:\/\/www.repam.net\/pt\/wp-json\/wp\/v2\/users\/1"}],"replies":[{"embeddable":true,"href":"https:\/\/www.repam.net\/pt\/wp-json\/wp\/v2\/comments?post=887"}],"version-history":[{"count":2,"href":"https:\/\/www.repam.net\/pt\/wp-json\/wp\/v2\/pages\/887\/revisions"}],"predecessor-version":[{"id":3605,"href":"https:\/\/www.repam.net\/pt\/wp-json\/wp\/v2\/pages\/887\/revisions\/3605"}],"up":[{"embeddable":true,"href":"https:\/\/www.repam.net\/pt\/wp-json\/wp\/v2\/pages\/39"}],"wp:attachment":[{"href":"https:\/\/www.repam.net\/pt\/wp-json\/wp\/v2\/media?parent=887"}],"curies":[{"name":"wp","href":"https:\/\/api.w.org\/{rel}","templated":true}]}}