{"id":894,"date":"2022-03-18T17:22:35","date_gmt":"2022-03-18T20:22:35","guid":{"rendered":"http:\/\/repam.net\/pt\/?page_id=894"},"modified":"2025-11-05T14:01:58","modified_gmt":"2025-11-05T17:01:58","slug":"comunicacao-para-a-transformacao-social","status":"publish","type":"page","link":"https:\/\/www.repam.net\/pt\/nucleos-tematicos\/comunicacao-para-a-transformacao-social\/","title":{"rendered":"Comunica\u00e7\u00e3o para a Transforma\u00e7\u00e3o Social"},"content":{"rendered":"\n<div class=\"wp-block-columns is-layout-flex wp-container-core-columns-is-layout-9d6595d7 wp-block-columns-is-layout-flex\">\n<div class=\"wp-block-column is-layout-flow wp-block-column-is-layout-flow\">\n<figure class=\"wp-block-image size-large\"><img loading=\"lazy\" decoding=\"async\" width=\"1280\" height=\"720\" src=\"https:\/\/www.repam.net\/pt\/wp-content\/uploads\/2025\/08\/Comunicacion-web-edited.jpg\" alt=\"\" class=\"wp-image-3607\" srcset=\"https:\/\/www.repam.net\/pt\/wp-content\/uploads\/2025\/08\/Comunicacion-web-edited.jpg 1280w, https:\/\/www.repam.net\/pt\/wp-content\/uploads\/2025\/08\/Comunicacion-web-edited-300x169.jpg 300w, https:\/\/www.repam.net\/pt\/wp-content\/uploads\/2025\/08\/Comunicacion-web-edited-1024x576.jpg 1024w, https:\/\/www.repam.net\/pt\/wp-content\/uploads\/2025\/08\/Comunicacion-web-edited-768x432.jpg 768w\" sizes=\"auto, (max-width: 1280px) 100vw, 1280px\" \/><\/figure>\n<\/div>\n<\/div>\n\n\n\n<p>\u00c0 luz do processo de &#8220;formar uma Igreja com rosto amaz\u00f4nico&#8221;, queremos gerar uma comunica\u00e7\u00e3o transformadora capaz de fortalecer os processos eclesiais no Panam\u00e1, no acompanhamento e proximidade com os povos, na constru\u00e7\u00e3o de processos comunicativos sociais, culturais, ecol\u00f3gicos e pastorais na defesa e cuidado da vida, das culturas e de uma ecologia integral.<\/p>\n\n\n\n<h2 class=\"wp-block-heading\"><strong>OBJETIVOS ESPEC\u00cdFICOS:<\/strong><\/h2>\n\n\n\n<p>&#8211; Fortalecer e articular os processos de comunica\u00e7\u00e3o interna da Rede, em seus diversos n\u00edveis, a fim de tornar vis\u00edvel o trabalho que est\u00e1 sendo feito.<\/p>\n\n\n\n<p>&#8211; Promover uma cultura comunicativa que favore\u00e7a o di\u00e1logo, a cultura do encontro e o cuidado com a &#8220;casa comum&#8221;, motivada por uma ecologia integral que difunde a cultura do &#8220;bem viver&#8221; e o cuidado com a cria\u00e7\u00e3o (DF 60).<\/p>\n\n\n\n<p>&#8211; Aconselhar e apoiar os processos de forma\u00e7\u00e3o, monitoramento e fortalecimento da comunica\u00e7\u00e3o na regi\u00e3o Pan-Amaz\u00f4nica, incluindo os v\u00e1rios meios de comunica\u00e7\u00e3o utilizados pelas igrejas particulares e outras organiza\u00e7\u00f5es eclesi\u00e1sticas.<\/p>\n\n\n\n<p>&#8211; Avan\u00e7ar para a forma\u00e7\u00e3o da Rede Cat\u00f3lica de Comunica\u00e7\u00f5es da Amaz\u00f4nia (DF 61), coordenando as estruturas existentes e fortalecendo o processo de comunica\u00e7\u00e3o entre os pa\u00edses aliados e as institui\u00e7\u00f5es.<\/p>\n\n\n\n<p>&#8211; Fortalecer os processos de comunica\u00e7\u00e3o intercultural dos povos nativos e comunidades tradicionais da Amaz\u00f4nia, &#8220;comunica\u00e7\u00f5es alternativas a partir de suas pr\u00f3prias l\u00ednguas e culturas e que os sujeitos se fa\u00e7am presentes na m\u00eddia existente&#8221; (Instrumentum Laboris para o S\u00ednodo Amaz\u00f4nico, 123e \/ Querida Amazonia, 39).<\/p>\n\n\n\n<div class=\"wp-block-columns is-layout-flex wp-container-core-columns-is-layout-9d6595d7 wp-block-columns-is-layout-flex\">\n<div class=\"wp-block-column is-layout-flow wp-block-column-is-layout-flow\"><\/div>\n\n\n\n<div class=\"wp-block-column is-layout-flow wp-block-column-is-layout-flow\">\n<figure class=\"wp-block-gallery has-nested-images columns-default is-cropped wp-block-gallery-1 is-layout-flex wp-block-gallery-is-layout-flex\">\n<figure class=\"wp-block-image size-large\"><a href=\"https:\/\/www.repam.net\/pt\/kukama-tikuna-maguta\/\"><img loading=\"lazy\" decoding=\"async\" width=\"721\" height=\"198\" data-id=\"3876\" src=\"https:\/\/www.repam.net\/pt\/wp-content\/uploads\/2025\/11\/Boton-TF.png\" alt=\"\" class=\"wp-image-3876\" srcset=\"https:\/\/www.repam.net\/pt\/wp-content\/uploads\/2025\/11\/Boton-TF.png 721w, https:\/\/www.repam.net\/pt\/wp-content\/uploads\/2025\/11\/Boton-TF-300x82.png 300w\" sizes=\"auto, (max-width: 721px) 100vw, 721px\" \/><\/a><\/figure>\n<\/figure>\n<\/div>\n\n\n\n<div class=\"wp-block-column is-layout-flow wp-block-column-is-layout-flow\"><\/div>\n<\/div>\n\n\n\n<p><\/p>\n","protected":false},"excerpt":{"rendered":"<p>\u00c0 luz do processo de &#8220;formar uma Igreja com rosto amaz\u00f4nico&#8221;, queremos gerar uma comunica\u00e7\u00e3o transformadora capaz de fortalecer os processos eclesiais no Panam\u00e1, no acompanhamento e proximidade com os povos, na constru\u00e7\u00e3o de processos comunicativos sociais, culturais, ecol\u00f3gicos e pastorais na defesa e cuidado da vida, das culturas e de uma ecologia integral. OBJETIVOS [&hellip;]<\/p>\n","protected":false},"author":1,"featured_media":0,"parent":39,"menu_order":9,"comment_status":"closed","ping_status":"closed","template":"page-multipla.php","meta":{"_acf_changed":false,"_uf_show_specific_survey":0,"_uf_disable_surveys":false,"footnotes":""},"class_list":["post-894","page","type-page","status-publish","hentry"],"acf":[],"aioseo_notices":[],"yoast_head":"<!-- This site is optimized with the Yoast SEO plugin v24.2 - https:\/\/yoast.com\/wordpress\/plugins\/seo\/ -->\n<title>Comunica\u00e7\u00e3o para a Transforma\u00e7\u00e3o Social - Repam<\/title>\n<meta name=\"robots\" content=\"index, follow, max-snippet:-1, max-image-preview:large, max-video-preview:-1\" \/>\n<link rel=\"canonical\" href=\"https:\/\/www.repam.net\/pt\/nucleos-tematicos\/comunicacao-para-a-transformacao-social\/\" \/>\n<meta property=\"og:locale\" content=\"pt_BR\" \/>\n<meta property=\"og:type\" content=\"article\" \/>\n<meta property=\"og:title\" content=\"Comunica\u00e7\u00e3o para a Transforma\u00e7\u00e3o Social - Repam\" \/>\n<meta property=\"og:description\" content=\"\u00c0 luz do processo de &#8220;formar uma Igreja com rosto amaz\u00f4nico&#8221;, queremos gerar uma comunica\u00e7\u00e3o transformadora capaz de fortalecer os processos eclesiais no Panam\u00e1, no acompanhamento e proximidade com os povos, na constru\u00e7\u00e3o de processos comunicativos sociais, culturais, ecol\u00f3gicos e pastorais na defesa e cuidado da vida, das culturas e de uma ecologia integral. OBJETIVOS [&hellip;]\" \/>\n<meta property=\"og:url\" content=\"https:\/\/www.repam.net\/pt\/nucleos-tematicos\/comunicacao-para-a-transformacao-social\/\" \/>\n<meta property=\"og:site_name\" content=\"Repam\" \/>\n<meta property=\"article:modified_time\" content=\"2025-11-05T17:01:58+00:00\" \/>\n<meta property=\"og:image\" content=\"https:\/\/www.repam.net\/pt\/wp-content\/uploads\/2025\/08\/Comunicacion-web-edited.jpg\" \/>\n\t<meta property=\"og:image:width\" content=\"1280\" \/>\n\t<meta property=\"og:image:height\" content=\"720\" \/>\n\t<meta property=\"og:image:type\" content=\"image\/jpeg\" \/>\n<meta name=\"twitter:card\" content=\"summary_large_image\" \/>\n<meta name=\"twitter:label1\" content=\"Est. tempo de leitura\" \/>\n\t<meta name=\"twitter:data1\" content=\"2 minutos\" \/>\n<script type=\"application\/ld+json\" class=\"yoast-schema-graph\">{\"@context\":\"https:\/\/schema.org\",\"@graph\":[{\"@type\":\"WebPage\",\"@id\":\"https:\/\/www.repam.net\/pt\/nucleos-tematicos\/comunicacao-para-a-transformacao-social\/\",\"url\":\"https:\/\/www.repam.net\/pt\/nucleos-tematicos\/comunicacao-para-a-transformacao-social\/\",\"name\":\"Comunica\u00e7\u00e3o para a Transforma\u00e7\u00e3o Social - Repam\",\"isPartOf\":{\"@id\":\"https:\/\/www.repam.net\/pt\/#website\"},\"primaryImageOfPage\":{\"@id\":\"https:\/\/www.repam.net\/pt\/nucleos-tematicos\/comunicacao-para-a-transformacao-social\/#primaryimage\"},\"image\":{\"@id\":\"https:\/\/www.repam.net\/pt\/nucleos-tematicos\/comunicacao-para-a-transformacao-social\/#primaryimage\"},\"thumbnailUrl\":\"https:\/\/www.repam.net\/pt\/wp-content\/uploads\/2025\/08\/Comunicacion-web-edited.jpg\",\"datePublished\":\"2022-03-18T20:22:35+00:00\",\"dateModified\":\"2025-11-05T17:01:58+00:00\",\"breadcrumb\":{\"@id\":\"https:\/\/www.repam.net\/pt\/nucleos-tematicos\/comunicacao-para-a-transformacao-social\/#breadcrumb\"},\"inLanguage\":\"pt-BR\",\"potentialAction\":[{\"@type\":\"ReadAction\",\"target\":[\"https:\/\/www.repam.net\/pt\/nucleos-tematicos\/comunicacao-para-a-transformacao-social\/\"]}]},{\"@type\":\"ImageObject\",\"inLanguage\":\"pt-BR\",\"@id\":\"https:\/\/www.repam.net\/pt\/nucleos-tematicos\/comunicacao-para-a-transformacao-social\/#primaryimage\",\"url\":\"https:\/\/www.repam.net\/pt\/wp-content\/uploads\/2025\/08\/Comunicacion-web-edited.jpg\",\"contentUrl\":\"https:\/\/www.repam.net\/pt\/wp-content\/uploads\/2025\/08\/Comunicacion-web-edited.jpg\",\"width\":1280,\"height\":720},{\"@type\":\"BreadcrumbList\",\"@id\":\"https:\/\/www.repam.net\/pt\/nucleos-tematicos\/comunicacao-para-a-transformacao-social\/#breadcrumb\",\"itemListElement\":[{\"@type\":\"ListItem\",\"position\":1,\"name\":\"In\u00edcio\",\"item\":\"https:\/\/www.repam.net\/pt\/\"},{\"@type\":\"ListItem\",\"position\":2,\"name\":\"N\u00facleos Tem\u00e1ticos\",\"item\":\"https:\/\/www.repam.net\/pt\/nucleos-tematicos\/\"},{\"@type\":\"ListItem\",\"position\":3,\"name\":\"Comunica\u00e7\u00e3o para a Transforma\u00e7\u00e3o Social\"}]},{\"@type\":\"WebSite\",\"@id\":\"https:\/\/www.repam.net\/pt\/#website\",\"url\":\"https:\/\/www.repam.net\/pt\/\",\"name\":\"Repam\",\"description\":\"Rede Eclesial Pan-amaz\u00f4nica\",\"publisher\":{\"@id\":\"https:\/\/www.repam.net\/pt\/#organization\"},\"potentialAction\":[{\"@type\":\"SearchAction\",\"target\":{\"@type\":\"EntryPoint\",\"urlTemplate\":\"https:\/\/www.repam.net\/pt\/?s={search_term_string}\"},\"query-input\":{\"@type\":\"PropertyValueSpecification\",\"valueRequired\":true,\"valueName\":\"search_term_string\"}}],\"inLanguage\":\"pt-BR\"},{\"@type\":\"Organization\",\"@id\":\"https:\/\/www.repam.net\/pt\/#organization\",\"name\":\"Repam\",\"url\":\"https:\/\/www.repam.net\/pt\/\",\"logo\":{\"@type\":\"ImageObject\",\"inLanguage\":\"pt-BR\",\"@id\":\"https:\/\/www.repam.net\/pt\/#\/schema\/logo\/image\/\",\"url\":\"https:\/\/www.repam.net\/pt\/wp-content\/uploads\/2022\/02\/15.-REPAM-BRASIL.jpg\",\"contentUrl\":\"https:\/\/www.repam.net\/pt\/wp-content\/uploads\/2022\/02\/15.-REPAM-BRASIL.jpg\",\"width\":231,\"height\":230,\"caption\":\"Repam\"},\"image\":{\"@id\":\"https:\/\/www.repam.net\/pt\/#\/schema\/logo\/image\/\"}}]}<\/script>\n<!-- \/ Yoast SEO plugin. -->","yoast_head_json":{"title":"Comunica\u00e7\u00e3o para a Transforma\u00e7\u00e3o Social - Repam","robots":{"index":"index","follow":"follow","max-snippet":"max-snippet:-1","max-image-preview":"max-image-preview:large","max-video-preview":"max-video-preview:-1"},"canonical":"https:\/\/www.repam.net\/pt\/nucleos-tematicos\/comunicacao-para-a-transformacao-social\/","og_locale":"pt_BR","og_type":"article","og_title":"Comunica\u00e7\u00e3o para a Transforma\u00e7\u00e3o Social - Repam","og_description":"\u00c0 luz do processo de &#8220;formar uma Igreja com rosto amaz\u00f4nico&#8221;, queremos gerar uma comunica\u00e7\u00e3o transformadora capaz de fortalecer os processos eclesiais no Panam\u00e1, no acompanhamento e proximidade com os povos, na constru\u00e7\u00e3o de processos comunicativos sociais, culturais, ecol\u00f3gicos e pastorais na defesa e cuidado da vida, das culturas e de uma ecologia integral. OBJETIVOS [&hellip;]","og_url":"https:\/\/www.repam.net\/pt\/nucleos-tematicos\/comunicacao-para-a-transformacao-social\/","og_site_name":"Repam","article_modified_time":"2025-11-05T17:01:58+00:00","og_image":[{"width":1280,"height":720,"url":"https:\/\/www.repam.net\/pt\/wp-content\/uploads\/2025\/08\/Comunicacion-web-edited.jpg","type":"image\/jpeg"}],"twitter_card":"summary_large_image","twitter_misc":{"Est. tempo de leitura":"2 minutos"},"schema":{"@context":"https:\/\/schema.org","@graph":[{"@type":"WebPage","@id":"https:\/\/www.repam.net\/pt\/nucleos-tematicos\/comunicacao-para-a-transformacao-social\/","url":"https:\/\/www.repam.net\/pt\/nucleos-tematicos\/comunicacao-para-a-transformacao-social\/","name":"Comunica\u00e7\u00e3o para a Transforma\u00e7\u00e3o Social - Repam","isPartOf":{"@id":"https:\/\/www.repam.net\/pt\/#website"},"primaryImageOfPage":{"@id":"https:\/\/www.repam.net\/pt\/nucleos-tematicos\/comunicacao-para-a-transformacao-social\/#primaryimage"},"image":{"@id":"https:\/\/www.repam.net\/pt\/nucleos-tematicos\/comunicacao-para-a-transformacao-social\/#primaryimage"},"thumbnailUrl":"https:\/\/www.repam.net\/pt\/wp-content\/uploads\/2025\/08\/Comunicacion-web-edited.jpg","datePublished":"2022-03-18T20:22:35+00:00","dateModified":"2025-11-05T17:01:58+00:00","breadcrumb":{"@id":"https:\/\/www.repam.net\/pt\/nucleos-tematicos\/comunicacao-para-a-transformacao-social\/#breadcrumb"},"inLanguage":"pt-BR","potentialAction":[{"@type":"ReadAction","target":["https:\/\/www.repam.net\/pt\/nucleos-tematicos\/comunicacao-para-a-transformacao-social\/"]}]},{"@type":"ImageObject","inLanguage":"pt-BR","@id":"https:\/\/www.repam.net\/pt\/nucleos-tematicos\/comunicacao-para-a-transformacao-social\/#primaryimage","url":"https:\/\/www.repam.net\/pt\/wp-content\/uploads\/2025\/08\/Comunicacion-web-edited.jpg","contentUrl":"https:\/\/www.repam.net\/pt\/wp-content\/uploads\/2025\/08\/Comunicacion-web-edited.jpg","width":1280,"height":720},{"@type":"BreadcrumbList","@id":"https:\/\/www.repam.net\/pt\/nucleos-tematicos\/comunicacao-para-a-transformacao-social\/#breadcrumb","itemListElement":[{"@type":"ListItem","position":1,"name":"In\u00edcio","item":"https:\/\/www.repam.net\/pt\/"},{"@type":"ListItem","position":2,"name":"N\u00facleos Tem\u00e1ticos","item":"https:\/\/www.repam.net\/pt\/nucleos-tematicos\/"},{"@type":"ListItem","position":3,"name":"Comunica\u00e7\u00e3o para a Transforma\u00e7\u00e3o Social"}]},{"@type":"WebSite","@id":"https:\/\/www.repam.net\/pt\/#website","url":"https:\/\/www.repam.net\/pt\/","name":"Repam","description":"Rede Eclesial Pan-amaz\u00f4nica","publisher":{"@id":"https:\/\/www.repam.net\/pt\/#organization"},"potentialAction":[{"@type":"SearchAction","target":{"@type":"EntryPoint","urlTemplate":"https:\/\/www.repam.net\/pt\/?s={search_term_string}"},"query-input":{"@type":"PropertyValueSpecification","valueRequired":true,"valueName":"search_term_string"}}],"inLanguage":"pt-BR"},{"@type":"Organization","@id":"https:\/\/www.repam.net\/pt\/#organization","name":"Repam","url":"https:\/\/www.repam.net\/pt\/","logo":{"@type":"ImageObject","inLanguage":"pt-BR","@id":"https:\/\/www.repam.net\/pt\/#\/schema\/logo\/image\/","url":"https:\/\/www.repam.net\/pt\/wp-content\/uploads\/2022\/02\/15.-REPAM-BRASIL.jpg","contentUrl":"https:\/\/www.repam.net\/pt\/wp-content\/uploads\/2022\/02\/15.-REPAM-BRASIL.jpg","width":231,"height":230,"caption":"Repam"},"image":{"@id":"https:\/\/www.repam.net\/pt\/#\/schema\/logo\/image\/"}}]}},"_links":{"self":[{"href":"https:\/\/www.repam.net\/pt\/wp-json\/wp\/v2\/pages\/894","targetHints":{"allow":["GET"]}}],"collection":[{"href":"https:\/\/www.repam.net\/pt\/wp-json\/wp\/v2\/pages"}],"about":[{"href":"https:\/\/www.repam.net\/pt\/wp-json\/wp\/v2\/types\/page"}],"author":[{"embeddable":true,"href":"https:\/\/www.repam.net\/pt\/wp-json\/wp\/v2\/users\/1"}],"replies":[{"embeddable":true,"href":"https:\/\/www.repam.net\/pt\/wp-json\/wp\/v2\/comments?post=894"}],"version-history":[{"count":3,"href":"https:\/\/www.repam.net\/pt\/wp-json\/wp\/v2\/pages\/894\/revisions"}],"predecessor-version":[{"id":3877,"href":"https:\/\/www.repam.net\/pt\/wp-json\/wp\/v2\/pages\/894\/revisions\/3877"}],"up":[{"embeddable":true,"href":"https:\/\/www.repam.net\/pt\/wp-json\/wp\/v2\/pages\/39"}],"wp:attachment":[{"href":"https:\/\/www.repam.net\/pt\/wp-json\/wp\/v2\/media?parent=894"}],"curies":[{"name":"wp","href":"https:\/\/api.w.org\/{rel}","templated":true}]}}